{"id":12819,"date":"2018-07-20T10:58:41","date_gmt":"2018-07-20T09:58:41","guid":{"rendered":"http:\/\/freon-elagage.com\/professionnel\/?page_id=12819"},"modified":"2018-08-17T08:18:02","modified_gmt":"2018-08-17T07:18:02","slug":"mentions-legales","status":"publish","type":"page","link":"https:\/\/freon-elagage.com\/professionnel\/mentions-legales\/","title":{"rendered":"Mentions L\u00e9gales"},"content":{"rendered":"<p><div class=\"fusion-fullwidth fullwidth-box fusion-builder-row-1 nonhundred-percent-fullwidth non-hundred-percent-height-scrolling\" style=\"--awb-border-radius-top-left:0px;--awb-border-radius-top-right:0px;--awb-border-radius-bottom-right:0px;--awb-border-radius-bottom-left:0px;--awb-padding-top:20px;--awb-flex-wrap:wrap;\" ><div class=\"fusion-builder-row fusion-row\"><div class=\"fusion-layout-column fusion_builder_column fusion-builder-column-0 fusion_builder_column_1_1 1_1 fusion-one-full fusion-column-first fusion-column-last\" style=\"--awb-bg-size:cover;\"><div class=\"fusion-column-wrapper fusion-flex-column-wrapper-legacy\"><div class=\"fusion-title title fusion-title-1 fusion-title-text fusion-title-size-one\"><h1 class=\"fusion-title-heading title-heading-left\" style=\"margin:0;\">Mentions l\u00e9gales<\/h1><span class=\"awb-title-spacer\"><\/span><div class=\"title-sep-container\"><div class=\"title-sep sep-single sep-solid\" style=\"border-color:#e0dede;\"><\/div><\/div><\/div><div class=\"fusion-clearfix\"><\/div><\/div><\/div><\/div><\/div><div class=\"fusion-fullwidth fullwidth-box fusion-builder-row-2 mentions nonhundred-percent-fullwidth non-hundred-percent-height-scrolling\" style=\"--awb-border-radius-top-left:0px;--awb-border-radius-top-right:0px;--awb-border-radius-bottom-right:0px;--awb-border-radius-bottom-left:0px;--awb-flex-wrap:wrap;\" ><div class=\"fusion-builder-row fusion-row\"><div class=\"fusion-layout-column fusion_builder_column fusion-builder-column-1 fusion_builder_column_1_1 1_1 fusion-one-full fusion-column-first fusion-column-last\" style=\"--awb-bg-size:cover;\"><div class=\"fusion-column-wrapper fusion-flex-column-wrapper-legacy\"><div class=\"fusion-text fusion-text-1\"><div class=\"fusion-text\">\n<div class=\"wpb_column vc_column_container text-left vc_col-sm-8\">\n<div class=\"vc_column-inner \">\n<div class=\"wpb_wrapper\">\n<div class=\"wpb_text_column wpb_content_element \">\n<div class=\"wpb_wrapper\">\n<h2>EDITEUR DU SITE<\/h2>\n<p><strong>JEAN FR\u00c9ON \u00c9lagage<\/strong><br \/>\nLes Vall\u00e9es 61270 AUBE <br \/>\nEmail : jean-freon[@]freon-elagage.com<br \/>\nSite Web : www.freon-elagage.com<\/p>\n<h2>DIRECTEUR DE PUBLICATION<\/h2>\n<p>Mr Jean Fr\u00e9on<\/p>\n<h2>H\u00c9BERGEUR<\/h2>\n<div><strong>1&amp;1 Internet SARL<\/strong><\/div>\n<div>7, place de la Gare<\/div>\n<div>BP 70109<\/div>\n<div>57201 Sarreguemines Cedex<\/div>\n<h1>CONDITIONS G\u00c9N\u00c9RALES D\u2019UTILISATION<\/h1>\n<h4><strong>PR\u00c9SENTATION DU SITE<\/strong><\/h4>\n<p>Le site <strong>freon-elagage.com<\/strong> a pour objet de fournir toutes les informations concernant l\u2019ensemble des activit\u00e9s de la soci\u00e9t\u00e9 <strong>JEAN FR\u00c9ON \u00c9lagage<\/strong>.<\/p>\n<h4><strong>PROPRI\u00c9T\u00c9 INTELLECTUELLE<\/strong><\/h4>\n<p>Les marques, logos, visuels et tout autre contenu du site font l\u2019objet d\u2019une protection par le Code de la propri\u00e9t\u00e9 intellectuelle et plus particuli\u00e8rement par le droit d\u2019auteur.<br \/>\nL\u2019utilisateur sollicite l\u2019autorisation pr\u00e9alable de l\u2019\u00e9diteur pour toute reproduction, publication, copie des diff\u00e9rents contenus.<br \/>\nUne utilisation des contenus \u00e0 des fins commerciales est strictement interdite.<\/p>\n<h4><strong>LIENS HYPERTEXTES<\/strong><\/h4>\n<p>De nombreux liens hypertextes sortants sont pr\u00e9sents sur le site, cependant les pages web o\u00f9 m\u00e8nent ces liens n\u2019engagent en rien la responsabilit\u00e9 des <strong>JEAN FR\u00c9ON \u00c9lagage<\/strong> qui n\u2019a pas le contr\u00f4le de ces liens.<br \/>\nAucune autorisation ou demande d\u2019information pr\u00e9alable n\u2019est n\u00e9cessaire pour \u00e9tablir un lien vers le site de l\u2019\u00e9diteur.<br \/>\nL\u2019\u00e9diteur se r\u00e9serve le droit de demander la suppression d\u2019un lien qu\u2019il estime non conforme \u00e0 l\u2019objet du site.<\/p>\n<h4><strong>RESPONSABILIT\u00c9 DE L\u2019\u00c9DITEUR<\/strong><\/h4>\n<p>Les sources des informations diffus\u00e9es sur le site sont r\u00e9put\u00e9es fiables. Toutefois, le site se r\u00e9serve la facult\u00e9 d\u2019une non-garantie de la fiabilit\u00e9 des sources. Les informations donn\u00e9es sur le site le sont \u00e0 titre purement informatif.<br \/>\nLes informations et\/ou documents disponibles sur ce site sont susceptibles d\u2019\u00eatre modifi\u00e9s \u00e0 tout moment, et peuvent avoir fait l\u2019objet de mises \u00e0 jour.<\/p>\n<h4><strong>MODIFICATION DES CONDITIONS D\u2019UTILISATION<\/strong><\/h4>\n<p>Le site se r\u00e9serve \u00e0 tout moment le droit de modifier les clauses stipul\u00e9es dans le pr\u00e9sent contrat.<\/p>\n<p><span id=\"conf\"><\/span><\/p>\n<h1>POLITIQUE DE CONFIDENTIALIT\u00c9<\/h1>\n<h4><strong>DONN\u00c9ES R\u00c9COLT\u00c9ES ET FINALIT\u00c9S DE TRAITEMENT<\/strong><\/h4>\n<p><strong>Formulaire de contact<br \/>\n<\/strong>Le site <strong>freon-elagage.com<\/strong> collecte le nom, pr\u00e9nom, soci\u00e9t\u00e9, adresse, ville, code postal, t\u00e9l\u00e9phone et\/ou portable, courriel et documents (pfd, image, fichier texte). La saisie de ces donn\u00e9es est n\u00e9cessaire afin de pouvoir \u00e9tudier votre demande et vous contacter.<\/p>\n<p><strong>Statistiques et mesures d\u2019audience<br \/>\n<\/strong>Aucun cookie de mesure ou de suivi n\u2019est install\u00e9 sur votre ordinateur, except\u00e9 sur les pages contenant des contenus ext\u00e9rieurs (vid\u00e9o, carte interactive ).<\/p>\n<h4><strong>CONTENU EMBARQU\u00c9 DEPUIS GOOGLE<\/strong><\/h4>\n<p>Ce site inclut des contenus int\u00e9gr\u00e9s : Vid\u00e9os (Youtube), Carte Interactive (Google Map) .<br \/>\nCes contenus peuvent collecter des donn\u00e9es sur vous, utiliser des cookies, embarquer des outils de suivis tiers, suivre vos interactions avec ces contenus embarqu\u00e9s si vous disposez d\u2019un compte connect\u00e9 sur leur site web.<\/p>\n<h4><strong>DUR\u00c9ES DE STOCKAGE DE VOS DONN\u00c9ES<\/strong><\/h4>\n<p>La soci\u00e9t\u00e9 <strong>JEAN FR\u00c9ON \u00c9lagage<\/strong> s\u2019engage \u00e0 conserver vos donn\u00e9es personnelles, sauf obligation l\u00e9gale ou r\u00e9glementaire contraire, pour une dur\u00e9e maximale de trois ans \u00e0 compter du dernier contact avec l\u2019internaute, qu\u2019il soit \u00e0 l\u2019initiative de la soci\u00e9t\u00e9\u00a0<strong>FR\u00c9ON \u00c9lagage<\/strong> ou de l\u2019internaute.<br \/>\nA l\u2019issue de cette dur\u00e9e ou en cas d\u2019exercice de vos droits, la soci\u00e9t\u00e9 <strong>JEAN FR\u00c9ON \u00c9lagage<\/strong> s\u2019engage \u00e0 d\u00e9truire toute copie des donn\u00e9es personnelles des internautes qu\u2019il d\u00e9tiendrait.<\/p>\n<h4><strong>TRANSMISSION DE VOS DONN\u00c9ES PERSONNELLES<\/strong><\/h4>\n<p>Aucunes donn\u00e9es ne sont transmises \u00e0 un tiers. Seule notre soci\u00e9t\u00e9 est destinataire des informations que vous lui communiquez.<\/p>\n<h4><strong>COMMENT NOUS PROT\u00c9GEONS VOS DONN\u00c9ES<\/strong><\/h4>\n<p>La soci\u00e9t\u00e9\u00a0<strong>JEAN FR\u00c9ON \u00c9lagage<\/strong> s\u2019engage, au titre de son obligation de moyens, \u00e0 prendre toutes les pr\u00e9cautions utiles et met en \u0153uvre des mesures techniques et organisationnelles appropri\u00e9es en la mati\u00e8re pour garantir un niveau de s\u00e9curit\u00e9 adapt\u00e9 et pour prot\u00e9ger vos donn\u00e9es personnelles contre les alt\u00e9rations, destructions et acc\u00e8s non autoris\u00e9s.<\/p>\n<h4><strong>VOS DROITS<\/strong><\/h4>\n<p>Vous pouvez demander l\u2019acc\u00e8s, la modification, le transfert \u00e0 un tiers ou la suppression de vos donn\u00e9es personnelles via le formulaire de <a href=\"\/modification-desinscription\/\">modification\/d\u00e9sinscription<\/a>.<\/p>\n<h4><strong>PROC\u00c9DURES MISES EN \u0152UVRE EN CAS DE FUITE DE DONN\u00c9ES<\/strong><\/h4>\n<p>Conform\u00e9ment \u00e0 la proc\u00e9dure pr\u00e9vue par le r\u00e8glement g\u00e9n\u00e9ral sur la protection des donn\u00e9es en cas de fuite ou d\u2019anomalie concernant vos donn\u00e9es personnelles en notre possession, nous informerons la <strong>CNIL<\/strong>, et nous vous avertirons de la nature des donn\u00e9es ayant fuit\u00e9es et du risque qui peut \u00eatre engendr\u00e9 si cela peut entamer vos droits et libert\u00e9s (donn\u00e9es sensibles) dans un d\u00e9lai maximal de <strong>72 heures<\/strong> apr\u00e8s constat de du probl\u00e8me.<\/p>\n<p><span id=\"cook\"><\/span><\/p>\n<h1>COOKIES<\/h1>\n<p>La navigation sur le site entraine l\u2019installation de cookies sur votre ordinateur. Les donn\u00e9es obtenues par le biais de ces cookies visent \u00e0 faciliter la navigation ult\u00e9rieure.<\/p>\n<p><strong>Cookie du site :<\/strong> privacy_embeds sert \u00e0 la gestion de l\u2019affichage de la barre d\u2019information sur les cookies. Dur\u00e9e de validit\u00e9 du cookie : 30 jours.<br \/>\n<strong>Cookies des contenus embarqu\u00e9s depuis Google :<\/strong> Youtube, GoogleMap servent \u00e0 la gestion des services. <a href=\"https:\/\/policies.google.com\/technologies\/partner-sites?hl=fr\" target=\"_blank\" rel=\"noopener\">Informations compl\u00e9mentaires<\/a> (site Google).<\/p>\n<p>Vous pouvez \u00e0 tout moment choisir de d\u00e9sactiver les cookies en s\u00e9lectionnant les param\u00e8tres appropri\u00e9s de votre navigateur. La d\u00e9sactivation de certains cookies peut perturber la navigation sur le site.<\/p>\n<p><strong>Param\u00e9trage de votre navigateur Internet<\/strong><br \/>\n\u2022 Gestion des cookies sur <a href=\"https:\/\/support.microsoft.com\/fr-fr\/help\/17442\/windows-internet-explorer-delete-manage-cookies\" target=\"_blank\" rel=\"noopener\">Internet Explorer<\/a><br \/>\n\u2022 Gestion des cookies sur <a href=\"https:\/\/support.mozilla.org\/fr\/kb\/activer-desactiver-cookies-preferences?redirectlocale=fr&amp;redirectslug=activer-desactiver-cookies\" target=\"_blank\" rel=\"noopener\">Mozilla Firefox<\/a><br \/>\n\u2022 Gestion des cookies sur <a href=\"https:\/\/support.google.com\/chrome\/answer\/95647?co=GENIE.Platform%3DDesktop&amp;hl=fr\" target=\"_blank\" rel=\"noopener\">Google Chrome<\/a><br \/>\n\u2022 Gestion des cookies sur <a href=\"https:\/\/support.apple.com\/kb\/PH21411?locale=fr_FR\" target=\"_blank\" rel=\"noopener\">Safari<\/a><br \/>\n\u2022 Gestion des cookies sur <a href=\"https:\/\/help.opera.com\/en\/latest\/web-preferences\/\" target=\"_blank\" rel=\"noopener\">Op\u00e9ra<\/a><\/p>\n<p><strong>En savoir plus<br \/>\n<\/strong>Plus d\u2019information sur les cookies sur le <a href=\"https:\/\/www.cnil.fr\/fr\/cookies-les-outils-pour-les-maitriser\" target=\"_blank\" rel=\"noopener\">site de la CNIL<\/a><\/p>\n<\/div>\n<\/div>\n<\/div>\n<\/div>\n<\/div>\n<\/div>\n<\/div><div class=\"fusion-clearfix\"><\/div><\/div><\/div><\/div><\/div><\/p>\n","protected":false},"excerpt":{"rendered":"","protected":false},"author":2,"featured_media":0,"parent":0,"menu_order":0,"comment_status":"closed","ping_status":"closed","template":"","meta":{"footnotes":""},"yoast_head":"<!-- This site is optimized with the Yoast SEO plugin v22.4 - https:\/\/yoast.com\/wordpress\/plugins\/seo\/ -->\n<title>Mentions L\u00e9gales - JEAN FREON ELAGAGE<\/title>\n<meta name=\"robots\" content=\"index, follow, max-snippet:-1, max-image-preview:large, max-video-preview:-1\" \/>\n<link rel=\"canonical\" href=\"https:\/\/freon-elagage.com\/professionnel\/mentions-legales\/\" \/>\n<meta property=\"og:locale\" content=\"fr_FR\" \/>\n<meta property=\"og:type\" content=\"article\" \/>\n<meta property=\"og:title\" content=\"Mentions L\u00e9gales - JEAN FREON ELAGAGE\" \/>\n<meta property=\"og:url\" content=\"https:\/\/freon-elagage.com\/professionnel\/mentions-legales\/\" \/>\n<meta property=\"og:site_name\" content=\"JEAN FREON ELAGAGE\" \/>\n<meta property=\"article:publisher\" content=\"https:\/\/www.facebook.com\/jeanfreonelagage\/\" \/>\n<meta property=\"article:modified_time\" content=\"2018-08-17T07:18:02+00:00\" \/>\n<meta name=\"twitter:label1\" content=\"Dur\u00e9e de lecture estim\u00e9e\" \/>\n\t<meta name=\"twitter:data1\" content=\"7 minutes\" \/>\n<script type=\"application\/ld+json\" class=\"yoast-schema-graph\">{\"@context\":\"https:\/\/schema.org\",\"@graph\":[{\"@type\":\"WebPage\",\"@id\":\"https:\/\/freon-elagage.com\/professionnel\/mentions-legales\/\",\"url\":\"https:\/\/freon-elagage.com\/professionnel\/mentions-legales\/\",\"name\":\"Mentions L\u00e9gales - JEAN FREON ELAGAGE\",\"isPartOf\":{\"@id\":\"https:\/\/freon-elagage.com\/professionnel\/#website\"},\"datePublished\":\"2018-07-20T09:58:41+00:00\",\"dateModified\":\"2018-08-17T07:18:02+00:00\",\"breadcrumb\":{\"@id\":\"https:\/\/freon-elagage.com\/professionnel\/mentions-legales\/#breadcrumb\"},\"inLanguage\":\"fr-FR\",\"potentialAction\":[{\"@type\":\"ReadAction\",\"target\":[\"https:\/\/freon-elagage.com\/professionnel\/mentions-legales\/\"]}]},{\"@type\":\"BreadcrumbList\",\"@id\":\"https:\/\/freon-elagage.com\/professionnel\/mentions-legales\/#breadcrumb\",\"itemListElement\":[{\"@type\":\"ListItem\",\"position\":1,\"name\":\"Accueil\",\"item\":\"https:\/\/freon-elagage.com\/professionnel\/\"},{\"@type\":\"ListItem\",\"position\":2,\"name\":\"Mentions L\u00e9gales\"}]},{\"@type\":\"WebSite\",\"@id\":\"https:\/\/freon-elagage.com\/professionnel\/#website\",\"url\":\"https:\/\/freon-elagage.com\/professionnel\/\",\"name\":\"JEAN FREON ELAGAGE\",\"description\":\"Elagage pour professionnels et particuliers\",\"potentialAction\":[{\"@type\":\"SearchAction\",\"target\":{\"@type\":\"EntryPoint\",\"urlTemplate\":\"https:\/\/freon-elagage.com\/professionnel\/?s={search_term_string}\"},\"query-input\":\"required name=search_term_string\"}],\"inLanguage\":\"fr-FR\"}]}<\/script>\n<!-- \/ Yoast SEO plugin. -->","yoast_head_json":{"title":"Mentions L\u00e9gales - JEAN FREON ELAGAGE","robots":{"index":"index","follow":"follow","max-snippet":"max-snippet:-1","max-image-preview":"max-image-preview:large","max-video-preview":"max-video-preview:-1"},"canonical":"https:\/\/freon-elagage.com\/professionnel\/mentions-legales\/","og_locale":"fr_FR","og_type":"article","og_title":"Mentions L\u00e9gales - JEAN FREON ELAGAGE","og_url":"https:\/\/freon-elagage.com\/professionnel\/mentions-legales\/","og_site_name":"JEAN FREON ELAGAGE","article_publisher":"https:\/\/www.facebook.com\/jeanfreonelagage\/","article_modified_time":"2018-08-17T07:18:02+00:00","twitter_misc":{"Dur\u00e9e de lecture estim\u00e9e":"7 minutes"},"schema":{"@context":"https:\/\/schema.org","@graph":[{"@type":"WebPage","@id":"https:\/\/freon-elagage.com\/professionnel\/mentions-legales\/","url":"https:\/\/freon-elagage.com\/professionnel\/mentions-legales\/","name":"Mentions L\u00e9gales - JEAN FREON ELAGAGE","isPartOf":{"@id":"https:\/\/freon-elagage.com\/professionnel\/#website"},"datePublished":"2018-07-20T09:58:41+00:00","dateModified":"2018-08-17T07:18:02+00:00","breadcrumb":{"@id":"https:\/\/freon-elagage.com\/professionnel\/mentions-legales\/#breadcrumb"},"inLanguage":"fr-FR","potentialAction":[{"@type":"ReadAction","target":["https:\/\/freon-elagage.com\/professionnel\/mentions-legales\/"]}]},{"@type":"BreadcrumbList","@id":"https:\/\/freon-elagage.com\/professionnel\/mentions-legales\/#breadcrumb","itemListElement":[{"@type":"ListItem","position":1,"name":"Accueil","item":"https:\/\/freon-elagage.com\/professionnel\/"},{"@type":"ListItem","position":2,"name":"Mentions L\u00e9gales"}]},{"@type":"WebSite","@id":"https:\/\/freon-elagage.com\/professionnel\/#website","url":"https:\/\/freon-elagage.com\/professionnel\/","name":"JEAN FREON ELAGAGE","description":"Elagage pour professionnels et particuliers","potentialAction":[{"@type":"SearchAction","target":{"@type":"EntryPoint","urlTemplate":"https:\/\/freon-elagage.com\/professionnel\/?s={search_term_string}"},"query-input":"required name=search_term_string"}],"inLanguage":"fr-FR"}]}},"_links":{"self":[{"href":"https:\/\/freon-elagage.com\/professionnel\/wp-json\/wp\/v2\/pages\/12819"}],"collection":[{"href":"https:\/\/freon-elagage.com\/professionnel\/wp-json\/wp\/v2\/pages"}],"about":[{"href":"https:\/\/freon-elagage.com\/professionnel\/wp-json\/wp\/v2\/types\/page"}],"author":[{"embeddable":true,"href":"https:\/\/freon-elagage.com\/professionnel\/wp-json\/wp\/v2\/users\/2"}],"replies":[{"embeddable":true,"href":"https:\/\/freon-elagage.com\/professionnel\/wp-json\/wp\/v2\/comments?post=12819"}],"version-history":[{"count":9,"href":"https:\/\/freon-elagage.com\/professionnel\/wp-json\/wp\/v2\/pages\/12819\/revisions"}],"predecessor-version":[{"id":12863,"href":"https:\/\/freon-elagage.com\/professionnel\/wp-json\/wp\/v2\/pages\/12819\/revisions\/12863"}],"wp:attachment":[{"href":"https:\/\/freon-elagage.com\/professionnel\/wp-json\/wp\/v2\/media?parent=12819"}],"curies":[{"name":"wp","href":"https:\/\/api.w.org\/{rel}","templated":true}]}}