{"id":12665,"date":"2018-05-25T09:51:22","date_gmt":"2018-05-25T08:51:22","guid":{"rendered":"http:\/\/freon-elagage.com\/professionnel\/?page_id=12665"},"modified":"2019-09-03T13:54:05","modified_gmt":"2019-09-03T12:54:05","slug":"les-cribleurs-a-copeaux","status":"publish","type":"page","link":"https:\/\/freon-elagage.com\/professionnel\/les-cribleurs-a-copeaux\/","title":{"rendered":"Les cribleurs de copeaux"},"content":{"rendered":"<p><div class=\"fusion-fullwidth fullwidth-box fusion-builder-row-1 nonhundred-percent-fullwidth non-hundred-percent-height-scrolling\" style=\"--awb-background-position:left top;--awb-border-radius-top-left:0px;--awb-border-radius-top-right:0px;--awb-border-radius-bottom-right:0px;--awb-border-radius-bottom-left:0px;--awb-padding-top:20px;--awb-padding-bottom:10px;--awb-border-sizes-top:0px;--awb-border-sizes-bottom:0px;--awb-flex-wrap:wrap;\" ><div class=\"fusion-builder-row fusion-row\"><div class=\"fusion-layout-column fusion_builder_column fusion-builder-column-0 fusion_builder_column_1_1 1_1 fusion-one-full fusion-column-first fusion-column-last fusion-column-no-min-height\" style=\"--awb-bg-size:cover;--awb-margin-bottom:0px;\"><div class=\"fusion-column-wrapper fusion-flex-column-wrapper-legacy\"><div class=\"fusion-title title fusion-title-1 fusion-title-text fusion-title-size-one\"><h1 class=\"fusion-title-heading title-heading-left\" style=\"margin:0;\">Les cribleurs de copeaux<\/h1><span class=\"awb-title-spacer\"><\/span><div class=\"title-sep-container\"><div class=\"title-sep sep-single sep-solid\" style=\"border-color:#e0dede;\"><\/div><\/div><\/div><div class=\"fusion-clearfix\"><\/div><\/div><\/div><\/div><\/div><div class=\"fusion-fullwidth fullwidth-box fusion-builder-row-2 nonhundred-percent-fullwidth non-hundred-percent-height-scrolling\" style=\"--awb-background-position:left top;--awb-border-radius-top-left:0px;--awb-border-radius-top-right:0px;--awb-border-radius-bottom-right:0px;--awb-border-radius-bottom-left:0px;--awb-padding-top:0px;--awb-padding-bottom:20px;--awb-border-sizes-top:0px;--awb-border-sizes-bottom:0px;--awb-flex-wrap:wrap;\" ><div class=\"fusion-builder-row fusion-row\"><div class=\"fusion-layout-column fusion_builder_column fusion-builder-column-1 fusion_builder_column_1_1 1_1 fusion-one-full fusion-column-first fusion-column-last\" style=\"--awb-bg-size:cover;\"><div class=\"fusion-column-wrapper fusion-flex-column-wrapper-legacy\"><div class=\"fusion-text fusion-text-1\"><p>Le <strong>cribleur de copeaux &#8220;Doppstadt&#8221;<\/strong> permet plusieurs options de calibrage de nos copeaux de bois. Les copeaux devant \u00eatre calibr\u00e9s sont charg\u00e9s dans une tr\u00e9mie \u00e0 convoyeur hydraulique puis, introduit dans un trommel. Le trommel est rapidement et facilement interchangeable (15 minutes pour l&#8217;op\u00e9rateur) et nous disposons de plusieurs types de maille (diff\u00e9rents diam\u00e8tres 10 mm, 20 mm, 30 mm &#8230;)<\/p>\n<p>La fraction la plus grosse est d\u00e9charg\u00e9e par le tapis arri\u00e8re, la plus petite par le tapis lat\u00e9ral. La s\u00e9paration des m\u00e9taux ferreux se fait gr\u00e2ce \u00e0 un galet d\u00e9ferraillant ou un Overland.<\/p>\n<\/div><div class=\"fusion-image-element fusion-image-align-center in-legacy-container\" style=\"text-align:center;--awb-bottom-shadow-color:rgba(0,0,0,0.4);--awb-caption-title-font-family:var(--h2_typography-font-family);--awb-caption-title-font-weight:var(--h2_typography-font-weight);--awb-caption-title-font-style:var(--h2_typography-font-style);--awb-caption-title-size:var(--h2_typography-font-size);--awb-caption-title-transform:var(--h2_typography-text-transform);--awb-caption-title-line-height:var(--h2_typography-line-height);--awb-caption-title-letter-spacing:var(--h2_typography-letter-spacing);\"><div class=\"imageframe-align-center\"><div class=\"awb-image-frame awb-image-frame-1 fusion-image-frame-bottomshadow image-frame-shadow-1\"><span class=\" fusion-imageframe imageframe-bottomshadow imageframe-1 element-bottomshadow hover-type-none\" id=\"frameimg\"><img decoding=\"async\" width=\"300\" height=\"200\" alt=\"Cribleur de copeaux\" title=\"Cribleur de copeaux\" src=\"http:\/\/s680111133.onlinehome.fr\/professionnel\/wp-content\/uploads\/2019\/04\/Vignette_cribleur-300x200.jpg\" class=\"img-responsive wp-image-13044\" srcset=\"https:\/\/freon-elagage.com\/wp-content\/uploads\/2019\/04\/Vignette_cribleur-200x133.jpg 200w, https:\/\/freon-elagage.com\/wp-content\/uploads\/2019\/04\/Vignette_cribleur.jpg 300w\" sizes=\"(max-width: 800px) 100vw, 300px\" \/><\/span><\/div><\/div><\/div><div class=\"fusion-clearfix\"><\/div><\/div><\/div><\/div><\/div><div class=\"fusion-fullwidth fullwidth-box fusion-builder-row-3 fusion-parallax-fixed nonhundred-percent-fullwidth non-hundred-percent-height-scrolling\" style=\"--awb-background-position:left top;--awb-border-radius-top-left:0px;--awb-border-radius-top-right:0px;--awb-border-radius-bottom-right:0px;--awb-border-radius-bottom-left:0px;--awb-padding-top:30px;--awb-padding-bottom:30px;--awb-background-image:url(&quot;http:\/\/s680111133.onlinehome.fr\/professionnel\/wp-content\/uploads\/2015\/10\/bgmat1.jpg&quot;);--awb-background-size:cover;--awb-flex-wrap:wrap;background-attachment:fixed;\" ><div class=\"fusion-builder-row fusion-row\"><div class=\"fusion-layout-column fusion_builder_column fusion-builder-column-2 fusion_builder_column_1_1 1_1 fusion-one-full fusion-column-first fusion-column-last fusion-column-no-min-height\" style=\"--awb-bg-size:cover;--awb-margin-bottom:0px;\"><div class=\"fusion-column-wrapper fusion-flex-column-wrapper-legacy\"><div class=\"awb-gallery-wrapper awb-gallery-wrapper-1 button-span-no\"><div style=\"margin:-5px;--awb-bordersize:0px;\" class=\"fusion-gallery fusion-gallery-container fusion-grid-4 fusion-columns-total-7 fusion-gallery-layout-grid fusion-gallery-1\"><div style=\"padding:5px;\" class=\"fusion-grid-column fusion-gallery-column fusion-gallery-column-4 hover-type-none\"><div class=\"fusion-gallery-image\"><a href=\"https:\/\/freon-elagage.com\/wp-content\/uploads\/2019\/04\/cribleur_de_copeaux_01.jpg\" rel=\"noreferrer\" data-rel=\"iLightbox[gallery_image_1]\" class=\"fusion-lightbox\" target=\"_self\"><img decoding=\"async\" src=\"https:\/\/freon-elagage.com\/wp-content\/uploads\/2019\/04\/cribleur_de_copeaux_01.jpg\" width=\"1600\" height=\"960\" alt=\"Cribleur de copeaux\" title=\"Cribleur de copeaux\" aria-label=\"Cribleur de copeaux\" class=\"img-responsive wp-image-13046\" srcset=\"https:\/\/freon-elagage.com\/wp-content\/uploads\/2019\/04\/cribleur_de_copeaux_01-200x120.jpg 200w, https:\/\/freon-elagage.com\/wp-content\/uploads\/2019\/04\/cribleur_de_copeaux_01-400x240.jpg 400w, https:\/\/freon-elagage.com\/wp-content\/uploads\/2019\/04\/cribleur_de_copeaux_01-600x360.jpg 600w, https:\/\/freon-elagage.com\/wp-content\/uploads\/2019\/04\/cribleur_de_copeaux_01-800x480.jpg 800w, https:\/\/freon-elagage.com\/wp-content\/uploads\/2019\/04\/cribleur_de_copeaux_01-1200x720.jpg 1200w, https:\/\/freon-elagage.com\/wp-content\/uploads\/2019\/04\/cribleur_de_copeaux_01.jpg 1600w\" sizes=\"(min-width: 2200px) 100vw, (min-width: 856px) 271px, (min-width: 784px) 362px, (min-width: 712px) 543px, (min-width: 640px) 712px, \" \/><\/a><\/div><\/div><div style=\"padding:5px;\" class=\"fusion-grid-column fusion-gallery-column fusion-gallery-column-4 hover-type-none\"><div class=\"fusion-gallery-image\"><a href=\"https:\/\/freon-elagage.com\/wp-content\/uploads\/2019\/04\/cribleur_de_copeaux_02.jpg\" rel=\"noreferrer\" data-rel=\"iLightbox[gallery_image_1]\" class=\"fusion-lightbox\" target=\"_self\"><img decoding=\"async\" src=\"https:\/\/freon-elagage.com\/wp-content\/uploads\/2019\/04\/cribleur_de_copeaux_02.jpg\" width=\"1600\" height=\"960\" alt=\"Cribleur de copeaux\" title=\"Cribleur de copeaux\" aria-label=\"Cribleur de copeaux\" class=\"img-responsive wp-image-13047\" srcset=\"https:\/\/freon-elagage.com\/wp-content\/uploads\/2019\/04\/cribleur_de_copeaux_02-200x120.jpg 200w, https:\/\/freon-elagage.com\/wp-content\/uploads\/2019\/04\/cribleur_de_copeaux_02-400x240.jpg 400w, https:\/\/freon-elagage.com\/wp-content\/uploads\/2019\/04\/cribleur_de_copeaux_02-600x360.jpg 600w, https:\/\/freon-elagage.com\/wp-content\/uploads\/2019\/04\/cribleur_de_copeaux_02-800x480.jpg 800w, https:\/\/freon-elagage.com\/wp-content\/uploads\/2019\/04\/cribleur_de_copeaux_02-1200x720.jpg 1200w, https:\/\/freon-elagage.com\/wp-content\/uploads\/2019\/04\/cribleur_de_copeaux_02.jpg 1600w\" sizes=\"(min-width: 2200px) 100vw, (min-width: 856px) 271px, (min-width: 784px) 362px, (min-width: 712px) 543px, (min-width: 640px) 712px, \" \/><\/a><\/div><\/div><div style=\"padding:5px;\" class=\"fusion-grid-column fusion-gallery-column fusion-gallery-column-4 hover-type-none\"><div class=\"fusion-gallery-image\"><a href=\"https:\/\/freon-elagage.com\/wp-content\/uploads\/2019\/04\/cribleur_chargement_3.jpg\" rel=\"noreferrer\" data-rel=\"iLightbox[gallery_image_1]\" class=\"fusion-lightbox\" target=\"_self\"><img decoding=\"async\" src=\"https:\/\/freon-elagage.com\/wp-content\/uploads\/2019\/04\/cribleur_chargement_3.jpg\" width=\"1600\" height=\"960\" alt=\"cribleur chargement\" title=\"cribleur_chargement_3\" aria-label=\"cribleur_chargement_3\" class=\"img-responsive wp-image-13192\" srcset=\"https:\/\/freon-elagage.com\/wp-content\/uploads\/2019\/04\/cribleur_chargement_3-200x120.jpg 200w, https:\/\/freon-elagage.com\/wp-content\/uploads\/2019\/04\/cribleur_chargement_3-400x240.jpg 400w, https:\/\/freon-elagage.com\/wp-content\/uploads\/2019\/04\/cribleur_chargement_3-600x360.jpg 600w, https:\/\/freon-elagage.com\/wp-content\/uploads\/2019\/04\/cribleur_chargement_3-800x480.jpg 800w, https:\/\/freon-elagage.com\/wp-content\/uploads\/2019\/04\/cribleur_chargement_3-1200x720.jpg 1200w, https:\/\/freon-elagage.com\/wp-content\/uploads\/2019\/04\/cribleur_chargement_3.jpg 1600w\" sizes=\"(min-width: 2200px) 100vw, (min-width: 856px) 271px, (min-width: 784px) 362px, (min-width: 712px) 543px, (min-width: 640px) 712px, \" \/><\/a><\/div><\/div><div style=\"padding:5px;\" class=\"fusion-grid-column fusion-gallery-column fusion-gallery-column-4 hover-type-none\"><div class=\"fusion-gallery-image\"><a href=\"https:\/\/freon-elagage.com\/wp-content\/uploads\/2019\/04\/cribleur-_chargement.jpg\" rel=\"noreferrer\" data-rel=\"iLightbox[gallery_image_1]\" class=\"fusion-lightbox\" target=\"_self\"><img decoding=\"async\" src=\"https:\/\/freon-elagage.com\/wp-content\/uploads\/2019\/04\/cribleur-_chargement.jpg\" width=\"1600\" height=\"960\" alt=\"cribleur chargement\" title=\"cribleur  chargement\" aria-label=\"cribleur  chargement\" class=\"img-responsive wp-image-13189\" srcset=\"https:\/\/freon-elagage.com\/wp-content\/uploads\/2019\/04\/cribleur-_chargement-200x120.jpg 200w, https:\/\/freon-elagage.com\/wp-content\/uploads\/2019\/04\/cribleur-_chargement-400x240.jpg 400w, https:\/\/freon-elagage.com\/wp-content\/uploads\/2019\/04\/cribleur-_chargement-600x360.jpg 600w, https:\/\/freon-elagage.com\/wp-content\/uploads\/2019\/04\/cribleur-_chargement-800x480.jpg 800w, https:\/\/freon-elagage.com\/wp-content\/uploads\/2019\/04\/cribleur-_chargement-1200x720.jpg 1200w, https:\/\/freon-elagage.com\/wp-content\/uploads\/2019\/04\/cribleur-_chargement.jpg 1600w\" sizes=\"(min-width: 2200px) 100vw, (min-width: 856px) 271px, (min-width: 784px) 362px, (min-width: 712px) 543px, (min-width: 640px) 712px, \" \/><\/a><\/div><\/div><div class=\"clearfix\"><\/div><div style=\"padding:5px;\" class=\"fusion-grid-column fusion-gallery-column fusion-gallery-column-4 hover-type-none\"><div class=\"fusion-gallery-image\"><a href=\"https:\/\/freon-elagage.com\/wp-content\/uploads\/2019\/04\/cribleur_tri.jpg\" rel=\"noreferrer\" data-rel=\"iLightbox[gallery_image_1]\" class=\"fusion-lightbox\" target=\"_self\"><img decoding=\"async\" src=\"https:\/\/freon-elagage.com\/wp-content\/uploads\/2019\/04\/cribleur_tri.jpg\" width=\"1600\" height=\"960\" alt=\"cribleur tri\" title=\"cribleur tri\" aria-label=\"cribleur tri\" class=\"img-responsive wp-image-13195\" srcset=\"https:\/\/freon-elagage.com\/wp-content\/uploads\/2019\/04\/cribleur_tri-200x120.jpg 200w, https:\/\/freon-elagage.com\/wp-content\/uploads\/2019\/04\/cribleur_tri-400x240.jpg 400w, https:\/\/freon-elagage.com\/wp-content\/uploads\/2019\/04\/cribleur_tri-600x360.jpg 600w, https:\/\/freon-elagage.com\/wp-content\/uploads\/2019\/04\/cribleur_tri-800x480.jpg 800w, https:\/\/freon-elagage.com\/wp-content\/uploads\/2019\/04\/cribleur_tri-1200x720.jpg 1200w, https:\/\/freon-elagage.com\/wp-content\/uploads\/2019\/04\/cribleur_tri.jpg 1600w\" sizes=\"(min-width: 2200px) 100vw, (min-width: 856px) 271px, (min-width: 784px) 362px, (min-width: 712px) 543px, (min-width: 640px) 712px, \" \/><\/a><\/div><\/div><div style=\"padding:5px;\" class=\"fusion-grid-column fusion-gallery-column fusion-gallery-column-4 hover-type-none\"><div class=\"fusion-gallery-image\"><a href=\"https:\/\/freon-elagage.com\/wp-content\/uploads\/2019\/04\/cribleur_commande_2.jpg\" rel=\"noreferrer\" data-rel=\"iLightbox[gallery_image_1]\" class=\"fusion-lightbox\" target=\"_self\"><img decoding=\"async\" src=\"https:\/\/freon-elagage.com\/wp-content\/uploads\/2019\/04\/cribleur_commande_2.jpg\" width=\"1600\" height=\"960\" alt=\"cribleur commande\" title=\"cribleur commande\" aria-label=\"cribleur commande\" class=\"img-responsive wp-image-13194\" srcset=\"https:\/\/freon-elagage.com\/wp-content\/uploads\/2019\/04\/cribleur_commande_2-200x120.jpg 200w, https:\/\/freon-elagage.com\/wp-content\/uploads\/2019\/04\/cribleur_commande_2-400x240.jpg 400w, https:\/\/freon-elagage.com\/wp-content\/uploads\/2019\/04\/cribleur_commande_2-600x360.jpg 600w, https:\/\/freon-elagage.com\/wp-content\/uploads\/2019\/04\/cribleur_commande_2-800x480.jpg 800w, https:\/\/freon-elagage.com\/wp-content\/uploads\/2019\/04\/cribleur_commande_2-1200x720.jpg 1200w, https:\/\/freon-elagage.com\/wp-content\/uploads\/2019\/04\/cribleur_commande_2.jpg 1600w\" sizes=\"(min-width: 2200px) 100vw, (min-width: 856px) 271px, (min-width: 784px) 362px, (min-width: 712px) 543px, (min-width: 640px) 712px, \" \/><\/a><\/div><\/div><div style=\"padding:5px;\" class=\"fusion-grid-column fusion-gallery-column fusion-gallery-column-4 hover-type-none\"><div class=\"fusion-gallery-image\"><a href=\"https:\/\/freon-elagage.com\/wp-content\/uploads\/2019\/09\/cribleur-chargement_3.jpg\" rel=\"noreferrer\" data-rel=\"iLightbox[gallery_image_1]\" class=\"fusion-lightbox\" target=\"_self\"><img decoding=\"async\" src=\"https:\/\/freon-elagage.com\/wp-content\/uploads\/2019\/09\/cribleur-chargement_3.jpg\" width=\"1600\" height=\"960\" alt=\"cribleur chargement\" title=\"cribleur chargement\" aria-label=\"cribleur chargement\" class=\"img-responsive wp-image-13321\" srcset=\"https:\/\/freon-elagage.com\/wp-content\/uploads\/2019\/09\/cribleur-chargement_3-200x120.jpg 200w, https:\/\/freon-elagage.com\/wp-content\/uploads\/2019\/09\/cribleur-chargement_3-400x240.jpg 400w, https:\/\/freon-elagage.com\/wp-content\/uploads\/2019\/09\/cribleur-chargement_3-600x360.jpg 600w, https:\/\/freon-elagage.com\/wp-content\/uploads\/2019\/09\/cribleur-chargement_3-800x480.jpg 800w, https:\/\/freon-elagage.com\/wp-content\/uploads\/2019\/09\/cribleur-chargement_3-1200x720.jpg 1200w, https:\/\/freon-elagage.com\/wp-content\/uploads\/2019\/09\/cribleur-chargement_3.jpg 1600w\" sizes=\"(min-width: 2200px) 100vw, (min-width: 856px) 271px, (min-width: 784px) 362px, (min-width: 712px) 543px, (min-width: 640px) 712px, \" \/><\/a><\/div><\/div><\/div><\/div><div class=\"fusion-clearfix\"><\/div><\/div><\/div><\/div><\/div><div class=\"fusion-fullwidth fullwidth-box fusion-builder-row-4 nonhundred-percent-fullwidth non-hundred-percent-height-scrolling\" style=\"--awb-border-radius-top-left:0px;--awb-border-radius-top-right:0px;--awb-border-radius-bottom-right:0px;--awb-border-radius-bottom-left:0px;--awb-margin-top:20px;--awb-flex-wrap:wrap;\" ><div class=\"fusion-builder-row fusion-row\"><div class=\"fusion-layout-column fusion_builder_column fusion-builder-column-3 fusion_builder_column_1_1 1_1 fusion-one-full fusion-column-first fusion-column-last\" style=\"--awb-bg-size:cover;\"><div class=\"fusion-column-wrapper fusion-flex-column-wrapper-legacy\"><div class=\"fusion-aligncenter\"><a class=\"fusion-button button-flat button-medium button-custom fusion-button-default button-1 fusion-button-default-span \" style=\"--button_accent_color:#ffffff;--button_accent_hover_color:#ffffff;--button_border_hover_color:#ffffff;--button_gradient_top_color:#0a81c5;--button_gradient_bottom_color:#0a81c5;--button_gradient_top_color_hover:#fbaf33;--button_gradient_bottom_color_hover:#fbaf33;\" target=\"_self\" href=\"..\/le-parc-materiel\/\"><span class=\"fusion-button-text\">Retour<\/span><\/a><\/div><div class=\"fusion-clearfix\"><\/div><\/div><\/div><\/div><\/div><\/p>\n","protected":false},"excerpt":{"rendered":"","protected":false},"author":2,"featured_media":0,"parent":0,"menu_order":0,"comment_status":"closed","ping_status":"closed","template":"100-width.php","meta":{"footnotes":""},"yoast_head":"<!-- This site is optimized with the Yoast SEO plugin v22.4 - https:\/\/yoast.com\/wordpress\/plugins\/seo\/ -->\n<title>Les cribleurs de copeaux - JEAN FREON ELAGAGE<\/title>\n<meta name=\"robots\" content=\"index, follow, max-snippet:-1, max-image-preview:large, max-video-preview:-1\" \/>\n<link rel=\"canonical\" href=\"https:\/\/freon-elagage.com\/professionnel\/les-cribleurs-a-copeaux\/\" \/>\n<meta property=\"og:locale\" content=\"fr_FR\" \/>\n<meta property=\"og:type\" content=\"article\" \/>\n<meta property=\"og:title\" content=\"Les cribleurs de copeaux - JEAN FREON ELAGAGE\" \/>\n<meta property=\"og:url\" content=\"https:\/\/freon-elagage.com\/professionnel\/les-cribleurs-a-copeaux\/\" \/>\n<meta property=\"og:site_name\" content=\"JEAN FREON ELAGAGE\" \/>\n<meta property=\"article:publisher\" content=\"https:\/\/www.facebook.com\/jeanfreonelagage\/\" \/>\n<meta property=\"article:modified_time\" content=\"2019-09-03T12:54:05+00:00\" \/>\n<meta name=\"twitter:label1\" content=\"Dur\u00e9e de lecture estim\u00e9e\" \/>\n\t<meta name=\"twitter:data1\" content=\"6 minutes\" \/>\n<script type=\"application\/ld+json\" class=\"yoast-schema-graph\">{\"@context\":\"https:\/\/schema.org\",\"@graph\":[{\"@type\":\"WebPage\",\"@id\":\"https:\/\/freon-elagage.com\/professionnel\/les-cribleurs-a-copeaux\/\",\"url\":\"https:\/\/freon-elagage.com\/professionnel\/les-cribleurs-a-copeaux\/\",\"name\":\"Les cribleurs de copeaux - JEAN FREON ELAGAGE\",\"isPartOf\":{\"@id\":\"https:\/\/freon-elagage.com\/professionnel\/#website\"},\"datePublished\":\"2018-05-25T08:51:22+00:00\",\"dateModified\":\"2019-09-03T12:54:05+00:00\",\"breadcrumb\":{\"@id\":\"https:\/\/freon-elagage.com\/professionnel\/les-cribleurs-a-copeaux\/#breadcrumb\"},\"inLanguage\":\"fr-FR\",\"potentialAction\":[{\"@type\":\"ReadAction\",\"target\":[\"https:\/\/freon-elagage.com\/professionnel\/les-cribleurs-a-copeaux\/\"]}]},{\"@type\":\"BreadcrumbList\",\"@id\":\"https:\/\/freon-elagage.com\/professionnel\/les-cribleurs-a-copeaux\/#breadcrumb\",\"itemListElement\":[{\"@type\":\"ListItem\",\"position\":1,\"name\":\"Accueil\",\"item\":\"https:\/\/freon-elagage.com\/professionnel\/\"},{\"@type\":\"ListItem\",\"position\":2,\"name\":\"Les cribleurs de copeaux\"}]},{\"@type\":\"WebSite\",\"@id\":\"https:\/\/freon-elagage.com\/professionnel\/#website\",\"url\":\"https:\/\/freon-elagage.com\/professionnel\/\",\"name\":\"JEAN FREON ELAGAGE\",\"description\":\"Elagage pour professionnels et particuliers\",\"potentialAction\":[{\"@type\":\"SearchAction\",\"target\":{\"@type\":\"EntryPoint\",\"urlTemplate\":\"https:\/\/freon-elagage.com\/professionnel\/?s={search_term_string}\"},\"query-input\":\"required name=search_term_string\"}],\"inLanguage\":\"fr-FR\"}]}<\/script>\n<!-- \/ Yoast SEO plugin. -->","yoast_head_json":{"title":"Les cribleurs de copeaux - JEAN FREON ELAGAGE","robots":{"index":"index","follow":"follow","max-snippet":"max-snippet:-1","max-image-preview":"max-image-preview:large","max-video-preview":"max-video-preview:-1"},"canonical":"https:\/\/freon-elagage.com\/professionnel\/les-cribleurs-a-copeaux\/","og_locale":"fr_FR","og_type":"article","og_title":"Les cribleurs de copeaux - JEAN FREON ELAGAGE","og_url":"https:\/\/freon-elagage.com\/professionnel\/les-cribleurs-a-copeaux\/","og_site_name":"JEAN FREON ELAGAGE","article_publisher":"https:\/\/www.facebook.com\/jeanfreonelagage\/","article_modified_time":"2019-09-03T12:54:05+00:00","twitter_misc":{"Dur\u00e9e de lecture estim\u00e9e":"6 minutes"},"schema":{"@context":"https:\/\/schema.org","@graph":[{"@type":"WebPage","@id":"https:\/\/freon-elagage.com\/professionnel\/les-cribleurs-a-copeaux\/","url":"https:\/\/freon-elagage.com\/professionnel\/les-cribleurs-a-copeaux\/","name":"Les cribleurs de copeaux - JEAN FREON ELAGAGE","isPartOf":{"@id":"https:\/\/freon-elagage.com\/professionnel\/#website"},"datePublished":"2018-05-25T08:51:22+00:00","dateModified":"2019-09-03T12:54:05+00:00","breadcrumb":{"@id":"https:\/\/freon-elagage.com\/professionnel\/les-cribleurs-a-copeaux\/#breadcrumb"},"inLanguage":"fr-FR","potentialAction":[{"@type":"ReadAction","target":["https:\/\/freon-elagage.com\/professionnel\/les-cribleurs-a-copeaux\/"]}]},{"@type":"BreadcrumbList","@id":"https:\/\/freon-elagage.com\/professionnel\/les-cribleurs-a-copeaux\/#breadcrumb","itemListElement":[{"@type":"ListItem","position":1,"name":"Accueil","item":"https:\/\/freon-elagage.com\/professionnel\/"},{"@type":"ListItem","position":2,"name":"Les cribleurs de copeaux"}]},{"@type":"WebSite","@id":"https:\/\/freon-elagage.com\/professionnel\/#website","url":"https:\/\/freon-elagage.com\/professionnel\/","name":"JEAN FREON ELAGAGE","description":"Elagage pour professionnels et particuliers","potentialAction":[{"@type":"SearchAction","target":{"@type":"EntryPoint","urlTemplate":"https:\/\/freon-elagage.com\/professionnel\/?s={search_term_string}"},"query-input":"required name=search_term_string"}],"inLanguage":"fr-FR"}]}},"_links":{"self":[{"href":"https:\/\/freon-elagage.com\/professionnel\/wp-json\/wp\/v2\/pages\/12665"}],"collection":[{"href":"https:\/\/freon-elagage.com\/professionnel\/wp-json\/wp\/v2\/pages"}],"about":[{"href":"https:\/\/freon-elagage.com\/professionnel\/wp-json\/wp\/v2\/types\/page"}],"author":[{"embeddable":true,"href":"https:\/\/freon-elagage.com\/professionnel\/wp-json\/wp\/v2\/users\/2"}],"replies":[{"embeddable":true,"href":"https:\/\/freon-elagage.com\/professionnel\/wp-json\/wp\/v2\/comments?post=12665"}],"version-history":[{"count":21,"href":"https:\/\/freon-elagage.com\/professionnel\/wp-json\/wp\/v2\/pages\/12665\/revisions"}],"predecessor-version":[{"id":13322,"href":"https:\/\/freon-elagage.com\/professionnel\/wp-json\/wp\/v2\/pages\/12665\/revisions\/13322"}],"wp:attachment":[{"href":"https:\/\/freon-elagage.com\/professionnel\/wp-json\/wp\/v2\/media?parent=12665"}],"curies":[{"name":"wp","href":"https:\/\/api.w.org\/{rel}","templated":true}]}}