{"id":12661,"date":"2018-05-25T09:50:08","date_gmt":"2018-05-25T08:50:08","guid":{"rendered":"http:\/\/freon-elagage.com\/professionnel\/?page_id=12661"},"modified":"2019-03-25T18:00:16","modified_gmt":"2019-03-25T17:00:16","slug":"le-robogreen","status":"publish","type":"page","link":"https:\/\/freon-elagage.com\/professionnel\/le-robogreen\/","title":{"rendered":"Le Robogreen"},"content":{"rendered":"<p><div class=\"fusion-fullwidth fullwidth-box fusion-builder-row-1 nonhundred-percent-fullwidth non-hundred-percent-height-scrolling\" style=\"--awb-background-position:left top;--awb-border-radius-top-left:0px;--awb-border-radius-top-right:0px;--awb-border-radius-bottom-right:0px;--awb-border-radius-bottom-left:0px;--awb-padding-top:20px;--awb-padding-bottom:10px;--awb-border-sizes-top:0px;--awb-border-sizes-bottom:0px;--awb-flex-wrap:wrap;\" ><div class=\"fusion-builder-row fusion-row\"><div class=\"fusion-layout-column fusion_builder_column fusion-builder-column-0 fusion_builder_column_1_1 1_1 fusion-one-full fusion-column-first fusion-column-last fusion-column-no-min-height\" style=\"--awb-bg-size:cover;--awb-margin-bottom:0px;\"><div class=\"fusion-column-wrapper fusion-flex-column-wrapper-legacy\"><div class=\"fusion-title title fusion-title-1 fusion-title-text fusion-title-size-one\"><h1 class=\"fusion-title-heading title-heading-left\" style=\"margin:0;\">Le Robogreen<\/h1><span class=\"awb-title-spacer\"><\/span><div class=\"title-sep-container\"><div class=\"title-sep sep-single sep-solid\" style=\"border-color:#e0dede;\"><\/div><\/div><\/div><div class=\"fusion-clearfix\"><\/div><\/div><\/div><\/div><\/div><div class=\"fusion-fullwidth fullwidth-box fusion-builder-row-2 nonhundred-percent-fullwidth non-hundred-percent-height-scrolling\" style=\"--awb-border-radius-top-left:0px;--awb-border-radius-top-right:0px;--awb-border-radius-bottom-right:0px;--awb-border-radius-bottom-left:0px;--awb-padding-right:5px;--awb-padding-left:5px;--awb-flex-wrap:wrap;\" ><div class=\"fusion-builder-row fusion-row\"><div class=\"fusion-layout-column fusion_builder_column fusion-builder-column-1 fusion_builder_column_1_1 1_1 fusion-one-full fusion-column-first fusion-column-last\" style=\"--awb-bg-size:cover;\"><div class=\"fusion-column-wrapper fusion-flex-column-wrapper-legacy\"><div class=\"fusion-text fusion-text-1\"><p><strong>Robogreen<\/strong> est une machine radiocommand\u00e9, con\u00e7ue et r\u00e9alis\u00e9e pour travailler en pentes le long des routes, autoroutes, foss\u00e9s, terrain accident\u00e9s difficilement accessibles ou marais et en toutes autres conditions durement exploitable par des moyens traditionnels.<\/p>\n<p>Poss\u00e9dant un centre de gravit\u00e9 tr\u00e8s bas, il est capable de travaill\u00e9 sur une pente inclin\u00e9e de 55\u00b0.<\/p>\n<\/div><div class=\"fusion-image-element fusion-image-align-center in-legacy-container\" style=\"text-align:center;--awb-bottom-shadow-color:rgba(0,0,0,0.4);--awb-caption-title-font-family:var(--h2_typography-font-family);--awb-caption-title-font-weight:var(--h2_typography-font-weight);--awb-caption-title-font-style:var(--h2_typography-font-style);--awb-caption-title-size:var(--h2_typography-font-size);--awb-caption-title-transform:var(--h2_typography-text-transform);--awb-caption-title-line-height:var(--h2_typography-line-height);--awb-caption-title-letter-spacing:var(--h2_typography-letter-spacing);\"><div class=\"imageframe-align-center\"><div class=\"awb-image-frame awb-image-frame-1 fusion-image-frame-bottomshadow image-frame-shadow-1\"><span class=\" fusion-imageframe imageframe-bottomshadow imageframe-1 element-bottomshadow hover-type-none\" id=\"frameimg\"><img decoding=\"async\" width=\"300\" height=\"200\" alt=\"Robogreen\" title=\"Robogreen\" src=\"http:\/\/s680111133.onlinehome.fr\/professionnel\/wp-content\/uploads\/2018\/07\/Robogreen_Vignette-300x200.jpg\" class=\"img-responsive wp-image-12778\" srcset=\"https:\/\/freon-elagage.com\/wp-content\/uploads\/2018\/07\/Robogreen_Vignette-200x133.jpg 200w, https:\/\/freon-elagage.com\/wp-content\/uploads\/2018\/07\/Robogreen_Vignette.jpg 300w\" sizes=\"(max-width: 800px) 100vw, 300px\" \/><\/span><\/div><\/div><\/div><div class=\"fusion-clearfix\"><\/div><\/div><\/div><\/div><\/div><div class=\"fusion-fullwidth fullwidth-box fusion-builder-row-3 fusion-parallax-fixed nonhundred-percent-fullwidth non-hundred-percent-height-scrolling\" style=\"--awb-background-position:left top;--awb-border-radius-top-left:0px;--awb-border-radius-top-right:0px;--awb-border-radius-bottom-right:0px;--awb-border-radius-bottom-left:0px;--awb-padding-top:30px;--awb-padding-bottom:30px;--awb-background-image:url(&quot;http:\/\/clonefreon\/wp-content\/uploads\/2015\/10\/bgmat1.jpg&quot;);--awb-background-size:cover;--awb-flex-wrap:wrap;background-attachment:fixed;\" ><div class=\"fusion-builder-row fusion-row\"><div class=\"fusion-layout-column fusion_builder_column fusion-builder-column-2 fusion_builder_column_1_1 1_1 fusion-one-full fusion-column-first fusion-column-last fusion-column-no-min-height\" style=\"--awb-bg-size:cover;--awb-margin-bottom:0px;\"><div class=\"fusion-column-wrapper fusion-flex-column-wrapper-legacy\"><div class=\"awb-gallery-wrapper awb-gallery-wrapper-1 button-span-no\"><div style=\"margin:-10px;--awb-bordersize:0px;\" class=\"fusion-gallery fusion-gallery-container fusion-grid-4 fusion-columns-total-4 fusion-gallery-layout-grid fusion-gallery-1\"><div style=\"padding:10px;\" class=\"fusion-grid-column fusion-gallery-column fusion-gallery-column-4 hover-type-none\"><div class=\"fusion-gallery-image\"><a href=\"https:\/\/freon-elagage.com\/wp-content\/uploads\/2018\/07\/Robogreen_1.jpg\" rel=\"noreferrer\" data-rel=\"iLightbox[gallery_image_1]\" class=\"fusion-lightbox\" target=\"_self\"><img decoding=\"async\" src=\"https:\/\/freon-elagage.com\/wp-content\/uploads\/2018\/07\/Robogreen_1.jpg\" width=\"1280\" height=\"960\" alt=\"Robogreen\" title=\"Robogreen\" aria-label=\"Robogreen\" class=\"img-responsive wp-image-12774\" srcset=\"https:\/\/freon-elagage.com\/wp-content\/uploads\/2018\/07\/Robogreen_1-200x150.jpg 200w, https:\/\/freon-elagage.com\/wp-content\/uploads\/2018\/07\/Robogreen_1-400x300.jpg 400w, https:\/\/freon-elagage.com\/wp-content\/uploads\/2018\/07\/Robogreen_1-600x450.jpg 600w, https:\/\/freon-elagage.com\/wp-content\/uploads\/2018\/07\/Robogreen_1-800x600.jpg 800w, https:\/\/freon-elagage.com\/wp-content\/uploads\/2018\/07\/Robogreen_1-1200x900.jpg 1200w, https:\/\/freon-elagage.com\/wp-content\/uploads\/2018\/07\/Robogreen_1.jpg 1280w\" sizes=\"(min-width: 2200px) 100vw, (min-width: 856px) 268px, (min-width: 784px) 357px, (min-width: 712px) 535px, (min-width: 640px) 712px, \" \/><\/a><\/div><\/div><div style=\"padding:10px;\" class=\"fusion-grid-column fusion-gallery-column fusion-gallery-column-4 hover-type-none\"><div class=\"fusion-gallery-image\"><a href=\"https:\/\/freon-elagage.com\/wp-content\/uploads\/2018\/07\/Robogreen_2.jpg\" rel=\"noreferrer\" data-rel=\"iLightbox[gallery_image_1]\" class=\"fusion-lightbox\" target=\"_self\"><img decoding=\"async\" src=\"https:\/\/freon-elagage.com\/wp-content\/uploads\/2018\/07\/Robogreen_2.jpg\" width=\"1280\" height=\"960\" alt=\"Robogreen\" title=\"Robogreen\" aria-label=\"Robogreen\" class=\"img-responsive wp-image-12775\" srcset=\"https:\/\/freon-elagage.com\/wp-content\/uploads\/2018\/07\/Robogreen_2-200x150.jpg 200w, https:\/\/freon-elagage.com\/wp-content\/uploads\/2018\/07\/Robogreen_2-400x300.jpg 400w, https:\/\/freon-elagage.com\/wp-content\/uploads\/2018\/07\/Robogreen_2-600x450.jpg 600w, https:\/\/freon-elagage.com\/wp-content\/uploads\/2018\/07\/Robogreen_2-800x600.jpg 800w, https:\/\/freon-elagage.com\/wp-content\/uploads\/2018\/07\/Robogreen_2-1200x900.jpg 1200w, https:\/\/freon-elagage.com\/wp-content\/uploads\/2018\/07\/Robogreen_2.jpg 1280w\" sizes=\"(min-width: 2200px) 100vw, (min-width: 856px) 268px, (min-width: 784px) 357px, (min-width: 712px) 535px, (min-width: 640px) 712px, \" \/><\/a><\/div><\/div><div style=\"padding:10px;\" class=\"fusion-grid-column fusion-gallery-column fusion-gallery-column-4 hover-type-none\"><div class=\"fusion-gallery-image\"><a href=\"https:\/\/freon-elagage.com\/wp-content\/uploads\/2018\/07\/Robogreen_3.jpg\" rel=\"noreferrer\" data-rel=\"iLightbox[gallery_image_1]\" class=\"fusion-lightbox\" target=\"_self\"><img decoding=\"async\" src=\"https:\/\/freon-elagage.com\/wp-content\/uploads\/2018\/07\/Robogreen_3.jpg\" width=\"1280\" height=\"960\" alt=\"Robogreen\" title=\"Robogreen\" aria-label=\"Robogreen\" class=\"img-responsive wp-image-12776\" srcset=\"https:\/\/freon-elagage.com\/wp-content\/uploads\/2018\/07\/Robogreen_3-200x150.jpg 200w, https:\/\/freon-elagage.com\/wp-content\/uploads\/2018\/07\/Robogreen_3-400x300.jpg 400w, https:\/\/freon-elagage.com\/wp-content\/uploads\/2018\/07\/Robogreen_3-600x450.jpg 600w, https:\/\/freon-elagage.com\/wp-content\/uploads\/2018\/07\/Robogreen_3-800x600.jpg 800w, https:\/\/freon-elagage.com\/wp-content\/uploads\/2018\/07\/Robogreen_3-1200x900.jpg 1200w, https:\/\/freon-elagage.com\/wp-content\/uploads\/2018\/07\/Robogreen_3.jpg 1280w\" sizes=\"(min-width: 2200px) 100vw, (min-width: 856px) 268px, (min-width: 784px) 357px, (min-width: 712px) 535px, (min-width: 640px) 712px, \" \/><\/a><\/div><\/div><div style=\"padding:10px;\" class=\"fusion-grid-column fusion-gallery-column fusion-gallery-column-4 hover-type-none\"><div class=\"fusion-gallery-image\"><a href=\"https:\/\/freon-elagage.com\/wp-content\/uploads\/2018\/07\/Robogreen_4.jpg\" rel=\"noreferrer\" data-rel=\"iLightbox[gallery_image_1]\" class=\"fusion-lightbox\" target=\"_self\"><img decoding=\"async\" src=\"https:\/\/freon-elagage.com\/wp-content\/uploads\/2018\/07\/Robogreen_4.jpg\" width=\"1280\" height=\"960\" alt=\"Robogreen\" title=\"Robogreen\" aria-label=\"Robogreen\" class=\"img-responsive wp-image-12777\" srcset=\"https:\/\/freon-elagage.com\/wp-content\/uploads\/2018\/07\/Robogreen_4-200x150.jpg 200w, https:\/\/freon-elagage.com\/wp-content\/uploads\/2018\/07\/Robogreen_4-400x300.jpg 400w, https:\/\/freon-elagage.com\/wp-content\/uploads\/2018\/07\/Robogreen_4-600x450.jpg 600w, https:\/\/freon-elagage.com\/wp-content\/uploads\/2018\/07\/Robogreen_4-800x600.jpg 800w, https:\/\/freon-elagage.com\/wp-content\/uploads\/2018\/07\/Robogreen_4-1200x900.jpg 1200w, https:\/\/freon-elagage.com\/wp-content\/uploads\/2018\/07\/Robogreen_4.jpg 1280w\" sizes=\"(min-width: 2200px) 100vw, (min-width: 856px) 268px, (min-width: 784px) 357px, (min-width: 712px) 535px, (min-width: 640px) 712px, \" \/><\/a><\/div><\/div><div class=\"clearfix\"><\/div><\/div><\/div><div class=\"fusion-clearfix\"><\/div><\/div><\/div><\/div><\/div><div class=\"fusion-fullwidth fullwidth-box fusion-builder-row-4 nonhundred-percent-fullwidth non-hundred-percent-height-scrolling fusion-equal-height-columns\" style=\"--awb-border-radius-top-left:0px;--awb-border-radius-top-right:0px;--awb-border-radius-bottom-right:0px;--awb-border-radius-bottom-left:0px;--awb-margin-top:20px;--awb-flex-wrap:wrap;\" ><div class=\"fusion-builder-row fusion-row\"><div class=\"fusion-layout-column fusion_builder_column fusion-builder-column-3 fusion_builder_column_1_1 1_1 fusion-one-full fusion-column-first fusion-column-last\" style=\"--awb-bg-size:cover;\" id=\"#BtRetour\"><div class=\"fusion-column-wrapper fusion-flex-column-wrapper-legacy\"><div class=\"fusion-aligncenter\"><a class=\"fusion-button button-flat button-medium button-custom fusion-button-default button-1 fusion-button-default-span \" style=\"--button_accent_color:#ffffff;--button_accent_hover_color:#ffffff;--button_border_hover_color:#ffffff;--button_gradient_top_color:#0a81c5;--button_gradient_bottom_color:#0a81c5;--button_gradient_top_color_hover:#fbaf33;--button_gradient_bottom_color_hover:#fbaf33;\" target=\"_self\" href=\"..\/le-parc-materiel\/\"><span class=\"fusion-button-text\">Retour<\/span><\/a><\/div><div class=\"fusion-clearfix\"><\/div><\/div><\/div><\/div><\/div><\/p>\n","protected":false},"excerpt":{"rendered":"","protected":false},"author":2,"featured_media":0,"parent":0,"menu_order":0,"comment_status":"closed","ping_status":"closed","template":"100-width.php","meta":{"footnotes":""},"yoast_head":"<!-- This site is optimized with the Yoast SEO plugin v22.4 - https:\/\/yoast.com\/wordpress\/plugins\/seo\/ -->\n<title>Le Robogreen - JEAN FREON ELAGAGE<\/title>\n<meta name=\"robots\" content=\"index, follow, max-snippet:-1, max-image-preview:large, max-video-preview:-1\" \/>\n<link rel=\"canonical\" href=\"https:\/\/freon-elagage.com\/professionnel\/le-robogreen\/\" \/>\n<meta property=\"og:locale\" content=\"fr_FR\" \/>\n<meta property=\"og:type\" content=\"article\" \/>\n<meta property=\"og:title\" content=\"Le Robogreen - JEAN FREON ELAGAGE\" \/>\n<meta property=\"og:url\" content=\"https:\/\/freon-elagage.com\/professionnel\/le-robogreen\/\" \/>\n<meta property=\"og:site_name\" content=\"JEAN FREON ELAGAGE\" \/>\n<meta property=\"article:publisher\" content=\"https:\/\/www.facebook.com\/jeanfreonelagage\/\" \/>\n<meta property=\"article:modified_time\" content=\"2019-03-25T17:00:16+00:00\" \/>\n<meta name=\"twitter:label1\" content=\"Dur\u00e9e de lecture estim\u00e9e\" \/>\n\t<meta name=\"twitter:data1\" content=\"5 minutes\" \/>\n<script type=\"application\/ld+json\" class=\"yoast-schema-graph\">{\"@context\":\"https:\/\/schema.org\",\"@graph\":[{\"@type\":\"WebPage\",\"@id\":\"https:\/\/freon-elagage.com\/professionnel\/le-robogreen\/\",\"url\":\"https:\/\/freon-elagage.com\/professionnel\/le-robogreen\/\",\"name\":\"Le Robogreen - JEAN FREON ELAGAGE\",\"isPartOf\":{\"@id\":\"https:\/\/freon-elagage.com\/professionnel\/#website\"},\"datePublished\":\"2018-05-25T08:50:08+00:00\",\"dateModified\":\"2019-03-25T17:00:16+00:00\",\"breadcrumb\":{\"@id\":\"https:\/\/freon-elagage.com\/professionnel\/le-robogreen\/#breadcrumb\"},\"inLanguage\":\"fr-FR\",\"potentialAction\":[{\"@type\":\"ReadAction\",\"target\":[\"https:\/\/freon-elagage.com\/professionnel\/le-robogreen\/\"]}]},{\"@type\":\"BreadcrumbList\",\"@id\":\"https:\/\/freon-elagage.com\/professionnel\/le-robogreen\/#breadcrumb\",\"itemListElement\":[{\"@type\":\"ListItem\",\"position\":1,\"name\":\"Accueil\",\"item\":\"https:\/\/freon-elagage.com\/professionnel\/\"},{\"@type\":\"ListItem\",\"position\":2,\"name\":\"Le Robogreen\"}]},{\"@type\":\"WebSite\",\"@id\":\"https:\/\/freon-elagage.com\/professionnel\/#website\",\"url\":\"https:\/\/freon-elagage.com\/professionnel\/\",\"name\":\"JEAN FREON ELAGAGE\",\"description\":\"Elagage pour professionnels et particuliers\",\"potentialAction\":[{\"@type\":\"SearchAction\",\"target\":{\"@type\":\"EntryPoint\",\"urlTemplate\":\"https:\/\/freon-elagage.com\/professionnel\/?s={search_term_string}\"},\"query-input\":\"required name=search_term_string\"}],\"inLanguage\":\"fr-FR\"}]}<\/script>\n<!-- \/ Yoast SEO plugin. -->","yoast_head_json":{"title":"Le Robogreen - JEAN FREON ELAGAGE","robots":{"index":"index","follow":"follow","max-snippet":"max-snippet:-1","max-image-preview":"max-image-preview:large","max-video-preview":"max-video-preview:-1"},"canonical":"https:\/\/freon-elagage.com\/professionnel\/le-robogreen\/","og_locale":"fr_FR","og_type":"article","og_title":"Le Robogreen - JEAN FREON ELAGAGE","og_url":"https:\/\/freon-elagage.com\/professionnel\/le-robogreen\/","og_site_name":"JEAN FREON ELAGAGE","article_publisher":"https:\/\/www.facebook.com\/jeanfreonelagage\/","article_modified_time":"2019-03-25T17:00:16+00:00","twitter_misc":{"Dur\u00e9e de lecture estim\u00e9e":"5 minutes"},"schema":{"@context":"https:\/\/schema.org","@graph":[{"@type":"WebPage","@id":"https:\/\/freon-elagage.com\/professionnel\/le-robogreen\/","url":"https:\/\/freon-elagage.com\/professionnel\/le-robogreen\/","name":"Le Robogreen - JEAN FREON ELAGAGE","isPartOf":{"@id":"https:\/\/freon-elagage.com\/professionnel\/#website"},"datePublished":"2018-05-25T08:50:08+00:00","dateModified":"2019-03-25T17:00:16+00:00","breadcrumb":{"@id":"https:\/\/freon-elagage.com\/professionnel\/le-robogreen\/#breadcrumb"},"inLanguage":"fr-FR","potentialAction":[{"@type":"ReadAction","target":["https:\/\/freon-elagage.com\/professionnel\/le-robogreen\/"]}]},{"@type":"BreadcrumbList","@id":"https:\/\/freon-elagage.com\/professionnel\/le-robogreen\/#breadcrumb","itemListElement":[{"@type":"ListItem","position":1,"name":"Accueil","item":"https:\/\/freon-elagage.com\/professionnel\/"},{"@type":"ListItem","position":2,"name":"Le Robogreen"}]},{"@type":"WebSite","@id":"https:\/\/freon-elagage.com\/professionnel\/#website","url":"https:\/\/freon-elagage.com\/professionnel\/","name":"JEAN FREON ELAGAGE","description":"Elagage pour professionnels et particuliers","potentialAction":[{"@type":"SearchAction","target":{"@type":"EntryPoint","urlTemplate":"https:\/\/freon-elagage.com\/professionnel\/?s={search_term_string}"},"query-input":"required name=search_term_string"}],"inLanguage":"fr-FR"}]}},"_links":{"self":[{"href":"https:\/\/freon-elagage.com\/professionnel\/wp-json\/wp\/v2\/pages\/12661"}],"collection":[{"href":"https:\/\/freon-elagage.com\/professionnel\/wp-json\/wp\/v2\/pages"}],"about":[{"href":"https:\/\/freon-elagage.com\/professionnel\/wp-json\/wp\/v2\/types\/page"}],"author":[{"embeddable":true,"href":"https:\/\/freon-elagage.com\/professionnel\/wp-json\/wp\/v2\/users\/2"}],"replies":[{"embeddable":true,"href":"https:\/\/freon-elagage.com\/professionnel\/wp-json\/wp\/v2\/comments?post=12661"}],"version-history":[{"count":6,"href":"https:\/\/freon-elagage.com\/professionnel\/wp-json\/wp\/v2\/pages\/12661\/revisions"}],"predecessor-version":[{"id":13023,"href":"https:\/\/freon-elagage.com\/professionnel\/wp-json\/wp\/v2\/pages\/12661\/revisions\/13023"}],"wp:attachment":[{"href":"https:\/\/freon-elagage.com\/professionnel\/wp-json\/wp\/v2\/media?parent=12661"}],"curies":[{"name":"wp","href":"https:\/\/api.w.org\/{rel}","templated":true}]}}