{"id":11435,"date":"2016-02-09T14:20:14","date_gmt":"2016-02-09T13:20:14","guid":{"rendered":"\/?page_id=11435"},"modified":"2018-04-09T18:32:12","modified_gmt":"2018-04-09T17:32:12","slug":"les-lamiers-grande-hauteur","status":"publish","type":"page","link":"https:\/\/freon-elagage.com\/professionnel\/les-lamiers-grande-hauteur\/","title":{"rendered":"Les Lamiers grande hauteur"},"content":{"rendered":"<p><div class=\"fusion-fullwidth fullwidth-box fusion-builder-row-1 nonhundred-percent-fullwidth non-hundred-percent-height-scrolling\" style=\"--awb-background-position:left top;--awb-border-radius-top-left:0px;--awb-border-radius-top-right:0px;--awb-border-radius-bottom-right:0px;--awb-border-radius-bottom-left:0px;--awb-padding-top:20px;--awb-padding-bottom:10px;--awb-border-sizes-top:0px;--awb-border-sizes-bottom:0px;--awb-flex-wrap:wrap;\" ><div class=\"fusion-builder-row fusion-row\"><div class=\"fusion-layout-column fusion_builder_column fusion-builder-column-0 fusion_builder_column_1_1 1_1 fusion-one-full fusion-column-first fusion-column-last fusion-column-no-min-height\" style=\"--awb-bg-size:cover;--awb-margin-bottom:0px;\"><div class=\"fusion-column-wrapper fusion-flex-column-wrapper-legacy\"><div class=\"fusion-title title fusion-title-1 fusion-title-text fusion-title-size-one\"><h1 class=\"fusion-title-heading title-heading-left\" style=\"margin:0;\">Les Lamiers grande hauteur<\/h1><span class=\"awb-title-spacer\"><\/span><div class=\"title-sep-container\"><div class=\"title-sep sep-single sep-solid\" style=\"border-color:#e0dede;\"><\/div><\/div><\/div><div class=\"fusion-clearfix\"><\/div><\/div><\/div><\/div><\/div><div class=\"fusion-fullwidth fullwidth-box fusion-builder-row-2 nonhundred-percent-fullwidth non-hundred-percent-height-scrolling\" style=\"--awb-background-position:left top;--awb-border-radius-top-left:0px;--awb-border-radius-top-right:0px;--awb-border-radius-bottom-right:0px;--awb-border-radius-bottom-left:0px;--awb-padding-top:0px;--awb-padding-bottom:20px;--awb-border-sizes-top:0px;--awb-border-sizes-bottom:0px;--awb-flex-wrap:wrap;\" ><div class=\"fusion-builder-row fusion-row\"><div class=\"fusion-layout-column fusion_builder_column fusion-builder-column-1 fusion_builder_column_3_5 3_5 fusion-three-fifth fusion-column-first\" style=\"--awb-bg-size:cover;width:58.4%; margin-right: 4%;\"><div class=\"fusion-column-wrapper fusion-flex-column-wrapper-legacy\"><div class=\"fusion-text fusion-text-1\"><p><span class=\"surligne\">La Kershaw a \u00e9t\u00e9 cr\u00e9\u00e9e sp\u00e9cifiquement pour <span class=\"surligne\">l\u2019\u00e9lagage en rideau pr\u00e8s des lignes \u00e9lectriques, en bordure d\u2019autoroute ou en lisi\u00e8re de for\u00eat.<\/span> <br \/>\nElle est munie d\u2019un bras isol\u00e9 \u00e9lectriquement, d\u2019une hauteur de 19 m\u00e8tres et poss\u00e8de \u00e0 son extr\u00e9mit\u00e9 <span class=\"surligne\">un lamier articul\u00e9<\/span><\/span><\/p>\n<p>&nbsp;<\/p>\n<\/div><div class=\"fusion-image-element fusion-image-align-center in-legacy-container\" style=\"text-align:center;--awb-bottom-shadow-color:rgba(0,0,0,0.4);--awb-caption-title-font-family:var(--h2_typography-font-family);--awb-caption-title-font-weight:var(--h2_typography-font-weight);--awb-caption-title-font-style:var(--h2_typography-font-style);--awb-caption-title-size:var(--h2_typography-font-size);--awb-caption-title-transform:var(--h2_typography-text-transform);--awb-caption-title-line-height:var(--h2_typography-line-height);--awb-caption-title-letter-spacing:var(--h2_typography-letter-spacing);\"><div class=\"imageframe-align-center\"><div class=\"awb-image-frame awb-image-frame-1 fusion-image-frame-bottomshadow image-frame-shadow-1\"><span class=\" fusion-imageframe imageframe-bottomshadow imageframe-1 element-bottomshadow hover-type-none\" id=\"frameimg\"><img decoding=\"async\" src=\"\/wp-content\/uploads\/2016\/02\/kershaw2-300x201.jpg\" alt class=\"img-responsive\"\/><\/span><\/div><\/div><\/div><div class=\"fusion-clearfix\"><\/div><\/div><\/div><div class=\"fusion-layout-column fusion_builder_column fusion-builder-column-2 fusion_builder_column_2_5 2_5 fusion-two-fifth fusion-column-last\" style=\"--awb-bg-size:cover;width:37.6%;\"><div class=\"fusion-column-wrapper fusion-flex-column-wrapper-legacy\"><div class=\"fusion-video fusion-youtube fusion-aligncenter\" style=\"--awb-max-width:425px;--awb-max-height:344px;--awb-width:100%;\"><div class=\"video-shortcode\"><div class=\"fluid-width-video-wrapper\" style=\"padding-top:80.94%;\" ><iframe class=\"fusion-hidden\" data-privacy-type=\"youtube\" src=\"\" title=\"YouTube video player 1\" data-privacy-src=\"https:\/\/www.youtube.com\/embed\/YRJBvs4vFf4?wmode=transparent&autoplay=0&amp;fs=1&amp;rel=0\" width=\"425\" height=\"344\" allowfullscreen allow=\"autoplay; fullscreen\"><\/iframe><div class=\"fusion-privacy-placeholder\" style=\"width:425px; height:344px;\" data-privacy-type=\"youtube\"><div class=\"fusion-privacy-placeholder-content\"><div class=\"fusion-privacy-label\">Pour des raisons de confidentialit\u00e9 YouTube a besoin de votre autorisation pour charger.<\/div><a href=\"\" data-privacy-type=\"youtube\" class=\"fusion-button button-default fusion-button-default-size button fusion-privacy-consent\">J&#039;accepte<\/a><\/div><\/div><\/div><\/div><\/div><div class=\"fusion-clearfix\"><\/div><\/div><\/div><\/div><\/div><div class=\"fusion-fullwidth fullwidth-box fusion-builder-row-3 fusion-parallax-fixed nonhundred-percent-fullwidth non-hundred-percent-height-scrolling\" style=\"--awb-background-position:left top;--awb-border-radius-top-left:0px;--awb-border-radius-top-right:0px;--awb-border-radius-bottom-right:0px;--awb-border-radius-bottom-left:0px;--awb-padding-top:30px;--awb-padding-bottom:30px;--awb-background-image:url(&quot;http:\/\/s680111133.onlinehome.fr\/professionnel\/wp-content\/uploads\/2015\/10\/bgmat1.jpg&quot;);--awb-background-size:cover;--awb-flex-wrap:wrap;background-attachment:fixed;\" ><div class=\"fusion-builder-row fusion-row\"><div class=\"fusion-layout-column fusion_builder_column fusion-builder-column-3 fusion_builder_column_1_1 1_1 fusion-one-full fusion-column-first fusion-column-last fusion-column-no-min-height\" style=\"--awb-bg-size:cover;--awb-margin-bottom:0px;\"><div class=\"fusion-column-wrapper fusion-flex-column-wrapper-legacy\"><div class=\"awb-gallery-wrapper awb-gallery-wrapper-1 button-span-no\"><div style=\"margin:-5px;--awb-bordersize:0px;\" class=\"fusion-gallery fusion-gallery-container fusion-grid-4 fusion-columns-total-8 fusion-gallery-layout-grid fusion-gallery-1\"><div style=\"padding:5px;\" class=\"fusion-grid-column fusion-gallery-column fusion-gallery-column-4 hover-type-none\"><div class=\"fusion-gallery-image\"><a href=\"https:\/\/freon-elagage.com\/wp-content\/uploads\/2016\/02\/DSCN0019.jpg\" rel=\"noreferrer\" data-rel=\"iLightbox[gallery_image_1]\" class=\"fusion-lightbox\"><img decoding=\"async\" src=\"https:\/\/freon-elagage.com\/wp-content\/uploads\/2016\/02\/DSCN0019.jpg\" width=\"1200\" height=\"1600\" alt=\"\" title=\"DSCN0019\" aria-label=\"DSCN0019\" class=\"img-responsive wp-image-11439\" srcset=\"https:\/\/freon-elagage.com\/wp-content\/uploads\/2016\/02\/DSCN0019-225x300.jpg 225w, https:\/\/freon-elagage.com\/wp-content\/uploads\/2016\/02\/DSCN0019-768x1024.jpg 768w, https:\/\/freon-elagage.com\/wp-content\/uploads\/2016\/02\/DSCN0019.jpg 1200w\" sizes=\"(max-width: 1200px) 100vw, 1200px\" \/><\/a><\/div><\/div><div style=\"padding:5px;\" class=\"fusion-grid-column fusion-gallery-column fusion-gallery-column-4 hover-type-none\"><div class=\"fusion-gallery-image\"><a href=\"https:\/\/freon-elagage.com\/wp-content\/uploads\/2016\/02\/DSCN0022.jpg\" rel=\"noreferrer\" data-rel=\"iLightbox[gallery_image_1]\" class=\"fusion-lightbox\"><img decoding=\"async\" src=\"https:\/\/freon-elagage.com\/wp-content\/uploads\/2016\/02\/DSCN0022.jpg\" width=\"1200\" height=\"1600\" alt=\"\" title=\"DSCN0022\" aria-label=\"DSCN0022\" class=\"img-responsive wp-image-11440\" srcset=\"https:\/\/freon-elagage.com\/wp-content\/uploads\/2016\/02\/DSCN0022-225x300.jpg 225w, https:\/\/freon-elagage.com\/wp-content\/uploads\/2016\/02\/DSCN0022-768x1024.jpg 768w, https:\/\/freon-elagage.com\/wp-content\/uploads\/2016\/02\/DSCN0022.jpg 1200w\" sizes=\"(max-width: 1200px) 100vw, 1200px\" \/><\/a><\/div><\/div><div style=\"padding:5px;\" class=\"fusion-grid-column fusion-gallery-column fusion-gallery-column-4 hover-type-none\"><div class=\"fusion-gallery-image\"><a href=\"https:\/\/freon-elagage.com\/wp-content\/uploads\/2016\/02\/DSCN0547.jpg\" rel=\"noreferrer\" data-rel=\"iLightbox[gallery_image_1]\" class=\"fusion-lightbox\"><img decoding=\"async\" src=\"https:\/\/freon-elagage.com\/wp-content\/uploads\/2016\/02\/DSCN0547.jpg\" width=\"1200\" height=\"1600\" alt=\"\" title=\"DSCN0547\" aria-label=\"DSCN0547\" class=\"img-responsive wp-image-11441\" srcset=\"https:\/\/freon-elagage.com\/wp-content\/uploads\/2016\/02\/DSCN0547-225x300.jpg 225w, https:\/\/freon-elagage.com\/wp-content\/uploads\/2016\/02\/DSCN0547-768x1024.jpg 768w, https:\/\/freon-elagage.com\/wp-content\/uploads\/2016\/02\/DSCN0547.jpg 1200w\" sizes=\"(max-width: 1200px) 100vw, 1200px\" \/><\/a><\/div><\/div><div style=\"padding:5px;\" class=\"fusion-grid-column fusion-gallery-column fusion-gallery-column-4 hover-type-none\"><div class=\"fusion-gallery-image\"><a href=\"https:\/\/freon-elagage.com\/wp-content\/uploads\/2016\/02\/DSCN0550.jpg\" rel=\"noreferrer\" data-rel=\"iLightbox[gallery_image_1]\" class=\"fusion-lightbox\"><img decoding=\"async\" src=\"https:\/\/freon-elagage.com\/wp-content\/uploads\/2016\/02\/DSCN0550.jpg\" width=\"1200\" height=\"1600\" alt=\"\" title=\"DSCN0550\" aria-label=\"DSCN0550\" class=\"img-responsive wp-image-11442\" srcset=\"https:\/\/freon-elagage.com\/wp-content\/uploads\/2016\/02\/DSCN0550-225x300.jpg 225w, https:\/\/freon-elagage.com\/wp-content\/uploads\/2016\/02\/DSCN0550-768x1024.jpg 768w, https:\/\/freon-elagage.com\/wp-content\/uploads\/2016\/02\/DSCN0550.jpg 1200w\" sizes=\"(max-width: 1200px) 100vw, 1200px\" \/><\/a><\/div><\/div><div class=\"clearfix\"><\/div><div style=\"padding:5px;\" class=\"fusion-grid-column fusion-gallery-column fusion-gallery-column-4 hover-type-none\"><div class=\"fusion-gallery-image\"><a href=\"https:\/\/freon-elagage.com\/wp-content\/uploads\/2016\/02\/Kershaw-22.jpg\" rel=\"noreferrer\" data-rel=\"iLightbox[gallery_image_1]\" class=\"fusion-lightbox\"><img decoding=\"async\" src=\"https:\/\/freon-elagage.com\/wp-content\/uploads\/2016\/02\/Kershaw-22.jpg\" width=\"1904\" height=\"2544\" alt=\"\" title=\"\" aria-label=\"\" class=\"img-responsive wp-image-11445\" srcset=\"https:\/\/freon-elagage.com\/wp-content\/uploads\/2016\/02\/Kershaw-22-225x300.jpg 225w, https:\/\/freon-elagage.com\/wp-content\/uploads\/2016\/02\/Kershaw-22-766x1024.jpg 766w, https:\/\/freon-elagage.com\/wp-content\/uploads\/2016\/02\/Kershaw-22.jpg 1904w\" sizes=\"(max-width: 1904px) 100vw, 1904px\" \/><\/a><\/div><\/div><div style=\"padding:5px;\" class=\"fusion-grid-column fusion-gallery-column fusion-gallery-column-4 hover-type-none\"><div class=\"fusion-gallery-image\"><a href=\"https:\/\/freon-elagage.com\/wp-content\/uploads\/2016\/02\/Kershaw-38.jpg\" rel=\"noreferrer\" data-rel=\"iLightbox[gallery_image_1]\" class=\"fusion-lightbox\"><img decoding=\"async\" src=\"https:\/\/freon-elagage.com\/wp-content\/uploads\/2016\/02\/Kershaw-38.jpg\" width=\"1904\" height=\"2544\" alt=\"\" title=\"EPSON DSC picture\" aria-label=\"EPSON DSC picture\" class=\"img-responsive wp-image-11446\" srcset=\"https:\/\/freon-elagage.com\/wp-content\/uploads\/2016\/02\/Kershaw-38-225x300.jpg 225w, https:\/\/freon-elagage.com\/wp-content\/uploads\/2016\/02\/Kershaw-38-766x1024.jpg 766w, https:\/\/freon-elagage.com\/wp-content\/uploads\/2016\/02\/Kershaw-38.jpg 1904w\" sizes=\"(max-width: 1904px) 100vw, 1904px\" \/><\/a><\/div><\/div><div style=\"padding:5px;\" class=\"fusion-grid-column fusion-gallery-column fusion-gallery-column-4 hover-type-none\"><div class=\"fusion-gallery-image\"><a href=\"https:\/\/freon-elagage.com\/wp-content\/uploads\/2016\/02\/Kershaw-12.jpg\" rel=\"noreferrer\" data-rel=\"iLightbox[gallery_image_1]\" class=\"fusion-lightbox\"><img decoding=\"async\" src=\"https:\/\/freon-elagage.com\/wp-content\/uploads\/2016\/02\/Kershaw-12.jpg\" width=\"2544\" height=\"1904\" alt=\"\" title=\"\" aria-label=\"\" class=\"img-responsive wp-image-11443\" srcset=\"https:\/\/freon-elagage.com\/wp-content\/uploads\/2016\/02\/Kershaw-12-300x225.jpg 300w, https:\/\/freon-elagage.com\/wp-content\/uploads\/2016\/02\/Kershaw-12-1024x766.jpg 1024w, https:\/\/freon-elagage.com\/wp-content\/uploads\/2016\/02\/Kershaw-12.jpg 2544w\" sizes=\"(max-width: 2544px) 100vw, 2544px\" \/><\/a><\/div><\/div><div style=\"padding:5px;\" class=\"fusion-grid-column fusion-gallery-column fusion-gallery-column-4 hover-type-none\"><div class=\"fusion-gallery-image\"><a href=\"https:\/\/freon-elagage.com\/wp-content\/uploads\/2016\/02\/Kershaw-17.jpg\" rel=\"noreferrer\" data-rel=\"iLightbox[gallery_image_1]\" class=\"fusion-lightbox\"><img decoding=\"async\" src=\"https:\/\/freon-elagage.com\/wp-content\/uploads\/2016\/02\/Kershaw-17.jpg\" width=\"2544\" height=\"1904\" alt=\"\" title=\"\" aria-label=\"\" class=\"img-responsive wp-image-11444\" srcset=\"https:\/\/freon-elagage.com\/wp-content\/uploads\/2016\/02\/Kershaw-17-300x225.jpg 300w, https:\/\/freon-elagage.com\/wp-content\/uploads\/2016\/02\/Kershaw-17-1024x766.jpg 1024w, https:\/\/freon-elagage.com\/wp-content\/uploads\/2016\/02\/Kershaw-17.jpg 2544w\" sizes=\"(max-width: 2544px) 100vw, 2544px\" \/><\/a><\/div><\/div><div class=\"clearfix\"><\/div><\/div><\/div><div class=\"fusion-clearfix\"><\/div><\/div><\/div><\/div><\/div><div class=\"fusion-fullwidth fullwidth-box fusion-builder-row-4 nonhundred-percent-fullwidth non-hundred-percent-height-scrolling\" style=\"--awb-border-radius-top-left:0px;--awb-border-radius-top-right:0px;--awb-border-radius-bottom-right:0px;--awb-border-radius-bottom-left:0px;--awb-margin-top:20px;--awb-flex-wrap:wrap;\" ><div class=\"fusion-builder-row fusion-row\"><div class=\"fusion-layout-column fusion_builder_column fusion-builder-column-4 fusion_builder_column_1_1 1_1 fusion-one-full fusion-column-first fusion-column-last\" style=\"--awb-bg-size:cover;\"><div class=\"fusion-column-wrapper fusion-flex-column-wrapper-legacy\"><div class=\"fusion-aligncenter\"><a class=\"fusion-button button-flat button-medium button-custom fusion-button-default button-1 fusion-button-default-span \" style=\"--button_accent_color:#ffffff;--button_accent_hover_color:#ffffff;--button_border_hover_color:#ffffff;--button_gradient_top_color:#0a81c5;--button_gradient_bottom_color:#0a81c5;--button_gradient_top_color_hover:#fbaf33;--button_gradient_bottom_color_hover:#fbaf33;\" target=\"_self\" href=\"..\/le-parc-materiel\/\"><span class=\"fusion-button-text\">Retour<\/span><\/a><\/div><div class=\"fusion-clearfix\"><\/div><\/div><\/div><\/div><\/div><\/p>\n","protected":false},"excerpt":{"rendered":"","protected":false},"author":1,"featured_media":0,"parent":0,"menu_order":0,"comment_status":"closed","ping_status":"closed","template":"100-width.php","meta":{"footnotes":""},"yoast_head":"<!-- This site is optimized with the Yoast SEO plugin v22.4 - https:\/\/yoast.com\/wordpress\/plugins\/seo\/ -->\n<title>Les Lamiers grande hauteur - JEAN FREON ELAGAGE<\/title>\n<meta name=\"robots\" content=\"index, follow, max-snippet:-1, max-image-preview:large, max-video-preview:-1\" \/>\n<link rel=\"canonical\" href=\"https:\/\/freon-elagage.com\/professionnel\/les-lamiers-grande-hauteur\/\" \/>\n<meta property=\"og:locale\" content=\"fr_FR\" \/>\n<meta property=\"og:type\" content=\"article\" \/>\n<meta property=\"og:title\" content=\"Les Lamiers grande hauteur - JEAN FREON ELAGAGE\" \/>\n<meta property=\"og:url\" content=\"https:\/\/freon-elagage.com\/professionnel\/les-lamiers-grande-hauteur\/\" \/>\n<meta property=\"og:site_name\" content=\"JEAN FREON ELAGAGE\" \/>\n<meta property=\"article:publisher\" content=\"https:\/\/www.facebook.com\/jeanfreonelagage\/\" \/>\n<meta property=\"article:modified_time\" content=\"2018-04-09T17:32:12+00:00\" \/>\n<meta name=\"twitter:label1\" content=\"Dur\u00e9e de lecture estim\u00e9e\" \/>\n\t<meta name=\"twitter:data1\" content=\"4 minutes\" \/>\n<script type=\"application\/ld+json\" class=\"yoast-schema-graph\">{\"@context\":\"https:\/\/schema.org\",\"@graph\":[{\"@type\":\"WebPage\",\"@id\":\"https:\/\/freon-elagage.com\/professionnel\/les-lamiers-grande-hauteur\/\",\"url\":\"https:\/\/freon-elagage.com\/professionnel\/les-lamiers-grande-hauteur\/\",\"name\":\"Les Lamiers grande hauteur - JEAN FREON ELAGAGE\",\"isPartOf\":{\"@id\":\"https:\/\/freon-elagage.com\/professionnel\/#website\"},\"datePublished\":\"2016-02-09T13:20:14+00:00\",\"dateModified\":\"2018-04-09T17:32:12+00:00\",\"breadcrumb\":{\"@id\":\"https:\/\/freon-elagage.com\/professionnel\/les-lamiers-grande-hauteur\/#breadcrumb\"},\"inLanguage\":\"fr-FR\",\"potentialAction\":[{\"@type\":\"ReadAction\",\"target\":[\"https:\/\/freon-elagage.com\/professionnel\/les-lamiers-grande-hauteur\/\"]}]},{\"@type\":\"BreadcrumbList\",\"@id\":\"https:\/\/freon-elagage.com\/professionnel\/les-lamiers-grande-hauteur\/#breadcrumb\",\"itemListElement\":[{\"@type\":\"ListItem\",\"position\":1,\"name\":\"Accueil\",\"item\":\"https:\/\/freon-elagage.com\/professionnel\/\"},{\"@type\":\"ListItem\",\"position\":2,\"name\":\"Les Lamiers grande hauteur\"}]},{\"@type\":\"WebSite\",\"@id\":\"https:\/\/freon-elagage.com\/professionnel\/#website\",\"url\":\"https:\/\/freon-elagage.com\/professionnel\/\",\"name\":\"JEAN FREON ELAGAGE\",\"description\":\"Elagage pour professionnels et particuliers\",\"potentialAction\":[{\"@type\":\"SearchAction\",\"target\":{\"@type\":\"EntryPoint\",\"urlTemplate\":\"https:\/\/freon-elagage.com\/professionnel\/?s={search_term_string}\"},\"query-input\":\"required name=search_term_string\"}],\"inLanguage\":\"fr-FR\"}]}<\/script>\n<!-- \/ Yoast SEO plugin. -->","yoast_head_json":{"title":"Les Lamiers grande hauteur - JEAN FREON ELAGAGE","robots":{"index":"index","follow":"follow","max-snippet":"max-snippet:-1","max-image-preview":"max-image-preview:large","max-video-preview":"max-video-preview:-1"},"canonical":"https:\/\/freon-elagage.com\/professionnel\/les-lamiers-grande-hauteur\/","og_locale":"fr_FR","og_type":"article","og_title":"Les Lamiers grande hauteur - JEAN FREON ELAGAGE","og_url":"https:\/\/freon-elagage.com\/professionnel\/les-lamiers-grande-hauteur\/","og_site_name":"JEAN FREON ELAGAGE","article_publisher":"https:\/\/www.facebook.com\/jeanfreonelagage\/","article_modified_time":"2018-04-09T17:32:12+00:00","twitter_misc":{"Dur\u00e9e de lecture estim\u00e9e":"4 minutes"},"schema":{"@context":"https:\/\/schema.org","@graph":[{"@type":"WebPage","@id":"https:\/\/freon-elagage.com\/professionnel\/les-lamiers-grande-hauteur\/","url":"https:\/\/freon-elagage.com\/professionnel\/les-lamiers-grande-hauteur\/","name":"Les Lamiers grande hauteur - JEAN FREON ELAGAGE","isPartOf":{"@id":"https:\/\/freon-elagage.com\/professionnel\/#website"},"datePublished":"2016-02-09T13:20:14+00:00","dateModified":"2018-04-09T17:32:12+00:00","breadcrumb":{"@id":"https:\/\/freon-elagage.com\/professionnel\/les-lamiers-grande-hauteur\/#breadcrumb"},"inLanguage":"fr-FR","potentialAction":[{"@type":"ReadAction","target":["https:\/\/freon-elagage.com\/professionnel\/les-lamiers-grande-hauteur\/"]}]},{"@type":"BreadcrumbList","@id":"https:\/\/freon-elagage.com\/professionnel\/les-lamiers-grande-hauteur\/#breadcrumb","itemListElement":[{"@type":"ListItem","position":1,"name":"Accueil","item":"https:\/\/freon-elagage.com\/professionnel\/"},{"@type":"ListItem","position":2,"name":"Les Lamiers grande hauteur"}]},{"@type":"WebSite","@id":"https:\/\/freon-elagage.com\/professionnel\/#website","url":"https:\/\/freon-elagage.com\/professionnel\/","name":"JEAN FREON ELAGAGE","description":"Elagage pour professionnels et particuliers","potentialAction":[{"@type":"SearchAction","target":{"@type":"EntryPoint","urlTemplate":"https:\/\/freon-elagage.com\/professionnel\/?s={search_term_string}"},"query-input":"required name=search_term_string"}],"inLanguage":"fr-FR"}]}},"_links":{"self":[{"href":"https:\/\/freon-elagage.com\/professionnel\/wp-json\/wp\/v2\/pages\/11435"}],"collection":[{"href":"https:\/\/freon-elagage.com\/professionnel\/wp-json\/wp\/v2\/pages"}],"about":[{"href":"https:\/\/freon-elagage.com\/professionnel\/wp-json\/wp\/v2\/types\/page"}],"author":[{"embeddable":true,"href":"https:\/\/freon-elagage.com\/professionnel\/wp-json\/wp\/v2\/users\/1"}],"replies":[{"embeddable":true,"href":"https:\/\/freon-elagage.com\/professionnel\/wp-json\/wp\/v2\/comments?post=11435"}],"version-history":[{"count":12,"href":"https:\/\/freon-elagage.com\/professionnel\/wp-json\/wp\/v2\/pages\/11435\/revisions"}],"predecessor-version":[{"id":12494,"href":"https:\/\/freon-elagage.com\/professionnel\/wp-json\/wp\/v2\/pages\/11435\/revisions\/12494"}],"wp:attachment":[{"href":"https:\/\/freon-elagage.com\/professionnel\/wp-json\/wp\/v2\/media?parent=11435"}],"curies":[{"name":"wp","href":"https:\/\/api.w.org\/{rel}","templated":true}]}}