{"id":11370,"date":"2015-11-03T11:15:23","date_gmt":"2015-11-03T10:15:23","guid":{"rendered":"\/?page_id=11370"},"modified":"2019-09-03T08:57:05","modified_gmt":"2019-09-03T07:57:05","slug":"les-grignoteuses-de-souches","status":"publish","type":"page","link":"https:\/\/freon-elagage.com\/professionnel\/les-grignoteuses-de-souches\/","title":{"rendered":"Les grignoteuses de souches"},"content":{"rendered":"<p><div class=\"fusion-fullwidth fullwidth-box fusion-builder-row-1 nonhundred-percent-fullwidth non-hundred-percent-height-scrolling\" style=\"--awb-background-position:left top;--awb-border-radius-top-left:0px;--awb-border-radius-top-right:0px;--awb-border-radius-bottom-right:0px;--awb-border-radius-bottom-left:0px;--awb-padding-top:20px;--awb-padding-bottom:10px;--awb-border-sizes-top:0px;--awb-border-sizes-bottom:0px;--awb-flex-wrap:wrap;\" ><div class=\"fusion-builder-row fusion-row\"><div class=\"fusion-layout-column fusion_builder_column fusion-builder-column-0 fusion_builder_column_1_1 1_1 fusion-one-full fusion-column-first fusion-column-last fusion-column-no-min-height\" style=\"--awb-bg-size:cover;--awb-margin-bottom:0px;\"><div class=\"fusion-column-wrapper fusion-flex-column-wrapper-legacy\"><div class=\"fusion-title title fusion-title-1 fusion-title-text fusion-title-size-one\"><h1 class=\"fusion-title-heading title-heading-left\" style=\"margin:0;\">Les grignoteuses de souches<\/h1><span class=\"awb-title-spacer\"><\/span><div class=\"title-sep-container\"><div class=\"title-sep sep-single sep-solid\" style=\"border-color:#e0dede;\"><\/div><\/div><\/div><div class=\"fusion-clearfix\"><\/div><\/div><\/div><\/div><\/div><div class=\"fusion-fullwidth fullwidth-box fusion-builder-row-2 nonhundred-percent-fullwidth non-hundred-percent-height-scrolling\" style=\"--awb-background-position:left top;--awb-border-radius-top-left:0px;--awb-border-radius-top-right:0px;--awb-border-radius-bottom-right:0px;--awb-border-radius-bottom-left:0px;--awb-padding-top:0px;--awb-padding-bottom:20px;--awb-border-sizes-top:0px;--awb-border-sizes-bottom:0px;--awb-flex-wrap:wrap;\" ><div class=\"fusion-builder-row fusion-row\"><div class=\"fusion-layout-column fusion_builder_column fusion-builder-column-1 fusion_builder_column_3_5 3_5 fusion-three-fifth fusion-column-first\" style=\"--awb-bg-size:cover;width:58.4%; margin-right: 4%;\"><div class=\"fusion-column-wrapper fusion-flex-column-wrapper-legacy\"><div class=\"fusion-text fusion-text-1\"><p><span id=\"intro\">Notre soci\u00e9t\u00e9 poss\u00e8de<\/span> des tracteurs forestiers de 300 \u00e0 360 cv \u00e9quip\u00e9s de grignoteuses de souches d\u2019une largeur de travail de 1m50 \u00e0 2m50.<br \/>\n<span id=\"intro\">La grignoteuse permet de d\u00e9truire<\/span> enti\u00e8rement la souche sur une profondeur d\u2019environ 40cm. Les copeaux sont ainsi m\u00e9lang\u00e9s \u00e0 la terre cr\u00e9ant un mulch.<br \/>\nCette m\u00e9thode \u00e9vite l\u2019intervention d\u2019une pelleteuse qui arrache et d\u2019une \u00e9vacuation en d\u00e9charge. Seul un tracteur autonome est n\u00e9cessaire pour \u00e9liminer les souches. <br \/>\n<span id=\"intro\">Efficacit\u00e9, productivit\u00e9 et baisse d\u2019\u00e9mission de CO2:<\/span> il s\u2019agit l\u00e0 d\u2019une m\u00e9thode int\u00e9gr\u00e9e par l\u2019entreprise pour l\u2019exemplarit\u00e9 du d\u00e9veloppement durable.<\/p>\n<\/div><div class=\"fusion-image-element fusion-image-align-center in-legacy-container\" style=\"text-align:center;--awb-bottom-shadow-color:rgba(0,0,0,0.4);--awb-caption-title-font-family:var(--h2_typography-font-family);--awb-caption-title-font-weight:var(--h2_typography-font-weight);--awb-caption-title-font-style:var(--h2_typography-font-style);--awb-caption-title-size:var(--h2_typography-font-size);--awb-caption-title-transform:var(--h2_typography-text-transform);--awb-caption-title-line-height:var(--h2_typography-line-height);--awb-caption-title-letter-spacing:var(--h2_typography-letter-spacing);\"><div class=\"imageframe-align-center\"><div class=\"awb-image-frame awb-image-frame-1 fusion-image-frame-bottomshadow image-frame-shadow-1\"><span class=\" fusion-imageframe imageframe-bottomshadow imageframe-1 element-bottomshadow hover-type-none\" id=\"frameimg\"><img decoding=\"async\" src=\"\/wp-content\/uploads\/2015\/11\/grignoteuse-300x165.jpg\" alt class=\"img-responsive\"\/><\/span><\/div><\/div><\/div><div class=\"fusion-clearfix\"><\/div><\/div><\/div><div class=\"fusion-layout-column fusion_builder_column fusion-builder-column-2 fusion_builder_column_2_5 2_5 fusion-two-fifth fusion-column-last\" style=\"--awb-bg-size:cover;width:37.6%;\"><div class=\"fusion-column-wrapper fusion-flex-column-wrapper-legacy\"><div class=\"fusion-video fusion-youtube fusion-aligncenter\" style=\"--awb-max-width:425px;--awb-max-height:344px;--awb-width:100%;\"><div class=\"video-shortcode\"><div class=\"fluid-width-video-wrapper\" style=\"padding-top:80.94%;\" ><iframe class=\"fusion-hidden\" data-privacy-type=\"youtube\" src=\"\" title=\"YouTube video player 1\" data-privacy-src=\"https:\/\/www.youtube.com\/embed\/XkoDbUCbKhM?wmode=transparent&autoplay=0&amp;fs=1&amp;rel=0\" width=\"425\" height=\"344\" allowfullscreen allow=\"autoplay; fullscreen\"><\/iframe><div class=\"fusion-privacy-placeholder\" style=\"width:425px; height:344px;\" data-privacy-type=\"youtube\"><div class=\"fusion-privacy-placeholder-content\"><div class=\"fusion-privacy-label\">Pour des raisons de confidentialit\u00e9 YouTube a besoin de votre autorisation pour charger.<\/div><a href=\"\" data-privacy-type=\"youtube\" class=\"fusion-button button-default fusion-button-default-size button fusion-privacy-consent\">J&#039;accepte<\/a><\/div><\/div><\/div><\/div><\/div><div class=\"fusion-clearfix\"><\/div><\/div><\/div><\/div><\/div><div class=\"fusion-fullwidth fullwidth-box fusion-builder-row-3 fusion-parallax-fixed nonhundred-percent-fullwidth non-hundred-percent-height-scrolling\" style=\"--awb-background-position:left top;--awb-border-radius-top-left:0px;--awb-border-radius-top-right:0px;--awb-border-radius-bottom-right:0px;--awb-border-radius-bottom-left:0px;--awb-padding-top:30px;--awb-padding-bottom:30px;--awb-background-image:url(&quot;http:\/\/s680111133.onlinehome.fr\/professionnel\/wp-content\/uploads\/2015\/10\/bgmat1.jpg&quot;);--awb-background-size:cover;--awb-flex-wrap:wrap;background-attachment:fixed;\" ><div class=\"fusion-builder-row fusion-row\"><div class=\"fusion-layout-column fusion_builder_column fusion-builder-column-3 fusion_builder_column_1_1 1_1 fusion-one-full fusion-column-first fusion-column-last fusion-column-no-min-height\" style=\"--awb-bg-size:cover;--awb-margin-bottom:0px;\"><div class=\"fusion-column-wrapper fusion-flex-column-wrapper-legacy\"><div class=\"awb-gallery-wrapper awb-gallery-wrapper-1 button-span-no\"><div style=\"margin:-5px;--awb-bordersize:0px;\" class=\"fusion-gallery fusion-gallery-container fusion-grid-4 fusion-columns-total-11 fusion-gallery-layout-grid fusion-gallery-1\"><div style=\"padding:5px;\" class=\"fusion-grid-column fusion-gallery-column fusion-gallery-column-4 hover-type-none\"><div class=\"fusion-gallery-image\"><a href=\"https:\/\/freon-elagage.com\/wp-content\/uploads\/2015\/11\/DSCN0040.jpg\" rel=\"noreferrer\" data-rel=\"iLightbox[gallery_image_1]\" class=\"fusion-lightbox\" target=\"_self\"><img decoding=\"async\" src=\"https:\/\/freon-elagage.com\/wp-content\/uploads\/2015\/11\/DSCN0040.jpg\" width=\"1600\" height=\"1200\" alt=\"\" title=\"\" aria-label=\"\" class=\"img-responsive wp-image-11374\" srcset=\"https:\/\/freon-elagage.com\/wp-content\/uploads\/2015\/11\/DSCN0040-300x225.jpg 300w, https:\/\/freon-elagage.com\/wp-content\/uploads\/2015\/11\/DSCN0040-1024x768.jpg 1024w, https:\/\/freon-elagage.com\/wp-content\/uploads\/2015\/11\/DSCN0040.jpg 1600w\" sizes=\"(max-width: 1600px) 100vw, 1600px\" \/><\/a><\/div><\/div><div style=\"padding:5px;\" class=\"fusion-grid-column fusion-gallery-column fusion-gallery-column-4 hover-type-none\"><div class=\"fusion-gallery-image\"><a href=\"https:\/\/freon-elagage.com\/wp-content\/uploads\/2015\/11\/DSCN0041.jpg\" rel=\"noreferrer\" data-rel=\"iLightbox[gallery_image_1]\" class=\"fusion-lightbox\" target=\"_self\"><img decoding=\"async\" src=\"https:\/\/freon-elagage.com\/wp-content\/uploads\/2015\/11\/DSCN0041.jpg\" width=\"1600\" height=\"1200\" alt=\"\" title=\"\" aria-label=\"\" class=\"img-responsive wp-image-11375\" srcset=\"https:\/\/freon-elagage.com\/wp-content\/uploads\/2015\/11\/DSCN0041-300x225.jpg 300w, https:\/\/freon-elagage.com\/wp-content\/uploads\/2015\/11\/DSCN0041-1024x768.jpg 1024w, https:\/\/freon-elagage.com\/wp-content\/uploads\/2015\/11\/DSCN0041.jpg 1600w\" sizes=\"(max-width: 1600px) 100vw, 1600px\" \/><\/a><\/div><\/div><div style=\"padding:5px;\" class=\"fusion-grid-column fusion-gallery-column fusion-gallery-column-4 hover-type-none\"><div class=\"fusion-gallery-image\"><a href=\"https:\/\/freon-elagage.com\/wp-content\/uploads\/2015\/11\/DSCN0043.jpg\" rel=\"noreferrer\" data-rel=\"iLightbox[gallery_image_1]\" class=\"fusion-lightbox\" target=\"_self\"><img decoding=\"async\" src=\"https:\/\/freon-elagage.com\/wp-content\/uploads\/2015\/11\/DSCN0043.jpg\" width=\"1600\" height=\"1200\" alt=\"\" title=\"\" aria-label=\"\" class=\"img-responsive wp-image-11376\" srcset=\"https:\/\/freon-elagage.com\/wp-content\/uploads\/2015\/11\/DSCN0043-300x225.jpg 300w, https:\/\/freon-elagage.com\/wp-content\/uploads\/2015\/11\/DSCN0043-1024x768.jpg 1024w, https:\/\/freon-elagage.com\/wp-content\/uploads\/2015\/11\/DSCN0043.jpg 1600w\" sizes=\"(max-width: 1600px) 100vw, 1600px\" \/><\/a><\/div><\/div><div style=\"padding:5px;\" class=\"fusion-grid-column fusion-gallery-column fusion-gallery-column-4 hover-type-none\"><div class=\"fusion-gallery-image\"><a href=\"https:\/\/freon-elagage.com\/wp-content\/uploads\/2015\/11\/Broyeuse-souches-1m50.jpg\" rel=\"noreferrer\" data-rel=\"iLightbox[gallery_image_1]\" class=\"fusion-lightbox\" target=\"_self\"><img decoding=\"async\" src=\"https:\/\/freon-elagage.com\/wp-content\/uploads\/2015\/11\/Broyeuse-souches-1m50.jpg\" width=\"640\" height=\"480\" alt=\"\" title=\"\" aria-label=\"\" class=\"img-responsive wp-image-11373\" srcset=\"https:\/\/freon-elagage.com\/wp-content\/uploads\/2015\/11\/Broyeuse-souches-1m50-300x225.jpg 300w, https:\/\/freon-elagage.com\/wp-content\/uploads\/2015\/11\/Broyeuse-souches-1m50.jpg 640w\" sizes=\"(max-width: 640px) 100vw, 640px\" \/><\/a><\/div><\/div><div class=\"clearfix\"><\/div><div style=\"padding:5px;\" class=\"fusion-grid-column fusion-gallery-column fusion-gallery-column-4 hover-type-none\"><div class=\"fusion-gallery-image\"><a href=\"https:\/\/freon-elagage.com\/wp-content\/uploads\/2015\/11\/fraiseuse-forestiere.jpg\" rel=\"noreferrer\" data-rel=\"iLightbox[gallery_image_1]\" class=\"fusion-lightbox\" target=\"_self\"><img decoding=\"async\" src=\"https:\/\/freon-elagage.com\/wp-content\/uploads\/2015\/11\/fraiseuse-forestiere.jpg\" width=\"2544\" height=\"1904\" alt=\"\" title=\"\" aria-label=\"\" class=\"img-responsive wp-image-11378\" srcset=\"https:\/\/freon-elagage.com\/wp-content\/uploads\/2015\/11\/fraiseuse-forestiere-300x225.jpg 300w, https:\/\/freon-elagage.com\/wp-content\/uploads\/2015\/11\/fraiseuse-forestiere-1024x766.jpg 1024w, https:\/\/freon-elagage.com\/wp-content\/uploads\/2015\/11\/fraiseuse-forestiere.jpg 2544w\" sizes=\"(max-width: 2544px) 100vw, 2544px\" \/><\/a><\/div><\/div><div style=\"padding:5px;\" class=\"fusion-grid-column fusion-gallery-column fusion-gallery-column-4 hover-type-none\"><div class=\"fusion-gallery-image\"><a href=\"https:\/\/freon-elagage.com\/wp-content\/uploads\/2015\/11\/GRIGNOTEUSE-SOUCHES-5.jpg\" rel=\"noreferrer\" data-rel=\"iLightbox[gallery_image_1]\" class=\"fusion-lightbox\" target=\"_self\"><img decoding=\"async\" src=\"https:\/\/freon-elagage.com\/wp-content\/uploads\/2015\/11\/GRIGNOTEUSE-SOUCHES-5.jpg\" width=\"2272\" height=\"1704\" alt=\"\" title=\"\" aria-label=\"\" class=\"img-responsive wp-image-11379\" srcset=\"https:\/\/freon-elagage.com\/wp-content\/uploads\/2015\/11\/GRIGNOTEUSE-SOUCHES-5-300x225.jpg 300w, https:\/\/freon-elagage.com\/wp-content\/uploads\/2015\/11\/GRIGNOTEUSE-SOUCHES-5-1024x768.jpg 1024w, https:\/\/freon-elagage.com\/wp-content\/uploads\/2015\/11\/GRIGNOTEUSE-SOUCHES-5.jpg 2272w\" sizes=\"(max-width: 2272px) 100vw, 2272px\" \/><\/a><\/div><\/div><div style=\"padding:5px;\" class=\"fusion-grid-column fusion-gallery-column fusion-gallery-column-4 hover-type-none\"><div class=\"fusion-gallery-image\"><a href=\"https:\/\/freon-elagage.com\/wp-content\/uploads\/2015\/11\/P1010653.jpg\" rel=\"noreferrer\" data-rel=\"iLightbox[gallery_image_1]\" class=\"fusion-lightbox\" target=\"_self\"><img decoding=\"async\" src=\"https:\/\/freon-elagage.com\/wp-content\/uploads\/2015\/11\/P1010653.jpg\" width=\"4000\" height=\"3000\" alt=\"\" title=\"\" aria-label=\"\" class=\"img-responsive wp-image-11381\" srcset=\"https:\/\/freon-elagage.com\/wp-content\/uploads\/2015\/11\/P1010653-300x225.jpg 300w, https:\/\/freon-elagage.com\/wp-content\/uploads\/2015\/11\/P1010653-1024x768.jpg 1024w, https:\/\/freon-elagage.com\/wp-content\/uploads\/2015\/11\/P1010653.jpg 4000w\" sizes=\"(max-width: 4000px) 100vw, 4000px\" \/><\/a><\/div><\/div><div style=\"padding:5px;\" class=\"fusion-grid-column fusion-gallery-column fusion-gallery-column-4 hover-type-none\"><div class=\"fusion-gallery-image\"><a href=\"https:\/\/freon-elagage.com\/wp-content\/uploads\/2015\/11\/P1010655.jpg\" rel=\"noreferrer\" data-rel=\"iLightbox[gallery_image_1]\" class=\"fusion-lightbox\" target=\"_self\"><img decoding=\"async\" src=\"https:\/\/freon-elagage.com\/wp-content\/uploads\/2015\/11\/P1010655.jpg\" width=\"4000\" height=\"3000\" alt=\"\" title=\"\" aria-label=\"\" class=\"img-responsive wp-image-11382\" srcset=\"https:\/\/freon-elagage.com\/wp-content\/uploads\/2015\/11\/P1010655-300x225.jpg 300w, https:\/\/freon-elagage.com\/wp-content\/uploads\/2015\/11\/P1010655-1024x768.jpg 1024w, https:\/\/freon-elagage.com\/wp-content\/uploads\/2015\/11\/P1010655.jpg 4000w\" sizes=\"(max-width: 4000px) 100vw, 4000px\" \/><\/a><\/div><\/div><div class=\"clearfix\"><\/div><div style=\"padding:5px;\" class=\"fusion-grid-column fusion-gallery-column fusion-gallery-column-4 hover-type-none\"><div class=\"fusion-gallery-image\"><a href=\"https:\/\/freon-elagage.com\/wp-content\/uploads\/2015\/11\/grignoteuse1.jpg\" rel=\"noreferrer\" data-rel=\"iLightbox[gallery_image_1]\" class=\"fusion-lightbox\" target=\"_self\"><img decoding=\"async\" src=\"https:\/\/freon-elagage.com\/wp-content\/uploads\/2015\/11\/grignoteuse1.jpg\" width=\"803\" height=\"768\" alt=\"\" title=\"\" aria-label=\"\" class=\"img-responsive wp-image-11380\" srcset=\"https:\/\/freon-elagage.com\/wp-content\/uploads\/2015\/11\/grignoteuse1-52x50.jpg 52w, https:\/\/freon-elagage.com\/wp-content\/uploads\/2015\/11\/grignoteuse1-300x287.jpg 300w, https:\/\/freon-elagage.com\/wp-content\/uploads\/2015\/11\/grignoteuse1.jpg 803w\" sizes=\"(max-width: 803px) 100vw, 803px\" \/><\/a><\/div><\/div><div style=\"padding:5px;\" class=\"fusion-grid-column fusion-gallery-column fusion-gallery-column-4 hover-type-none\"><div class=\"fusion-gallery-image\"><a href=\"https:\/\/freon-elagage.com\/wp-content\/uploads\/2015\/11\/grignoteuse-1.jpg\" rel=\"noreferrer\" data-rel=\"iLightbox[gallery_image_1]\" class=\"fusion-lightbox\" target=\"_self\"><img decoding=\"async\" src=\"https:\/\/freon-elagage.com\/wp-content\/uploads\/2015\/11\/grignoteuse-1.jpg\" width=\"800\" height=\"480\" alt=\"\" title=\"grignoteuse (1)\" aria-label=\"grignoteuse (1)\" class=\"img-responsive wp-image-11686\" srcset=\"https:\/\/freon-elagage.com\/wp-content\/uploads\/2015\/11\/grignoteuse-1-300x180.jpg 300w, https:\/\/freon-elagage.com\/wp-content\/uploads\/2015\/11\/grignoteuse-1-768x461.jpg 768w, https:\/\/freon-elagage.com\/wp-content\/uploads\/2015\/11\/grignoteuse-1.jpg 800w\" sizes=\"(max-width: 800px) 100vw, 800px\" \/><\/a><\/div><\/div><div style=\"padding:5px;\" class=\"fusion-grid-column fusion-gallery-column fusion-gallery-column-4 hover-type-none\"><div class=\"fusion-gallery-image\"><a href=\"https:\/\/freon-elagage.com\/wp-content\/uploads\/2015\/11\/grignoteuse-2.jpg\" rel=\"noreferrer\" data-rel=\"iLightbox[gallery_image_1]\" class=\"fusion-lightbox\" target=\"_self\"><img decoding=\"async\" src=\"https:\/\/freon-elagage.com\/wp-content\/uploads\/2015\/11\/grignoteuse-2.jpg\" width=\"800\" height=\"480\" alt=\"\" title=\"grignoteuse (2)\" aria-label=\"grignoteuse (2)\" class=\"img-responsive wp-image-11687\" srcset=\"https:\/\/freon-elagage.com\/wp-content\/uploads\/2015\/11\/grignoteuse-2-300x180.jpg 300w, https:\/\/freon-elagage.com\/wp-content\/uploads\/2015\/11\/grignoteuse-2-768x461.jpg 768w, https:\/\/freon-elagage.com\/wp-content\/uploads\/2015\/11\/grignoteuse-2.jpg 800w\" sizes=\"(max-width: 800px) 100vw, 800px\" \/><\/a><\/div><\/div><\/div><\/div><div class=\"fusion-clearfix\"><\/div><\/div><\/div><\/div><\/div><div class=\"fusion-fullwidth fullwidth-box fusion-builder-row-4 nonhundred-percent-fullwidth non-hundred-percent-height-scrolling\" style=\"--awb-border-radius-top-left:0px;--awb-border-radius-top-right:0px;--awb-border-radius-bottom-right:0px;--awb-border-radius-bottom-left:0px;--awb-margin-top:20px;--awb-flex-wrap:wrap;\" ><div class=\"fusion-builder-row fusion-row\"><div class=\"fusion-layout-column fusion_builder_column fusion-builder-column-4 fusion_builder_column_1_1 1_1 fusion-one-full fusion-column-first fusion-column-last\" style=\"--awb-bg-size:cover;\"><div class=\"fusion-column-wrapper fusion-flex-column-wrapper-legacy\"><div class=\"fusion-aligncenter\"><a class=\"fusion-button button-flat button-medium button-custom fusion-button-default button-1 fusion-button-default-span \" style=\"--button_accent_color:#ffffff;--button_accent_hover_color:#ffffff;--button_border_hover_color:#ffffff;--button_gradient_top_color:#0a81c5;--button_gradient_bottom_color:#0a81c5;--button_gradient_top_color_hover:#fbaf33;--button_gradient_bottom_color_hover:#fbaf33;\" target=\"_self\" href=\"..\/le-parc-materiel\/\"><span class=\"fusion-button-text\">Retour<\/span><\/a><\/div><div class=\"fusion-clearfix\"><\/div><\/div><\/div><\/div><\/div><\/p>\n","protected":false},"excerpt":{"rendered":"","protected":false},"author":1,"featured_media":0,"parent":0,"menu_order":0,"comment_status":"closed","ping_status":"closed","template":"100-width.php","meta":{"footnotes":""},"yoast_head":"<!-- This site is optimized with the Yoast SEO plugin v22.4 - https:\/\/yoast.com\/wordpress\/plugins\/seo\/ -->\n<title>Les grignoteuses de souches - JEAN FREON ELAGAGE<\/title>\n<meta name=\"robots\" content=\"index, follow, max-snippet:-1, max-image-preview:large, max-video-preview:-1\" \/>\n<link rel=\"canonical\" href=\"https:\/\/freon-elagage.com\/professionnel\/les-grignoteuses-de-souches\/\" \/>\n<meta property=\"og:locale\" content=\"fr_FR\" \/>\n<meta property=\"og:type\" content=\"article\" \/>\n<meta property=\"og:title\" content=\"Les grignoteuses de souches - JEAN FREON ELAGAGE\" \/>\n<meta property=\"og:url\" content=\"https:\/\/freon-elagage.com\/professionnel\/les-grignoteuses-de-souches\/\" \/>\n<meta property=\"og:site_name\" content=\"JEAN FREON ELAGAGE\" \/>\n<meta property=\"article:publisher\" content=\"https:\/\/www.facebook.com\/jeanfreonelagage\/\" \/>\n<meta property=\"article:modified_time\" content=\"2019-09-03T07:57:05+00:00\" \/>\n<meta name=\"twitter:label1\" content=\"Dur\u00e9e de lecture estim\u00e9e\" \/>\n\t<meta name=\"twitter:data1\" content=\"5 minutes\" \/>\n<script type=\"application\/ld+json\" class=\"yoast-schema-graph\">{\"@context\":\"https:\/\/schema.org\",\"@graph\":[{\"@type\":\"WebPage\",\"@id\":\"https:\/\/freon-elagage.com\/professionnel\/les-grignoteuses-de-souches\/\",\"url\":\"https:\/\/freon-elagage.com\/professionnel\/les-grignoteuses-de-souches\/\",\"name\":\"Les grignoteuses de souches - JEAN FREON ELAGAGE\",\"isPartOf\":{\"@id\":\"https:\/\/freon-elagage.com\/professionnel\/#website\"},\"datePublished\":\"2015-11-03T10:15:23+00:00\",\"dateModified\":\"2019-09-03T07:57:05+00:00\",\"breadcrumb\":{\"@id\":\"https:\/\/freon-elagage.com\/professionnel\/les-grignoteuses-de-souches\/#breadcrumb\"},\"inLanguage\":\"fr-FR\",\"potentialAction\":[{\"@type\":\"ReadAction\",\"target\":[\"https:\/\/freon-elagage.com\/professionnel\/les-grignoteuses-de-souches\/\"]}]},{\"@type\":\"BreadcrumbList\",\"@id\":\"https:\/\/freon-elagage.com\/professionnel\/les-grignoteuses-de-souches\/#breadcrumb\",\"itemListElement\":[{\"@type\":\"ListItem\",\"position\":1,\"name\":\"Accueil\",\"item\":\"https:\/\/freon-elagage.com\/professionnel\/\"},{\"@type\":\"ListItem\",\"position\":2,\"name\":\"Les grignoteuses de souches\"}]},{\"@type\":\"WebSite\",\"@id\":\"https:\/\/freon-elagage.com\/professionnel\/#website\",\"url\":\"https:\/\/freon-elagage.com\/professionnel\/\",\"name\":\"JEAN FREON ELAGAGE\",\"description\":\"Elagage pour professionnels et particuliers\",\"potentialAction\":[{\"@type\":\"SearchAction\",\"target\":{\"@type\":\"EntryPoint\",\"urlTemplate\":\"https:\/\/freon-elagage.com\/professionnel\/?s={search_term_string}\"},\"query-input\":\"required name=search_term_string\"}],\"inLanguage\":\"fr-FR\"}]}<\/script>\n<!-- \/ Yoast SEO plugin. -->","yoast_head_json":{"title":"Les grignoteuses de souches - JEAN FREON ELAGAGE","robots":{"index":"index","follow":"follow","max-snippet":"max-snippet:-1","max-image-preview":"max-image-preview:large","max-video-preview":"max-video-preview:-1"},"canonical":"https:\/\/freon-elagage.com\/professionnel\/les-grignoteuses-de-souches\/","og_locale":"fr_FR","og_type":"article","og_title":"Les grignoteuses de souches - JEAN FREON ELAGAGE","og_url":"https:\/\/freon-elagage.com\/professionnel\/les-grignoteuses-de-souches\/","og_site_name":"JEAN FREON ELAGAGE","article_publisher":"https:\/\/www.facebook.com\/jeanfreonelagage\/","article_modified_time":"2019-09-03T07:57:05+00:00","twitter_misc":{"Dur\u00e9e de lecture estim\u00e9e":"5 minutes"},"schema":{"@context":"https:\/\/schema.org","@graph":[{"@type":"WebPage","@id":"https:\/\/freon-elagage.com\/professionnel\/les-grignoteuses-de-souches\/","url":"https:\/\/freon-elagage.com\/professionnel\/les-grignoteuses-de-souches\/","name":"Les grignoteuses de souches - JEAN FREON ELAGAGE","isPartOf":{"@id":"https:\/\/freon-elagage.com\/professionnel\/#website"},"datePublished":"2015-11-03T10:15:23+00:00","dateModified":"2019-09-03T07:57:05+00:00","breadcrumb":{"@id":"https:\/\/freon-elagage.com\/professionnel\/les-grignoteuses-de-souches\/#breadcrumb"},"inLanguage":"fr-FR","potentialAction":[{"@type":"ReadAction","target":["https:\/\/freon-elagage.com\/professionnel\/les-grignoteuses-de-souches\/"]}]},{"@type":"BreadcrumbList","@id":"https:\/\/freon-elagage.com\/professionnel\/les-grignoteuses-de-souches\/#breadcrumb","itemListElement":[{"@type":"ListItem","position":1,"name":"Accueil","item":"https:\/\/freon-elagage.com\/professionnel\/"},{"@type":"ListItem","position":2,"name":"Les grignoteuses de souches"}]},{"@type":"WebSite","@id":"https:\/\/freon-elagage.com\/professionnel\/#website","url":"https:\/\/freon-elagage.com\/professionnel\/","name":"JEAN FREON ELAGAGE","description":"Elagage pour professionnels et particuliers","potentialAction":[{"@type":"SearchAction","target":{"@type":"EntryPoint","urlTemplate":"https:\/\/freon-elagage.com\/professionnel\/?s={search_term_string}"},"query-input":"required name=search_term_string"}],"inLanguage":"fr-FR"}]}},"_links":{"self":[{"href":"https:\/\/freon-elagage.com\/professionnel\/wp-json\/wp\/v2\/pages\/11370"}],"collection":[{"href":"https:\/\/freon-elagage.com\/professionnel\/wp-json\/wp\/v2\/pages"}],"about":[{"href":"https:\/\/freon-elagage.com\/professionnel\/wp-json\/wp\/v2\/types\/page"}],"author":[{"embeddable":true,"href":"https:\/\/freon-elagage.com\/professionnel\/wp-json\/wp\/v2\/users\/1"}],"replies":[{"embeddable":true,"href":"https:\/\/freon-elagage.com\/professionnel\/wp-json\/wp\/v2\/comments?post=11370"}],"version-history":[{"count":14,"href":"https:\/\/freon-elagage.com\/professionnel\/wp-json\/wp\/v2\/pages\/11370\/revisions"}],"predecessor-version":[{"id":13310,"href":"https:\/\/freon-elagage.com\/professionnel\/wp-json\/wp\/v2\/pages\/11370\/revisions\/13310"}],"wp:attachment":[{"href":"https:\/\/freon-elagage.com\/professionnel\/wp-json\/wp\/v2\/media?parent=11370"}],"curies":[{"name":"wp","href":"https:\/\/api.w.org\/{rel}","templated":true}]}}