{"id":11305,"date":"2015-11-03T10:15:37","date_gmt":"2015-11-03T09:15:37","guid":{"rendered":"\/?page_id=11305"},"modified":"2019-09-03T08:34:59","modified_gmt":"2019-09-03T07:34:59","slug":"les-broyeuses-de-branches","status":"publish","type":"page","link":"https:\/\/freon-elagage.com\/professionnel\/les-broyeuses-de-branches\/","title":{"rendered":"Les broyeuses de branches"},"content":{"rendered":"<p><div class=\"fusion-fullwidth fullwidth-box fusion-builder-row-1 nonhundred-percent-fullwidth non-hundred-percent-height-scrolling\" style=\"--awb-background-position:left top;--awb-border-radius-top-left:0px;--awb-border-radius-top-right:0px;--awb-border-radius-bottom-right:0px;--awb-border-radius-bottom-left:0px;--awb-padding-top:20px;--awb-padding-bottom:10px;--awb-border-sizes-top:0px;--awb-border-sizes-bottom:0px;--awb-flex-wrap:wrap;\" ><div class=\"fusion-builder-row fusion-row\"><div class=\"fusion-layout-column fusion_builder_column fusion-builder-column-0 fusion_builder_column_1_1 1_1 fusion-one-full fusion-column-first fusion-column-last fusion-column-no-min-height\" style=\"--awb-bg-size:cover;--awb-margin-bottom:0px;\"><div class=\"fusion-column-wrapper fusion-flex-column-wrapper-legacy\"><div class=\"fusion-title title fusion-title-1 fusion-title-text fusion-title-size-one\"><h1 class=\"fusion-title-heading title-heading-left\" style=\"margin:0;\">Les broyeuses de branches<\/h1><span class=\"awb-title-spacer\"><\/span><div class=\"title-sep-container\"><div class=\"title-sep sep-single sep-solid\" style=\"border-color:#e0dede;\"><\/div><\/div><\/div><div class=\"fusion-clearfix\"><\/div><\/div><\/div><\/div><\/div><div class=\"fusion-fullwidth fullwidth-box fusion-builder-row-2 nonhundred-percent-fullwidth non-hundred-percent-height-scrolling\" style=\"--awb-background-position:left top;--awb-border-radius-top-left:0px;--awb-border-radius-top-right:0px;--awb-border-radius-bottom-right:0px;--awb-border-radius-bottom-left:0px;--awb-padding-top:0px;--awb-padding-bottom:20px;--awb-border-sizes-top:0px;--awb-border-sizes-bottom:0px;--awb-flex-wrap:wrap;\" ><div class=\"fusion-builder-row fusion-row\"><div class=\"fusion-layout-column fusion_builder_column fusion-builder-column-1 fusion_builder_column_3_5 3_5 fusion-three-fifth fusion-column-first\" style=\"--awb-bg-size:cover;width:58.4%; margin-right: 4%;\"><div class=\"fusion-column-wrapper fusion-flex-column-wrapper-legacy\"><div class=\"fusion-text fusion-text-1\"><p class=\"descriptif\"><span id=\"intro\">A la suite d\u2019une taille<\/span> de haie ou d\u2019arbre, ce mat\u00e9riel permet de broyer des branches jusqu\u2019\u00e0 15cm pour obtenir des copeaux uniquement v\u00e9g\u00e9taux.<\/p>\n<p class=\"descriptif\"><span id=\"intro\">R\u00e9pondant l\u00e0 aussi \u00e0 la question du traitement<\/span> des d\u00e9chets v\u00e9g\u00e9taux, elle produit un broyat qui peut \u00eatre utilis\u00e9 comme combustible pour chaudi\u00e8res.<\/p>\n<p class=\"descriptif\"><span id=\"intro\"> Rapide et performante,<\/span> cette broyeuse est parfaite pour l\u2019entretien des parcs, jardins ou zones bois\u00e9es. Elle fait partie de notre gamme de mat\u00e9riel propos\u00e9e <span id=\"intro\">\u00e0 la location <\/span><\/p>\n<p>&nbsp;<\/p>\n<\/div><div class=\"fusion-image-element fusion-image-align-center in-legacy-container\" style=\"text-align:center;--awb-bottom-shadow-color:rgba(0,0,0,0.4);--awb-caption-title-font-family:var(--h2_typography-font-family);--awb-caption-title-font-weight:var(--h2_typography-font-weight);--awb-caption-title-font-style:var(--h2_typography-font-style);--awb-caption-title-size:var(--h2_typography-font-size);--awb-caption-title-transform:var(--h2_typography-text-transform);--awb-caption-title-line-height:var(--h2_typography-line-height);--awb-caption-title-letter-spacing:var(--h2_typography-letter-spacing);\"><div class=\"imageframe-align-center\"><div class=\"awb-image-frame awb-image-frame-1 fusion-image-frame-bottomshadow image-frame-shadow-1\"><span class=\" fusion-imageframe imageframe-bottomshadow imageframe-1 element-bottomshadow hover-type-none\" id=\"frameimg\"><img decoding=\"async\" src=\"\/wp-content\/uploads\/2015\/11\/broyeuse-branche.png\" alt class=\"img-responsive\"\/><\/span><\/div><\/div><\/div><div class=\"fusion-clearfix\"><\/div><\/div><\/div><div class=\"fusion-layout-column fusion_builder_column fusion-builder-column-2 fusion_builder_column_2_5 2_5 fusion-two-fifth fusion-column-last\" style=\"--awb-bg-size:cover;width:37.6%;\"><div class=\"fusion-column-wrapper fusion-flex-column-wrapper-legacy\"><div class=\"fusion-video fusion-youtube fusion-aligncenter\" style=\"--awb-max-width:425px;--awb-max-height:344px;--awb-width:100%;\"><div class=\"video-shortcode\"><div class=\"fluid-width-video-wrapper\" style=\"padding-top:80.94%;\" ><iframe class=\"fusion-hidden\" data-privacy-type=\"youtube\" src=\"\" title=\"YouTube video player 1\" data-privacy-src=\"https:\/\/www.youtube.com\/embed\/LuEJu_1kvCQ?wmode=transparent&autoplay=0&amp;fs=1&amp;rel=0\" width=\"425\" height=\"344\" allowfullscreen allow=\"autoplay; fullscreen\"><\/iframe><div class=\"fusion-privacy-placeholder\" style=\"width:425px; height:344px;\" data-privacy-type=\"youtube\"><div class=\"fusion-privacy-placeholder-content\"><div class=\"fusion-privacy-label\">Pour des raisons de confidentialit\u00e9 YouTube a besoin de votre autorisation pour charger.<\/div><a href=\"\" data-privacy-type=\"youtube\" class=\"fusion-button button-default fusion-button-default-size button fusion-privacy-consent\">J&#039;accepte<\/a><\/div><\/div><\/div><\/div><\/div><div class=\"fusion-clearfix\"><\/div><\/div><\/div><\/div><\/div><div class=\"fusion-fullwidth fullwidth-box fusion-builder-row-3 fusion-parallax-fixed nonhundred-percent-fullwidth non-hundred-percent-height-scrolling\" style=\"--awb-background-position:left top;--awb-border-radius-top-left:0px;--awb-border-radius-top-right:0px;--awb-border-radius-bottom-right:0px;--awb-border-radius-bottom-left:0px;--awb-padding-top:30px;--awb-padding-bottom:30px;--awb-background-image:url(&quot;http:\/\/s680111133.onlinehome.fr\/professionnel\/wp-content\/uploads\/2015\/10\/bgmat1.jpg&quot;);--awb-background-size:cover;--awb-flex-wrap:wrap;background-attachment:fixed;\" ><div class=\"fusion-builder-row fusion-row\"><div class=\"fusion-layout-column fusion_builder_column fusion-builder-column-3 fusion_builder_column_1_1 1_1 fusion-one-full fusion-column-first fusion-column-last fusion-column-no-min-height\" style=\"--awb-bg-size:cover;--awb-margin-bottom:0px;\"><div class=\"fusion-column-wrapper fusion-flex-column-wrapper-legacy\"><div class=\"awb-gallery-wrapper awb-gallery-wrapper-1 button-span-no\"><div style=\"margin:-10px;--awb-bordersize:0px;\" class=\"fusion-gallery fusion-gallery-container fusion-grid-4 fusion-columns-total-5 fusion-gallery-layout-grid fusion-gallery-1\"><div style=\"padding:10px;\" class=\"fusion-grid-column fusion-gallery-column fusion-gallery-column-4 hover-type-none\"><div class=\"fusion-gallery-image\"><a href=\"https:\/\/freon-elagage.com\/wp-content\/uploads\/2015\/11\/DSCN3853.jpg\" rel=\"noreferrer\" data-rel=\"iLightbox[gallery_image_1]\" class=\"fusion-lightbox\" target=\"_self\"><img decoding=\"async\" src=\"https:\/\/freon-elagage.com\/wp-content\/uploads\/2015\/11\/DSCN3853.jpg\" width=\"1600\" height=\"1200\" alt=\"\" title=\"\" aria-label=\"\" class=\"img-responsive wp-image-11307\" srcset=\"https:\/\/freon-elagage.com\/wp-content\/uploads\/2015\/11\/DSCN3853-300x225.jpg 300w, https:\/\/freon-elagage.com\/wp-content\/uploads\/2015\/11\/DSCN3853-1024x768.jpg 1024w, https:\/\/freon-elagage.com\/wp-content\/uploads\/2015\/11\/DSCN3853.jpg 1600w\" sizes=\"(max-width: 1600px) 100vw, 1600px\" \/><\/a><\/div><\/div><div style=\"padding:10px;\" class=\"fusion-grid-column fusion-gallery-column fusion-gallery-column-4 hover-type-none\"><div class=\"fusion-gallery-image\"><a href=\"https:\/\/freon-elagage.com\/wp-content\/uploads\/2015\/11\/DSCN3854.jpg\" rel=\"noreferrer\" data-rel=\"iLightbox[gallery_image_1]\" class=\"fusion-lightbox\" target=\"_self\"><img decoding=\"async\" src=\"https:\/\/freon-elagage.com\/wp-content\/uploads\/2015\/11\/DSCN3854.jpg\" width=\"1600\" height=\"1200\" alt=\"\" title=\"\" aria-label=\"\" class=\"img-responsive wp-image-11308\" srcset=\"https:\/\/freon-elagage.com\/wp-content\/uploads\/2015\/11\/DSCN3854-300x225.jpg 300w, https:\/\/freon-elagage.com\/wp-content\/uploads\/2015\/11\/DSCN3854-1024x768.jpg 1024w, https:\/\/freon-elagage.com\/wp-content\/uploads\/2015\/11\/DSCN3854.jpg 1600w\" sizes=\"(max-width: 1600px) 100vw, 1600px\" \/><\/a><\/div><\/div><div style=\"padding:10px;\" class=\"fusion-grid-column fusion-gallery-column fusion-gallery-column-4 hover-type-none\"><div class=\"fusion-gallery-image\"><a href=\"https:\/\/freon-elagage.com\/wp-content\/uploads\/2015\/11\/DSCN3855.jpg\" rel=\"noreferrer\" data-rel=\"iLightbox[gallery_image_1]\" class=\"fusion-lightbox\" target=\"_self\"><img decoding=\"async\" src=\"https:\/\/freon-elagage.com\/wp-content\/uploads\/2015\/11\/DSCN3855.jpg\" width=\"1600\" height=\"1200\" alt=\"\" title=\"\" aria-label=\"\" class=\"img-responsive wp-image-11309\" srcset=\"https:\/\/freon-elagage.com\/wp-content\/uploads\/2015\/11\/DSCN3855-300x225.jpg 300w, https:\/\/freon-elagage.com\/wp-content\/uploads\/2015\/11\/DSCN3855-1024x768.jpg 1024w, https:\/\/freon-elagage.com\/wp-content\/uploads\/2015\/11\/DSCN3855.jpg 1600w\" sizes=\"(max-width: 1600px) 100vw, 1600px\" \/><\/a><\/div><\/div><div style=\"padding:10px;\" class=\"fusion-grid-column fusion-gallery-column fusion-gallery-column-4 hover-type-none\"><div class=\"fusion-gallery-image\"><a href=\"https:\/\/freon-elagage.com\/wp-content\/uploads\/2015\/11\/DSCN3857.jpg\" rel=\"noreferrer\" data-rel=\"iLightbox[gallery_image_1]\" class=\"fusion-lightbox\" target=\"_self\"><img decoding=\"async\" src=\"https:\/\/freon-elagage.com\/wp-content\/uploads\/2015\/11\/DSCN3857.jpg\" width=\"1600\" height=\"1200\" alt=\"\" title=\"\" aria-label=\"\" class=\"img-responsive wp-image-11310\" srcset=\"https:\/\/freon-elagage.com\/wp-content\/uploads\/2015\/11\/DSCN3857-300x225.jpg 300w, https:\/\/freon-elagage.com\/wp-content\/uploads\/2015\/11\/DSCN3857-1024x768.jpg 1024w, https:\/\/freon-elagage.com\/wp-content\/uploads\/2015\/11\/DSCN3857.jpg 1600w\" sizes=\"(max-width: 1600px) 100vw, 1600px\" \/><\/a><\/div><\/div><div class=\"clearfix\"><\/div><div style=\"padding:10px;\" class=\"fusion-grid-column fusion-gallery-column fusion-gallery-column-4 hover-type-none\"><div class=\"fusion-gallery-image\"><a href=\"https:\/\/freon-elagage.com\/wp-content\/uploads\/2015\/11\/IMG_1356.jpg\" rel=\"noreferrer\" data-rel=\"iLightbox[gallery_image_1]\" class=\"fusion-lightbox\" target=\"_self\"><img decoding=\"async\" src=\"https:\/\/freon-elagage.com\/wp-content\/uploads\/2015\/11\/IMG_1356.jpg\" width=\"2048\" height=\"1536\" alt=\"\" title=\"\" aria-label=\"\" class=\"img-responsive wp-image-11311\" srcset=\"https:\/\/freon-elagage.com\/wp-content\/uploads\/2015\/11\/IMG_1356-300x225.jpg 300w, https:\/\/freon-elagage.com\/wp-content\/uploads\/2015\/11\/IMG_1356-1024x768.jpg 1024w, https:\/\/freon-elagage.com\/wp-content\/uploads\/2015\/11\/IMG_1356.jpg 2048w\" sizes=\"(max-width: 2048px) 100vw, 2048px\" \/><\/a><\/div><\/div><\/div><\/div><div class=\"fusion-clearfix\"><\/div><\/div><\/div><\/div><\/div><div class=\"fusion-fullwidth fullwidth-box fusion-builder-row-4 nonhundred-percent-fullwidth non-hundred-percent-height-scrolling\" style=\"--awb-border-radius-top-left:0px;--awb-border-radius-top-right:0px;--awb-border-radius-bottom-right:0px;--awb-border-radius-bottom-left:0px;--awb-margin-top:20px;--awb-flex-wrap:wrap;\" ><div class=\"fusion-builder-row fusion-row\"><div class=\"fusion-layout-column fusion_builder_column fusion-builder-column-4 fusion_builder_column_1_1 1_1 fusion-one-full fusion-column-first fusion-column-last\" style=\"--awb-bg-size:cover;\"><div class=\"fusion-column-wrapper fusion-flex-column-wrapper-legacy\"><div class=\"fusion-aligncenter\"><a class=\"fusion-button button-flat button-medium button-custom fusion-button-default button-1 fusion-button-default-span \" style=\"--button_accent_color:#ffffff;--button_accent_hover_color:#ffffff;--button_border_hover_color:#ffffff;--button_gradient_top_color:#0a81c5;--button_gradient_bottom_color:#0a81c5;--button_gradient_top_color_hover:#fbaf33;--button_gradient_bottom_color_hover:#fbaf33;\" target=\"_self\" href=\"..\/le-parc-materiel\/\"><span class=\"fusion-button-text\">Retour<\/span><\/a><\/div><div class=\"fusion-clearfix\"><\/div><\/div><\/div><\/div><\/div><\/p>\n","protected":false},"excerpt":{"rendered":"","protected":false},"author":1,"featured_media":0,"parent":0,"menu_order":0,"comment_status":"closed","ping_status":"closed","template":"100-width.php","meta":{"footnotes":""},"yoast_head":"<!-- This site is optimized with the Yoast SEO plugin v22.4 - https:\/\/yoast.com\/wordpress\/plugins\/seo\/ -->\n<title>Les broyeuses de branches - JEAN FREON ELAGAGE<\/title>\n<meta name=\"robots\" content=\"index, follow, max-snippet:-1, max-image-preview:large, max-video-preview:-1\" \/>\n<link rel=\"canonical\" href=\"https:\/\/freon-elagage.com\/professionnel\/les-broyeuses-de-branches\/\" \/>\n<meta property=\"og:locale\" content=\"fr_FR\" \/>\n<meta property=\"og:type\" content=\"article\" \/>\n<meta property=\"og:title\" content=\"Les broyeuses de branches - JEAN FREON ELAGAGE\" \/>\n<meta property=\"og:url\" content=\"https:\/\/freon-elagage.com\/professionnel\/les-broyeuses-de-branches\/\" \/>\n<meta property=\"og:site_name\" content=\"JEAN FREON ELAGAGE\" \/>\n<meta property=\"article:publisher\" content=\"https:\/\/www.facebook.com\/jeanfreonelagage\/\" \/>\n<meta property=\"article:modified_time\" content=\"2019-09-03T07:34:59+00:00\" \/>\n<meta name=\"twitter:label1\" content=\"Dur\u00e9e de lecture estim\u00e9e\" \/>\n\t<meta name=\"twitter:data1\" content=\"5 minutes\" \/>\n<script type=\"application\/ld+json\" class=\"yoast-schema-graph\">{\"@context\":\"https:\/\/schema.org\",\"@graph\":[{\"@type\":\"WebPage\",\"@id\":\"https:\/\/freon-elagage.com\/professionnel\/les-broyeuses-de-branches\/\",\"url\":\"https:\/\/freon-elagage.com\/professionnel\/les-broyeuses-de-branches\/\",\"name\":\"Les broyeuses de branches - JEAN FREON ELAGAGE\",\"isPartOf\":{\"@id\":\"https:\/\/freon-elagage.com\/professionnel\/#website\"},\"datePublished\":\"2015-11-03T09:15:37+00:00\",\"dateModified\":\"2019-09-03T07:34:59+00:00\",\"breadcrumb\":{\"@id\":\"https:\/\/freon-elagage.com\/professionnel\/les-broyeuses-de-branches\/#breadcrumb\"},\"inLanguage\":\"fr-FR\",\"potentialAction\":[{\"@type\":\"ReadAction\",\"target\":[\"https:\/\/freon-elagage.com\/professionnel\/les-broyeuses-de-branches\/\"]}]},{\"@type\":\"BreadcrumbList\",\"@id\":\"https:\/\/freon-elagage.com\/professionnel\/les-broyeuses-de-branches\/#breadcrumb\",\"itemListElement\":[{\"@type\":\"ListItem\",\"position\":1,\"name\":\"Accueil\",\"item\":\"https:\/\/freon-elagage.com\/professionnel\/\"},{\"@type\":\"ListItem\",\"position\":2,\"name\":\"Les broyeuses de branches\"}]},{\"@type\":\"WebSite\",\"@id\":\"https:\/\/freon-elagage.com\/professionnel\/#website\",\"url\":\"https:\/\/freon-elagage.com\/professionnel\/\",\"name\":\"JEAN FREON ELAGAGE\",\"description\":\"Elagage pour professionnels et particuliers\",\"potentialAction\":[{\"@type\":\"SearchAction\",\"target\":{\"@type\":\"EntryPoint\",\"urlTemplate\":\"https:\/\/freon-elagage.com\/professionnel\/?s={search_term_string}\"},\"query-input\":\"required name=search_term_string\"}],\"inLanguage\":\"fr-FR\"}]}<\/script>\n<!-- \/ Yoast SEO plugin. -->","yoast_head_json":{"title":"Les broyeuses de branches - JEAN FREON ELAGAGE","robots":{"index":"index","follow":"follow","max-snippet":"max-snippet:-1","max-image-preview":"max-image-preview:large","max-video-preview":"max-video-preview:-1"},"canonical":"https:\/\/freon-elagage.com\/professionnel\/les-broyeuses-de-branches\/","og_locale":"fr_FR","og_type":"article","og_title":"Les broyeuses de branches - JEAN FREON ELAGAGE","og_url":"https:\/\/freon-elagage.com\/professionnel\/les-broyeuses-de-branches\/","og_site_name":"JEAN FREON ELAGAGE","article_publisher":"https:\/\/www.facebook.com\/jeanfreonelagage\/","article_modified_time":"2019-09-03T07:34:59+00:00","twitter_misc":{"Dur\u00e9e de lecture estim\u00e9e":"5 minutes"},"schema":{"@context":"https:\/\/schema.org","@graph":[{"@type":"WebPage","@id":"https:\/\/freon-elagage.com\/professionnel\/les-broyeuses-de-branches\/","url":"https:\/\/freon-elagage.com\/professionnel\/les-broyeuses-de-branches\/","name":"Les broyeuses de branches - JEAN FREON ELAGAGE","isPartOf":{"@id":"https:\/\/freon-elagage.com\/professionnel\/#website"},"datePublished":"2015-11-03T09:15:37+00:00","dateModified":"2019-09-03T07:34:59+00:00","breadcrumb":{"@id":"https:\/\/freon-elagage.com\/professionnel\/les-broyeuses-de-branches\/#breadcrumb"},"inLanguage":"fr-FR","potentialAction":[{"@type":"ReadAction","target":["https:\/\/freon-elagage.com\/professionnel\/les-broyeuses-de-branches\/"]}]},{"@type":"BreadcrumbList","@id":"https:\/\/freon-elagage.com\/professionnel\/les-broyeuses-de-branches\/#breadcrumb","itemListElement":[{"@type":"ListItem","position":1,"name":"Accueil","item":"https:\/\/freon-elagage.com\/professionnel\/"},{"@type":"ListItem","position":2,"name":"Les broyeuses de branches"}]},{"@type":"WebSite","@id":"https:\/\/freon-elagage.com\/professionnel\/#website","url":"https:\/\/freon-elagage.com\/professionnel\/","name":"JEAN FREON ELAGAGE","description":"Elagage pour professionnels et particuliers","potentialAction":[{"@type":"SearchAction","target":{"@type":"EntryPoint","urlTemplate":"https:\/\/freon-elagage.com\/professionnel\/?s={search_term_string}"},"query-input":"required name=search_term_string"}],"inLanguage":"fr-FR"}]}},"_links":{"self":[{"href":"https:\/\/freon-elagage.com\/professionnel\/wp-json\/wp\/v2\/pages\/11305"}],"collection":[{"href":"https:\/\/freon-elagage.com\/professionnel\/wp-json\/wp\/v2\/pages"}],"about":[{"href":"https:\/\/freon-elagage.com\/professionnel\/wp-json\/wp\/v2\/types\/page"}],"author":[{"embeddable":true,"href":"https:\/\/freon-elagage.com\/professionnel\/wp-json\/wp\/v2\/users\/1"}],"replies":[{"embeddable":true,"href":"https:\/\/freon-elagage.com\/professionnel\/wp-json\/wp\/v2\/comments?post=11305"}],"version-history":[{"count":32,"href":"https:\/\/freon-elagage.com\/professionnel\/wp-json\/wp\/v2\/pages\/11305\/revisions"}],"predecessor-version":[{"id":13305,"href":"https:\/\/freon-elagage.com\/professionnel\/wp-json\/wp\/v2\/pages\/11305\/revisions\/13305"}],"wp:attachment":[{"href":"https:\/\/freon-elagage.com\/professionnel\/wp-json\/wp\/v2\/media?parent=11305"}],"curies":[{"name":"wp","href":"https:\/\/api.w.org\/{rel}","templated":true}]}}