{"id":11284,"date":"2015-11-03T09:36:15","date_gmt":"2015-11-03T08:36:15","guid":{"rendered":"\/?page_id=11284"},"modified":"2024-01-18T09:55:06","modified_gmt":"2024-01-18T08:55:06","slug":"les-broyeurs-forestiers","status":"publish","type":"page","link":"https:\/\/freon-elagage.com\/professionnel\/les-broyeurs-forestiers\/","title":{"rendered":"Les broyeurs forestiers"},"content":{"rendered":"<p><div class=\"fusion-fullwidth fullwidth-box fusion-builder-row-1 nonhundred-percent-fullwidth non-hundred-percent-height-scrolling\" style=\"--awb-background-position:left top;--awb-border-radius-top-left:0px;--awb-border-radius-top-right:0px;--awb-border-radius-bottom-right:0px;--awb-border-radius-bottom-left:0px;--awb-padding-top:20px;--awb-padding-bottom:10px;--awb-border-sizes-top:0px;--awb-border-sizes-bottom:0px;--awb-flex-wrap:wrap;\" ><div class=\"fusion-builder-row fusion-row\"><div class=\"fusion-layout-column fusion_builder_column fusion-builder-column-0 fusion_builder_column_1_1 1_1 fusion-one-full fusion-column-first fusion-column-last fusion-column-no-min-height\" style=\"--awb-bg-size:cover;--awb-margin-bottom:0px;\"><div class=\"fusion-column-wrapper fusion-flex-column-wrapper-legacy\"><div class=\"fusion-title title fusion-title-1 fusion-title-text fusion-title-size-one\"><h1 class=\"fusion-title-heading title-heading-left\" style=\"margin:0;\">Les broyeurs forestiers<\/h1><span class=\"awb-title-spacer\"><\/span><div class=\"title-sep-container\"><div class=\"title-sep sep-single sep-solid\" style=\"border-color:#e0dede;\"><\/div><\/div><\/div><div class=\"fusion-clearfix\"><\/div><\/div><\/div><\/div><\/div><div class=\"fusion-fullwidth fullwidth-box fusion-builder-row-2 nonhundred-percent-fullwidth non-hundred-percent-height-scrolling\" style=\"--awb-background-position:left top;--awb-border-radius-top-left:0px;--awb-border-radius-top-right:0px;--awb-border-radius-bottom-right:0px;--awb-border-radius-bottom-left:0px;--awb-padding-top:0px;--awb-padding-bottom:20px;--awb-border-sizes-top:0px;--awb-border-sizes-bottom:0px;--awb-flex-wrap:wrap;\" ><div class=\"fusion-builder-row fusion-row\"><div class=\"fusion-layout-column fusion_builder_column fusion-builder-column-1 fusion_builder_column_3_5 3_5 fusion-three-fifth fusion-column-first\" style=\"--awb-bg-size:cover;width:58.4%; margin-right: 4%;\"><div class=\"fusion-column-wrapper fusion-flex-column-wrapper-legacy\"><div class=\"fusion-text fusion-text-1\"><p><span id=\"intro\"><\/span><span id=\"intro\">Le broyeur est con\u00e7u<\/span> pour le broyage de bois, de taillis ou encore de branchages dans les conditions m\u00eames les moins favorables. Il constitue un mat\u00e9riel id\u00e9al pour les d\u00e9boisements, gros d\u00e9broussaillages, la cr\u00e9ation et l&#8217;entretien d&#8217;all\u00e9es foresti\u00e8res ..<br \/>\n<span id=\"intro\">Il permet un travail pr\u00e9cis<\/span> avec une finition \u00abhach\u00e9e\u00bb ou \u00aben \u00e9tal\u00bb. Les produits broy\u00e9s constituent un compost organique, &#8220;le mulch&#8221;, qui permet d\u2019enrichir la terre. Le broyeur forestier s\u2019inscrit pleinement dans l\u2019optique d\u2019une revalorisation des d\u00e9chets verts.<\/p>\n<p>Nous disposons d&#8217;une gamme de broyeurs de 200 \u00e0 360 cv.<\/p>\n<\/div><div class=\"fusion-image-element fusion-image-align-center in-legacy-container\" style=\"text-align:center;--awb-bottom-shadow-color:rgba(0,0,0,0.4);--awb-caption-title-font-family:var(--h2_typography-font-family);--awb-caption-title-font-weight:var(--h2_typography-font-weight);--awb-caption-title-font-style:var(--h2_typography-font-style);--awb-caption-title-size:var(--h2_typography-font-size);--awb-caption-title-transform:var(--h2_typography-text-transform);--awb-caption-title-line-height:var(--h2_typography-line-height);--awb-caption-title-letter-spacing:var(--h2_typography-letter-spacing);\"><div class=\"imageframe-align-center\"><div class=\"awb-image-frame awb-image-frame-1 fusion-image-frame-bottomshadow image-frame-shadow-1\"><span class=\" fusion-imageframe imageframe-bottomshadow imageframe-1 element-bottomshadow hover-type-none\" id=\"frameimg\"><img decoding=\"async\" width=\"400\" height=\"400\" alt=\"Broyeurs forestiers\" title=\"Broyeurs forestiers Jean Fr\u00e9on Elagage (2)\" src=\"https:\/\/freon-elagage.com\/wp-content\/uploads\/2024\/01\/Broyeurs-forestiers-Jean-Freon-Elagage-2-e1705567954103.png\" class=\"img-responsive wp-image-15700\"\/><\/span><\/div><\/div><\/div><div class=\"fusion-clearfix\"><\/div><\/div><\/div><div class=\"fusion-layout-column fusion_builder_column fusion-builder-column-2 fusion_builder_column_2_5 2_5 fusion-two-fifth fusion-column-last\" style=\"--awb-bg-size:cover;width:37.6%;\"><div class=\"fusion-column-wrapper fusion-flex-column-wrapper-legacy\"><div class=\"fusion-video fusion-youtube fusion-aligncenter\" style=\"--awb-max-width:425px;--awb-max-height:344px;--awb-width:100%;\"><div class=\"video-shortcode\"><div class=\"fluid-width-video-wrapper\" style=\"padding-top:80.94%;\" ><iframe class=\"fusion-hidden\" data-privacy-type=\"youtube\" src=\"\" title=\"YouTube video player 1\" data-privacy-src=\"https:\/\/www.youtube.com\/embed\/bdgLXAT8it0?wmode=transparent&autoplay=0&amp;fs=1&amp;rel=0\" width=\"425\" height=\"344\" allowfullscreen allow=\"autoplay; fullscreen\"><\/iframe><div class=\"fusion-privacy-placeholder\" style=\"width:425px; height:344px;\" data-privacy-type=\"youtube\"><div class=\"fusion-privacy-placeholder-content\"><div class=\"fusion-privacy-label\">Pour des raisons de confidentialit\u00e9 YouTube a besoin de votre autorisation pour charger.<\/div><a href=\"\" data-privacy-type=\"youtube\" class=\"fusion-button button-default fusion-button-default-size button fusion-privacy-consent\">J&#039;accepte<\/a><\/div><\/div><\/div><\/div><\/div><div class=\"fusion-clearfix\"><\/div><\/div><\/div><\/div><\/div><div class=\"fusion-fullwidth fullwidth-box fusion-builder-row-3 fusion-parallax-fixed nonhundred-percent-fullwidth non-hundred-percent-height-scrolling\" style=\"--awb-background-position:left top;--awb-border-radius-top-left:0px;--awb-border-radius-top-right:0px;--awb-border-radius-bottom-right:0px;--awb-border-radius-bottom-left:0px;--awb-padding-top:30px;--awb-padding-bottom:30px;--awb-background-image:url(&quot;http:\/\/s680111133.onlinehome.fr\/professionnel\/wp-content\/uploads\/2015\/10\/bgmat1.jpg&quot;);--awb-background-size:cover;--awb-flex-wrap:wrap;background-attachment:fixed;\" ><div class=\"fusion-builder-row fusion-row\"><div class=\"fusion-layout-column fusion_builder_column fusion-builder-column-3 fusion_builder_column_1_1 1_1 fusion-one-full fusion-column-first fusion-column-last fusion-column-no-min-height\" style=\"--awb-bg-size:cover;--awb-margin-bottom:0px;\"><div class=\"fusion-column-wrapper fusion-flex-column-wrapper-legacy\"><div class=\"awb-gallery-wrapper awb-gallery-wrapper-1 button-span-no\"><div style=\"margin:-10px;--awb-bordersize:0px;\" class=\"fusion-gallery fusion-gallery-container fusion-grid-4 fusion-columns-total-7 fusion-gallery-layout-grid fusion-gallery-1\"><div style=\"padding:10px;\" class=\"fusion-grid-column fusion-gallery-column fusion-gallery-column-4 hover-type-none\"><div class=\"fusion-gallery-image\"><a href=\"https:\/\/freon-elagage.com\/wp-content\/uploads\/2015\/11\/Broyeur-Forestier-1.jpg\" rel=\"noreferrer\" data-rel=\"iLightbox[gallery_image_1]\" class=\"fusion-lightbox\" target=\"_self\"><img decoding=\"async\" src=\"https:\/\/freon-elagage.com\/wp-content\/uploads\/2015\/11\/Broyeur-Forestier-1.jpg\" width=\"800\" height=\"600\" alt=\"\" title=\"Broyeur Forestier (1)\" aria-label=\"Broyeur Forestier (1)\" class=\"img-responsive wp-image-11624\" srcset=\"https:\/\/freon-elagage.com\/wp-content\/uploads\/2015\/11\/Broyeur-Forestier-1-300x225.jpg 300w, https:\/\/freon-elagage.com\/wp-content\/uploads\/2015\/11\/Broyeur-Forestier-1-768x576.jpg 768w, https:\/\/freon-elagage.com\/wp-content\/uploads\/2015\/11\/Broyeur-Forestier-1.jpg 800w\" sizes=\"(max-width: 800px) 100vw, 800px\" \/><\/a><\/div><\/div><div style=\"padding:10px;\" class=\"fusion-grid-column fusion-gallery-column fusion-gallery-column-4 hover-type-none\"><div class=\"fusion-gallery-image\"><a href=\"https:\/\/freon-elagage.com\/wp-content\/uploads\/2015\/11\/Broyeur-Forestier-2.jpg\" rel=\"noreferrer\" data-rel=\"iLightbox[gallery_image_1]\" class=\"fusion-lightbox\" target=\"_self\"><img decoding=\"async\" src=\"https:\/\/freon-elagage.com\/wp-content\/uploads\/2015\/11\/Broyeur-Forestier-2.jpg\" width=\"800\" height=\"600\" alt=\"\" title=\"Broyeur Forestier (2)\" aria-label=\"Broyeur Forestier (2)\" class=\"img-responsive wp-image-11625\" srcset=\"https:\/\/freon-elagage.com\/wp-content\/uploads\/2015\/11\/Broyeur-Forestier-2-300x225.jpg 300w, https:\/\/freon-elagage.com\/wp-content\/uploads\/2015\/11\/Broyeur-Forestier-2-768x576.jpg 768w, https:\/\/freon-elagage.com\/wp-content\/uploads\/2015\/11\/Broyeur-Forestier-2.jpg 800w\" sizes=\"(max-width: 800px) 100vw, 800px\" \/><\/a><\/div><\/div><div style=\"padding:10px;\" class=\"fusion-grid-column fusion-gallery-column fusion-gallery-column-4 hover-type-none\"><div class=\"fusion-gallery-image\"><a href=\"https:\/\/freon-elagage.com\/wp-content\/uploads\/2015\/11\/Broyeur-Forestier-3.jpg\" rel=\"noreferrer\" data-rel=\"iLightbox[gallery_image_1]\" class=\"fusion-lightbox\" target=\"_self\"><img decoding=\"async\" src=\"https:\/\/freon-elagage.com\/wp-content\/uploads\/2015\/11\/Broyeur-Forestier-3.jpg\" width=\"800\" height=\"600\" alt=\"\" title=\"Broyeur Forestier (3)\" aria-label=\"Broyeur Forestier (3)\" class=\"img-responsive wp-image-11626\" srcset=\"https:\/\/freon-elagage.com\/wp-content\/uploads\/2015\/11\/Broyeur-Forestier-3-300x225.jpg 300w, https:\/\/freon-elagage.com\/wp-content\/uploads\/2015\/11\/Broyeur-Forestier-3-768x576.jpg 768w, https:\/\/freon-elagage.com\/wp-content\/uploads\/2015\/11\/Broyeur-Forestier-3.jpg 800w\" sizes=\"(max-width: 800px) 100vw, 800px\" \/><\/a><\/div><\/div><div style=\"padding:10px;\" class=\"fusion-grid-column fusion-gallery-column fusion-gallery-column-4 hover-type-none\"><div class=\"fusion-gallery-image\"><a href=\"https:\/\/freon-elagage.com\/wp-content\/uploads\/2015\/11\/Broyeur-Forestier-4.jpg\" rel=\"noreferrer\" data-rel=\"iLightbox[gallery_image_1]\" class=\"fusion-lightbox\" target=\"_self\"><img decoding=\"async\" src=\"https:\/\/freon-elagage.com\/wp-content\/uploads\/2015\/11\/Broyeur-Forestier-4.jpg\" width=\"800\" height=\"600\" alt=\"\" title=\"Broyeur Forestier (4)\" aria-label=\"Broyeur Forestier (4)\" class=\"img-responsive wp-image-11627\" srcset=\"https:\/\/freon-elagage.com\/wp-content\/uploads\/2015\/11\/Broyeur-Forestier-4-300x225.jpg 300w, https:\/\/freon-elagage.com\/wp-content\/uploads\/2015\/11\/Broyeur-Forestier-4-768x576.jpg 768w, https:\/\/freon-elagage.com\/wp-content\/uploads\/2015\/11\/Broyeur-Forestier-4.jpg 800w\" sizes=\"(max-width: 800px) 100vw, 800px\" \/><\/a><\/div><\/div><div class=\"clearfix\"><\/div><div style=\"padding:10px;\" class=\"fusion-grid-column fusion-gallery-column fusion-gallery-column-4 hover-type-none\"><div class=\"fusion-gallery-image\"><a href=\"https:\/\/freon-elagage.com\/wp-content\/uploads\/2015\/11\/Broyeur-Forestier-7.jpg\" rel=\"noreferrer\" data-rel=\"iLightbox[gallery_image_1]\" class=\"fusion-lightbox\" target=\"_self\"><img decoding=\"async\" src=\"https:\/\/freon-elagage.com\/wp-content\/uploads\/2015\/11\/Broyeur-Forestier-7.jpg\" width=\"800\" height=\"600\" alt=\"\" title=\"Broyeur Forestier (7)\" aria-label=\"Broyeur Forestier (7)\" class=\"img-responsive wp-image-11630\" srcset=\"https:\/\/freon-elagage.com\/wp-content\/uploads\/2015\/11\/Broyeur-Forestier-7-300x225.jpg 300w, https:\/\/freon-elagage.com\/wp-content\/uploads\/2015\/11\/Broyeur-Forestier-7-768x576.jpg 768w, https:\/\/freon-elagage.com\/wp-content\/uploads\/2015\/11\/Broyeur-Forestier-7.jpg 800w\" sizes=\"(max-width: 800px) 100vw, 800px\" \/><\/a><\/div><\/div><div style=\"padding:10px;\" class=\"fusion-grid-column fusion-gallery-column fusion-gallery-column-4 hover-type-none\"><div class=\"fusion-gallery-image\"><a href=\"https:\/\/freon-elagage.com\/wp-content\/uploads\/2015\/11\/Broyeur-Forestier-5.jpg\" rel=\"noreferrer\" data-rel=\"iLightbox[gallery_image_1]\" class=\"fusion-lightbox\" target=\"_self\"><img decoding=\"async\" src=\"https:\/\/freon-elagage.com\/wp-content\/uploads\/2015\/11\/Broyeur-Forestier-5.jpg\" width=\"800\" height=\"451\" alt=\"\" title=\"Broyeur Forestier (5)\" aria-label=\"Broyeur Forestier (5)\" class=\"img-responsive wp-image-11628\" srcset=\"https:\/\/freon-elagage.com\/wp-content\/uploads\/2015\/11\/Broyeur-Forestier-5-300x169.jpg 300w, https:\/\/freon-elagage.com\/wp-content\/uploads\/2015\/11\/Broyeur-Forestier-5-768x433.jpg 768w, https:\/\/freon-elagage.com\/wp-content\/uploads\/2015\/11\/Broyeur-Forestier-5.jpg 800w\" sizes=\"(max-width: 800px) 100vw, 800px\" \/><\/a><\/div><\/div><div style=\"padding:10px;\" class=\"fusion-grid-column fusion-gallery-column fusion-gallery-column-4 hover-type-none\"><div class=\"fusion-gallery-image\"><a href=\"https:\/\/freon-elagage.com\/wp-content\/uploads\/2015\/11\/Broyeur-Forestier-6.jpg\" rel=\"noreferrer\" data-rel=\"iLightbox[gallery_image_1]\" class=\"fusion-lightbox\" target=\"_self\"><img decoding=\"async\" src=\"https:\/\/freon-elagage.com\/wp-content\/uploads\/2015\/11\/Broyeur-Forestier-6.jpg\" width=\"800\" height=\"451\" alt=\"\" title=\"Broyeur Forestier (6)\" aria-label=\"Broyeur Forestier (6)\" class=\"img-responsive wp-image-11629\" srcset=\"https:\/\/freon-elagage.com\/wp-content\/uploads\/2015\/11\/Broyeur-Forestier-6-300x169.jpg 300w, https:\/\/freon-elagage.com\/wp-content\/uploads\/2015\/11\/Broyeur-Forestier-6-768x433.jpg 768w, https:\/\/freon-elagage.com\/wp-content\/uploads\/2015\/11\/Broyeur-Forestier-6.jpg 800w\" sizes=\"(max-width: 800px) 100vw, 800px\" \/><\/a><\/div><\/div><\/div><\/div><div class=\"fusion-clearfix\"><\/div><\/div><\/div><\/div><\/div><div class=\"fusion-fullwidth fullwidth-box fusion-builder-row-4 nonhundred-percent-fullwidth non-hundred-percent-height-scrolling\" style=\"--awb-border-radius-top-left:0px;--awb-border-radius-top-right:0px;--awb-border-radius-bottom-right:0px;--awb-border-radius-bottom-left:0px;--awb-margin-top:20px;--awb-flex-wrap:wrap;\" ><div class=\"fusion-builder-row fusion-row\"><div class=\"fusion-layout-column fusion_builder_column fusion-builder-column-4 fusion_builder_column_1_1 1_1 fusion-one-full fusion-column-first fusion-column-last\" style=\"--awb-bg-size:cover;\"><div class=\"fusion-column-wrapper fusion-flex-column-wrapper-legacy\"><div class=\"fusion-aligncenter\"><a class=\"fusion-button button-flat button-medium button-custom fusion-button-default button-1 fusion-button-default-span \" style=\"--button_accent_color:#ffffff;--button_accent_hover_color:#ffffff;--button_border_hover_color:#ffffff;--button-border-radius-top-left:0;--button-border-radius-top-right:0;--button-border-radius-bottom-right:0;--button-border-radius-bottom-left:0;--button_gradient_top_color:#0a81c5;--button_gradient_bottom_color:#0a81c5;--button_gradient_top_color_hover:#fbaf33;--button_gradient_bottom_color_hover:#fbaf33;\" target=\"_self\" href=\"..\/le-parc-materiel\/\"><span class=\"fusion-button-text\">Retour<\/span><\/a><\/div><div class=\"fusion-clearfix\"><\/div><\/div><\/div><\/div><\/div><\/p>\n","protected":false},"excerpt":{"rendered":"","protected":false},"author":1,"featured_media":0,"parent":0,"menu_order":0,"comment_status":"closed","ping_status":"closed","template":"100-width.php","meta":{"footnotes":""},"yoast_head":"<!-- This site is optimized with the Yoast SEO plugin v22.4 - https:\/\/yoast.com\/wordpress\/plugins\/seo\/ -->\n<title>Les broyeurs forestiers - JEAN FREON ELAGAGE<\/title>\n<meta name=\"description\" content=\"Tracteur forestier: puissance, rendement et robustesse pour ce tracteur \u00e9quip\u00e9 d\u2019un broyeur forestier ou d\u2019une grignoteuse de souche. Compl\u00e9tement car\u00e9n\u00e9 et \u00e9quip\u00e9 en forestier, il peut \u00e9voluer dans des environnements difficiles.\" \/>\n<meta name=\"robots\" content=\"index, follow, max-snippet:-1, max-image-preview:large, max-video-preview:-1\" \/>\n<link rel=\"canonical\" href=\"https:\/\/freon-elagage.com\/professionnel\/les-broyeurs-forestiers\/\" \/>\n<meta property=\"og:locale\" content=\"fr_FR\" \/>\n<meta property=\"og:type\" content=\"article\" \/>\n<meta property=\"og:title\" content=\"Les broyeurs forestiers - JEAN FREON ELAGAGE\" \/>\n<meta property=\"og:description\" content=\"Tracteur forestier: puissance, rendement et robustesse pour ce tracteur \u00e9quip\u00e9 d\u2019un broyeur forestier ou d\u2019une grignoteuse de souche. Compl\u00e9tement car\u00e9n\u00e9 et \u00e9quip\u00e9 en forestier, il peut \u00e9voluer dans des environnements difficiles.\" \/>\n<meta property=\"og:url\" content=\"https:\/\/freon-elagage.com\/professionnel\/les-broyeurs-forestiers\/\" \/>\n<meta property=\"og:site_name\" content=\"JEAN FREON ELAGAGE\" \/>\n<meta property=\"article:publisher\" content=\"https:\/\/www.facebook.com\/jeanfreonelagage\/\" \/>\n<meta property=\"article:modified_time\" content=\"2024-01-18T08:55:06+00:00\" \/>\n<meta name=\"twitter:label1\" content=\"Dur\u00e9e de lecture estim\u00e9e\" \/>\n\t<meta name=\"twitter:data1\" content=\"3 minutes\" \/>\n<script type=\"application\/ld+json\" class=\"yoast-schema-graph\">{\"@context\":\"https:\/\/schema.org\",\"@graph\":[{\"@type\":\"WebPage\",\"@id\":\"https:\/\/freon-elagage.com\/professionnel\/les-broyeurs-forestiers\/\",\"url\":\"https:\/\/freon-elagage.com\/professionnel\/les-broyeurs-forestiers\/\",\"name\":\"Les broyeurs forestiers - JEAN FREON ELAGAGE\",\"isPartOf\":{\"@id\":\"https:\/\/freon-elagage.com\/professionnel\/#website\"},\"datePublished\":\"2015-11-03T08:36:15+00:00\",\"dateModified\":\"2024-01-18T08:55:06+00:00\",\"description\":\"Tracteur forestier: puissance, rendement et robustesse pour ce tracteur \u00e9quip\u00e9 d\u2019un broyeur forestier ou d\u2019une grignoteuse de souche. Compl\u00e9tement car\u00e9n\u00e9 et \u00e9quip\u00e9 en forestier, il peut \u00e9voluer dans des environnements difficiles.\",\"breadcrumb\":{\"@id\":\"https:\/\/freon-elagage.com\/professionnel\/les-broyeurs-forestiers\/#breadcrumb\"},\"inLanguage\":\"fr-FR\",\"potentialAction\":[{\"@type\":\"ReadAction\",\"target\":[\"https:\/\/freon-elagage.com\/professionnel\/les-broyeurs-forestiers\/\"]}]},{\"@type\":\"BreadcrumbList\",\"@id\":\"https:\/\/freon-elagage.com\/professionnel\/les-broyeurs-forestiers\/#breadcrumb\",\"itemListElement\":[{\"@type\":\"ListItem\",\"position\":1,\"name\":\"Accueil\",\"item\":\"https:\/\/freon-elagage.com\/professionnel\/\"},{\"@type\":\"ListItem\",\"position\":2,\"name\":\"Les broyeurs forestiers\"}]},{\"@type\":\"WebSite\",\"@id\":\"https:\/\/freon-elagage.com\/professionnel\/#website\",\"url\":\"https:\/\/freon-elagage.com\/professionnel\/\",\"name\":\"JEAN FREON ELAGAGE\",\"description\":\"Elagage pour professionnels et particuliers\",\"potentialAction\":[{\"@type\":\"SearchAction\",\"target\":{\"@type\":\"EntryPoint\",\"urlTemplate\":\"https:\/\/freon-elagage.com\/professionnel\/?s={search_term_string}\"},\"query-input\":\"required name=search_term_string\"}],\"inLanguage\":\"fr-FR\"}]}<\/script>\n<!-- \/ Yoast SEO plugin. -->","yoast_head_json":{"title":"Les broyeurs forestiers - JEAN FREON ELAGAGE","description":"Tracteur forestier: puissance, rendement et robustesse pour ce tracteur \u00e9quip\u00e9 d\u2019un broyeur forestier ou d\u2019une grignoteuse de souche. Compl\u00e9tement car\u00e9n\u00e9 et \u00e9quip\u00e9 en forestier, il peut \u00e9voluer dans des environnements difficiles.","robots":{"index":"index","follow":"follow","max-snippet":"max-snippet:-1","max-image-preview":"max-image-preview:large","max-video-preview":"max-video-preview:-1"},"canonical":"https:\/\/freon-elagage.com\/professionnel\/les-broyeurs-forestiers\/","og_locale":"fr_FR","og_type":"article","og_title":"Les broyeurs forestiers - JEAN FREON ELAGAGE","og_description":"Tracteur forestier: puissance, rendement et robustesse pour ce tracteur \u00e9quip\u00e9 d\u2019un broyeur forestier ou d\u2019une grignoteuse de souche. Compl\u00e9tement car\u00e9n\u00e9 et \u00e9quip\u00e9 en forestier, il peut \u00e9voluer dans des environnements difficiles.","og_url":"https:\/\/freon-elagage.com\/professionnel\/les-broyeurs-forestiers\/","og_site_name":"JEAN FREON ELAGAGE","article_publisher":"https:\/\/www.facebook.com\/jeanfreonelagage\/","article_modified_time":"2024-01-18T08:55:06+00:00","twitter_misc":{"Dur\u00e9e de lecture estim\u00e9e":"3 minutes"},"schema":{"@context":"https:\/\/schema.org","@graph":[{"@type":"WebPage","@id":"https:\/\/freon-elagage.com\/professionnel\/les-broyeurs-forestiers\/","url":"https:\/\/freon-elagage.com\/professionnel\/les-broyeurs-forestiers\/","name":"Les broyeurs forestiers - JEAN FREON ELAGAGE","isPartOf":{"@id":"https:\/\/freon-elagage.com\/professionnel\/#website"},"datePublished":"2015-11-03T08:36:15+00:00","dateModified":"2024-01-18T08:55:06+00:00","description":"Tracteur forestier: puissance, rendement et robustesse pour ce tracteur \u00e9quip\u00e9 d\u2019un broyeur forestier ou d\u2019une grignoteuse de souche. Compl\u00e9tement car\u00e9n\u00e9 et \u00e9quip\u00e9 en forestier, il peut \u00e9voluer dans des environnements difficiles.","breadcrumb":{"@id":"https:\/\/freon-elagage.com\/professionnel\/les-broyeurs-forestiers\/#breadcrumb"},"inLanguage":"fr-FR","potentialAction":[{"@type":"ReadAction","target":["https:\/\/freon-elagage.com\/professionnel\/les-broyeurs-forestiers\/"]}]},{"@type":"BreadcrumbList","@id":"https:\/\/freon-elagage.com\/professionnel\/les-broyeurs-forestiers\/#breadcrumb","itemListElement":[{"@type":"ListItem","position":1,"name":"Accueil","item":"https:\/\/freon-elagage.com\/professionnel\/"},{"@type":"ListItem","position":2,"name":"Les broyeurs forestiers"}]},{"@type":"WebSite","@id":"https:\/\/freon-elagage.com\/professionnel\/#website","url":"https:\/\/freon-elagage.com\/professionnel\/","name":"JEAN FREON ELAGAGE","description":"Elagage pour professionnels et particuliers","potentialAction":[{"@type":"SearchAction","target":{"@type":"EntryPoint","urlTemplate":"https:\/\/freon-elagage.com\/professionnel\/?s={search_term_string}"},"query-input":"required name=search_term_string"}],"inLanguage":"fr-FR"}]}},"_links":{"self":[{"href":"https:\/\/freon-elagage.com\/professionnel\/wp-json\/wp\/v2\/pages\/11284"}],"collection":[{"href":"https:\/\/freon-elagage.com\/professionnel\/wp-json\/wp\/v2\/pages"}],"about":[{"href":"https:\/\/freon-elagage.com\/professionnel\/wp-json\/wp\/v2\/types\/page"}],"author":[{"embeddable":true,"href":"https:\/\/freon-elagage.com\/professionnel\/wp-json\/wp\/v2\/users\/1"}],"replies":[{"embeddable":true,"href":"https:\/\/freon-elagage.com\/professionnel\/wp-json\/wp\/v2\/comments?post=11284"}],"version-history":[{"count":30,"href":"https:\/\/freon-elagage.com\/professionnel\/wp-json\/wp\/v2\/pages\/11284\/revisions"}],"predecessor-version":[{"id":15701,"href":"https:\/\/freon-elagage.com\/professionnel\/wp-json\/wp\/v2\/pages\/11284\/revisions\/15701"}],"wp:attachment":[{"href":"https:\/\/freon-elagage.com\/professionnel\/wp-json\/wp\/v2\/media?parent=11284"}],"curies":[{"name":"wp","href":"https:\/\/api.w.org\/{rel}","templated":true}]}}