{"id":11231,"date":"2015-10-20T13:32:43","date_gmt":"2015-10-20T12:32:43","guid":{"rendered":"\/?page_id=11231"},"modified":"2022-10-27T13:39:48","modified_gmt":"2022-10-27T12:39:48","slug":"vente-de-copeaux","status":"publish","type":"page","link":"https:\/\/freon-elagage.com\/professionnel\/vente-de-copeaux\/","title":{"rendered":"Plaquettes foresti\u00e8res"},"content":{"rendered":"<p><div class=\"fusion-fullwidth fullwidth-box fusion-builder-row-1 nonhundred-percent-fullwidth non-hundred-percent-height-scrolling\" style=\"--awb-background-position:left top;--awb-border-radius-top-left:0px;--awb-border-radius-top-right:0px;--awb-border-radius-bottom-right:0px;--awb-border-radius-bottom-left:0px;--awb-padding-top:20px;--awb-padding-bottom:10px;--awb-border-sizes-top:0px;--awb-border-sizes-bottom:0px;--awb-flex-wrap:wrap;\" ><div class=\"fusion-builder-row fusion-row\"><div class=\"fusion-layout-column fusion_builder_column fusion-builder-column-0 fusion_builder_column_1_1 1_1 fusion-one-full fusion-column-first fusion-column-last fusion-column-no-min-height\" style=\"--awb-bg-size:cover;--awb-margin-bottom:0px;\"><div class=\"fusion-column-wrapper fusion-flex-column-wrapper-legacy\"><div class=\"fusion-title title fusion-title-1 fusion-title-text fusion-title-size-one\"><h1 class=\"fusion-title-heading title-heading-left\" style=\"margin:0;\">Plaquettes foresti\u00e8res<\/h1><span class=\"awb-title-spacer\"><\/span><div class=\"title-sep-container\"><div class=\"title-sep sep-single sep-solid\" style=\"border-color:#e0dede;\"><\/div><\/div><\/div><div class=\"fusion-clearfix\"><\/div><\/div><\/div><\/div><\/div><div class=\"fusion-fullwidth fullwidth-box fusion-builder-row-2 nonhundred-percent-fullwidth non-hundred-percent-height-scrolling\" style=\"--awb-background-position:left top;--awb-border-radius-top-left:0px;--awb-border-radius-top-right:0px;--awb-border-radius-bottom-right:0px;--awb-border-radius-bottom-left:0px;--awb-padding-top:0px;--awb-padding-bottom:20px;--awb-border-sizes-top:0px;--awb-border-sizes-bottom:0px;--awb-flex-wrap:wrap;\" ><div class=\"fusion-builder-row fusion-row\"><div class=\"fusion-layout-column fusion_builder_column fusion-builder-column-1 fusion_builder_column_5_6 5_6 fusion-five-sixth fusion-column-first\" style=\"--awb-bg-size:cover;width:82.6666%; margin-right: 4%;\"><div class=\"fusion-column-wrapper fusion-flex-column-wrapper-legacy\"><div class=\"fusion-text fusion-text-1\"><p><span id=\"intro\"><\/span><span id=\"intro\">Jean Fr\u00e9on \u00e9lagage a mis en place la commercialisation de copeaux.<\/span><\/p>\n<p>Ce combustible est obtenu par d\u00e9chiquetage du bois. Nous proposons \u00e0 nos clients uniquement du bois de premi\u00e8re qualit\u00e9, garanti sans aucun autre d\u00e9chet. Que ce soit pour le paillage ou le chauffage (pour tout type de chaudi\u00e8re), notre d\u00e9chiqueteuse assure un rendement important. Cette activit\u00e9 pr\u00e9sente un double int\u00e9r\u00eat: elle constitue un r\u00e9el accord gagnant-gagnant entre les partenaires et s\u2019inscrit dans une d\u00e9marche de d\u00e9veloppement durable gr\u00e2ce \u00e0 cette gestion des d\u00e9chets verts.<\/p>\n<\/div><div class=\"fusion-clearfix\"><\/div><\/div><\/div><div class=\"fusion-layout-column fusion_builder_column fusion-builder-column-2 fusion_builder_column_1_1 1_1 fusion-one-full fusion-column-last fusion-column-no-min-height\" style=\"--awb-bg-size:cover;--awb-margin-bottom:0px;\"><div class=\"fusion-column-wrapper fusion-flex-column-wrapper-legacy\"><div class=\"fusion-image-element fusion-image-align-center in-legacy-container\" style=\"text-align:center;--awb-bottom-shadow-color:rgba(0,0,0,0.4);--awb-caption-title-font-family:var(--h2_typography-font-family);--awb-caption-title-font-weight:var(--h2_typography-font-weight);--awb-caption-title-font-style:var(--h2_typography-font-style);--awb-caption-title-size:var(--h2_typography-font-size);--awb-caption-title-transform:var(--h2_typography-text-transform);--awb-caption-title-line-height:var(--h2_typography-line-height);--awb-caption-title-letter-spacing:var(--h2_typography-letter-spacing);\"><div class=\"imageframe-align-center\"><div class=\"awb-image-frame awb-image-frame-1 fusion-image-frame-bottomshadow image-frame-shadow-1\"><span class=\" fusion-imageframe imageframe-bottomshadow imageframe-1 element-bottomshadow hover-type-none\" id=\"frameimg\"><img decoding=\"async\" width=\"741\" height=\"152\" title=\"copeaux\" src=\"http:\/\/s680111133.onlinehome.fr\/professionnel\/wp-content\/uploads\/2015\/10\/copeaux.jpg\" alt class=\"img-responsive wp-image-11233\" srcset=\"https:\/\/freon-elagage.com\/wp-content\/uploads\/2015\/10\/copeaux-300x62.jpg 300w, https:\/\/freon-elagage.com\/wp-content\/uploads\/2015\/10\/copeaux.jpg 741w\" sizes=\"(max-width: 741px) 100vw, 741px\" \/><\/span><\/div><\/div><\/div><div class=\"fusion-text fusion-text-2\"><p>&nbsp;<\/p>\n<p><a href=\"http:\/\/s680111133.onlinehome.fr\/professionnel\/wp-content\/uploads\/2015\/10\/aaaaa-e1503993567955.jpg\"><img decoding=\"async\" class=\"alignnone  wp-image-11760\" src=\"https:\/\/s680111133.onlinehome.fr\/professionnel\/wp-content\/uploads\/2015\/10\/aaaaa-722x1024.jpg\" alt=\"\" width=\"496\" height=\"704\" \/><\/a>\u00a0<a href=\"\/wp-content\/uploads\/2015\/10\/aaaaaa2.jpg\"><img decoding=\"async\" class=\"alignnone wp-image-11761\" src=\"\/professionnel\/wp-content\/uploads\/2015\/10\/aaaaaa2-722x1024.jpg\" alt=\"\" width=\"499\" height=\"708\" srcset=\"https:\/\/freon-elagage.com\/wp-content\/uploads\/2015\/10\/aaaaaa2-212x300.jpg 212w, https:\/\/freon-elagage.com\/wp-content\/uploads\/2015\/10\/aaaaaa2-722x1024.jpg 722w, https:\/\/freon-elagage.com\/wp-content\/uploads\/2015\/10\/aaaaaa2-768x1089.jpg 768w, https:\/\/freon-elagage.com\/wp-content\/uploads\/2015\/10\/aaaaaa2.jpg 1269w\" sizes=\"(max-width: 499px) 100vw, 499px\" \/><\/a><\/p>\n<p>&nbsp;<\/p>\n<\/div><div class=\"fusion-clearfix\"><\/div><\/div><\/div><\/div><\/div><div class=\"fusion-fullwidth fullwidth-box fusion-builder-row-3 fusion-parallax-fixed nonhundred-percent-fullwidth non-hundred-percent-height-scrolling\" style=\"--awb-background-position:left top;--awb-border-radius-top-left:0px;--awb-border-radius-top-right:0px;--awb-border-radius-bottom-right:0px;--awb-border-radius-bottom-left:0px;--awb-padding-top:20px;--awb-padding-bottom:40px;--awb-background-image:url(&quot;\/wp-content\/uploads\/2015\/10\/bgmat1.jpg&quot;);--awb-background-size:cover;--awb-border-sizes-top:0px;--awb-border-sizes-bottom:0px;--awb-flex-wrap:wrap;background-attachment:fixed;\" ><div class=\"fusion-builder-row fusion-row\"><div class=\"fusion-layout-column fusion_builder_column fusion-builder-column-3 fusion_builder_column_1_1 1_1 fusion-one-full fusion-column-first fusion-column-last fusion-column-no-min-height\" style=\"--awb-bg-size:cover;--awb-margin-bottom:0px;\"><div class=\"fusion-column-wrapper fusion-flex-column-wrapper-legacy\"><div class=\"fusion-text fusion-text-3\"><h1 style=\"text-align: center;\"><span style=\"color: #ffffff;\">Le mat\u00e9riel utilis\u00e9<\/span><\/h1>\n<\/div><div class=\"fusion-aligncenter\"><a class=\"fusion-button button-flat button-xlarge button-custom fusion-button-default button-1 fusion-button-default-span button-21\" style=\"--button_accent_color:#ffffff;--button_accent_hover_color:#ffffff;--button_border_hover_color:#ffffff;--button_border_width-top:1px;--button_border_width-right:1px;--button_border_width-bottom:1px;--button_border_width-left:1px;--button_gradient_top_color:#0081c6;--button_gradient_bottom_color:#0081c6;--button_gradient_top_color_hover:#fbaf34;--button_gradient_bottom_color_hover:#fbaf34;\" target=\"_self\" href=\"?page_id=11333\"><span class=\"fusion-button-text\">La D\u00e9chiqueteuse<\/span><\/a><\/div><div class=\"fusion-clearfix\"><\/div><\/div><\/div><\/div><\/div><div class=\"fusion-fullwidth fullwidth-box fusion-builder-row-4 hundred-percent-fullwidth non-hundred-percent-height-scrolling\" style=\"--awb-border-radius-top-left:0px;--awb-border-radius-top-right:0px;--awb-border-radius-bottom-right:0px;--awb-border-radius-bottom-left:0px;--awb-overflow:visible;--awb-padding-right:123px;--awb-padding-left:123px;--awb-flex-wrap:wrap;\" ><div class=\"fusion-builder-row fusion-row\"><div class=\"fusion-layout-column fusion_builder_column fusion-builder-column-4 fusion_builder_column_1_1 1_1 fusion-one-full fusion-column-first fusion-column-last fusion-column-no-min-height\" style=\"--awb-bg-size:cover;--awb-margin-bottom:0px;\"><div class=\"fusion-column-wrapper fusion-flex-column-wrapper-legacy\"><div class=\"fusion-text fusion-text-4\"><\/div><div class=\"fusion-text fusion-text-5\"><\/div><div class=\"fusion-text fusion-text-6\"><\/div><div class=\"fusion-text fusion-text-7\"><\/div><div class=\"fusion-clearfix\"><\/div><\/div><\/div><\/div><\/div><\/p>\n","protected":false},"excerpt":{"rendered":"","protected":false},"author":1,"featured_media":0,"parent":0,"menu_order":0,"comment_status":"closed","ping_status":"closed","template":"100-width.php","meta":{"footnotes":""},"yoast_head":"<!-- This site is optimized with the Yoast SEO plugin v22.4 - https:\/\/yoast.com\/wordpress\/plugins\/seo\/ -->\n<title>Plaquettes foresti\u00e8res - JEAN FREON ELAGAGE<\/title>\n<meta name=\"robots\" content=\"index, follow, max-snippet:-1, max-image-preview:large, max-video-preview:-1\" \/>\n<link rel=\"canonical\" href=\"https:\/\/freon-elagage.com\/professionnel\/vente-de-copeaux\/\" \/>\n<meta property=\"og:locale\" content=\"fr_FR\" \/>\n<meta property=\"og:type\" content=\"article\" \/>\n<meta property=\"og:title\" content=\"Plaquettes foresti\u00e8res - JEAN FREON ELAGAGE\" \/>\n<meta property=\"og:url\" content=\"https:\/\/freon-elagage.com\/professionnel\/vente-de-copeaux\/\" \/>\n<meta property=\"og:site_name\" content=\"JEAN FREON ELAGAGE\" \/>\n<meta property=\"article:publisher\" content=\"https:\/\/www.facebook.com\/jeanfreonelagage\/\" \/>\n<meta property=\"article:modified_time\" content=\"2022-10-27T12:39:48+00:00\" \/>\n<meta property=\"og:image\" content=\"https:\/\/s680111133.onlinehome.fr\/professionnel\/wp-content\/uploads\/2015\/10\/aaaaa-722x1024.jpg\" \/>\n<meta name=\"twitter:label1\" content=\"Dur\u00e9e de lecture estim\u00e9e\" \/>\n\t<meta name=\"twitter:data1\" content=\"5 minutes\" \/>\n<script type=\"application\/ld+json\" class=\"yoast-schema-graph\">{\"@context\":\"https:\/\/schema.org\",\"@graph\":[{\"@type\":\"WebPage\",\"@id\":\"https:\/\/freon-elagage.com\/professionnel\/vente-de-copeaux\/\",\"url\":\"https:\/\/freon-elagage.com\/professionnel\/vente-de-copeaux\/\",\"name\":\"Plaquettes foresti\u00e8res - JEAN FREON ELAGAGE\",\"isPartOf\":{\"@id\":\"https:\/\/freon-elagage.com\/professionnel\/#website\"},\"primaryImageOfPage\":{\"@id\":\"https:\/\/freon-elagage.com\/professionnel\/vente-de-copeaux\/#primaryimage\"},\"image\":{\"@id\":\"https:\/\/freon-elagage.com\/professionnel\/vente-de-copeaux\/#primaryimage\"},\"thumbnailUrl\":\"https:\/\/s680111133.onlinehome.fr\/professionnel\/wp-content\/uploads\/2015\/10\/aaaaa-722x1024.jpg\",\"datePublished\":\"2015-10-20T12:32:43+00:00\",\"dateModified\":\"2022-10-27T12:39:48+00:00\",\"breadcrumb\":{\"@id\":\"https:\/\/freon-elagage.com\/professionnel\/vente-de-copeaux\/#breadcrumb\"},\"inLanguage\":\"fr-FR\",\"potentialAction\":[{\"@type\":\"ReadAction\",\"target\":[\"https:\/\/freon-elagage.com\/professionnel\/vente-de-copeaux\/\"]}]},{\"@type\":\"ImageObject\",\"inLanguage\":\"fr-FR\",\"@id\":\"https:\/\/freon-elagage.com\/professionnel\/vente-de-copeaux\/#primaryimage\",\"url\":\"https:\/\/s680111133.onlinehome.fr\/professionnel\/wp-content\/uploads\/2015\/10\/aaaaa-722x1024.jpg\",\"contentUrl\":\"https:\/\/s680111133.onlinehome.fr\/professionnel\/wp-content\/uploads\/2015\/10\/aaaaa-722x1024.jpg\"},{\"@type\":\"BreadcrumbList\",\"@id\":\"https:\/\/freon-elagage.com\/professionnel\/vente-de-copeaux\/#breadcrumb\",\"itemListElement\":[{\"@type\":\"ListItem\",\"position\":1,\"name\":\"Accueil\",\"item\":\"https:\/\/freon-elagage.com\/professionnel\/\"},{\"@type\":\"ListItem\",\"position\":2,\"name\":\"Plaquettes foresti\u00e8res\"}]},{\"@type\":\"WebSite\",\"@id\":\"https:\/\/freon-elagage.com\/professionnel\/#website\",\"url\":\"https:\/\/freon-elagage.com\/professionnel\/\",\"name\":\"JEAN FREON ELAGAGE\",\"description\":\"Elagage pour professionnels et particuliers\",\"potentialAction\":[{\"@type\":\"SearchAction\",\"target\":{\"@type\":\"EntryPoint\",\"urlTemplate\":\"https:\/\/freon-elagage.com\/professionnel\/?s={search_term_string}\"},\"query-input\":\"required name=search_term_string\"}],\"inLanguage\":\"fr-FR\"}]}<\/script>\n<!-- \/ Yoast SEO plugin. -->","yoast_head_json":{"title":"Plaquettes foresti\u00e8res - JEAN FREON ELAGAGE","robots":{"index":"index","follow":"follow","max-snippet":"max-snippet:-1","max-image-preview":"max-image-preview:large","max-video-preview":"max-video-preview:-1"},"canonical":"https:\/\/freon-elagage.com\/professionnel\/vente-de-copeaux\/","og_locale":"fr_FR","og_type":"article","og_title":"Plaquettes foresti\u00e8res - JEAN FREON ELAGAGE","og_url":"https:\/\/freon-elagage.com\/professionnel\/vente-de-copeaux\/","og_site_name":"JEAN FREON ELAGAGE","article_publisher":"https:\/\/www.facebook.com\/jeanfreonelagage\/","article_modified_time":"2022-10-27T12:39:48+00:00","og_image":[{"url":"https:\/\/s680111133.onlinehome.fr\/professionnel\/wp-content\/uploads\/2015\/10\/aaaaa-722x1024.jpg"}],"twitter_misc":{"Dur\u00e9e de lecture estim\u00e9e":"5 minutes"},"schema":{"@context":"https:\/\/schema.org","@graph":[{"@type":"WebPage","@id":"https:\/\/freon-elagage.com\/professionnel\/vente-de-copeaux\/","url":"https:\/\/freon-elagage.com\/professionnel\/vente-de-copeaux\/","name":"Plaquettes foresti\u00e8res - JEAN FREON ELAGAGE","isPartOf":{"@id":"https:\/\/freon-elagage.com\/professionnel\/#website"},"primaryImageOfPage":{"@id":"https:\/\/freon-elagage.com\/professionnel\/vente-de-copeaux\/#primaryimage"},"image":{"@id":"https:\/\/freon-elagage.com\/professionnel\/vente-de-copeaux\/#primaryimage"},"thumbnailUrl":"https:\/\/s680111133.onlinehome.fr\/professionnel\/wp-content\/uploads\/2015\/10\/aaaaa-722x1024.jpg","datePublished":"2015-10-20T12:32:43+00:00","dateModified":"2022-10-27T12:39:48+00:00","breadcrumb":{"@id":"https:\/\/freon-elagage.com\/professionnel\/vente-de-copeaux\/#breadcrumb"},"inLanguage":"fr-FR","potentialAction":[{"@type":"ReadAction","target":["https:\/\/freon-elagage.com\/professionnel\/vente-de-copeaux\/"]}]},{"@type":"ImageObject","inLanguage":"fr-FR","@id":"https:\/\/freon-elagage.com\/professionnel\/vente-de-copeaux\/#primaryimage","url":"https:\/\/s680111133.onlinehome.fr\/professionnel\/wp-content\/uploads\/2015\/10\/aaaaa-722x1024.jpg","contentUrl":"https:\/\/s680111133.onlinehome.fr\/professionnel\/wp-content\/uploads\/2015\/10\/aaaaa-722x1024.jpg"},{"@type":"BreadcrumbList","@id":"https:\/\/freon-elagage.com\/professionnel\/vente-de-copeaux\/#breadcrumb","itemListElement":[{"@type":"ListItem","position":1,"name":"Accueil","item":"https:\/\/freon-elagage.com\/professionnel\/"},{"@type":"ListItem","position":2,"name":"Plaquettes foresti\u00e8res"}]},{"@type":"WebSite","@id":"https:\/\/freon-elagage.com\/professionnel\/#website","url":"https:\/\/freon-elagage.com\/professionnel\/","name":"JEAN FREON ELAGAGE","description":"Elagage pour professionnels et particuliers","potentialAction":[{"@type":"SearchAction","target":{"@type":"EntryPoint","urlTemplate":"https:\/\/freon-elagage.com\/professionnel\/?s={search_term_string}"},"query-input":"required name=search_term_string"}],"inLanguage":"fr-FR"}]}},"_links":{"self":[{"href":"https:\/\/freon-elagage.com\/professionnel\/wp-json\/wp\/v2\/pages\/11231"}],"collection":[{"href":"https:\/\/freon-elagage.com\/professionnel\/wp-json\/wp\/v2\/pages"}],"about":[{"href":"https:\/\/freon-elagage.com\/professionnel\/wp-json\/wp\/v2\/types\/page"}],"author":[{"embeddable":true,"href":"https:\/\/freon-elagage.com\/professionnel\/wp-json\/wp\/v2\/users\/1"}],"replies":[{"embeddable":true,"href":"https:\/\/freon-elagage.com\/professionnel\/wp-json\/wp\/v2\/comments?post=11231"}],"version-history":[{"count":21,"href":"https:\/\/freon-elagage.com\/professionnel\/wp-json\/wp\/v2\/pages\/11231\/revisions"}],"predecessor-version":[{"id":14413,"href":"https:\/\/freon-elagage.com\/professionnel\/wp-json\/wp\/v2\/pages\/11231\/revisions\/14413"}],"wp:attachment":[{"href":"https:\/\/freon-elagage.com\/professionnel\/wp-json\/wp\/v2\/media?parent=11231"}],"curies":[{"name":"wp","href":"https:\/\/api.w.org\/{rel}","templated":true}]}}