{"id":11100,"date":"2015-08-25T09:54:26","date_gmt":"2015-08-25T08:54:26","guid":{"rendered":"\/?page_id=11100"},"modified":"2022-10-27T15:02:33","modified_gmt":"2022-10-27T14:02:33","slug":"nos-clients","status":"publish","type":"page","link":"https:\/\/freon-elagage.com\/professionnel\/nos-clients\/","title":{"rendered":"Nos clients"},"content":{"rendered":"<div class=\"fusion-fullwidth fullwidth-box fusion-builder-row-1 nonhundred-percent-fullwidth non-hundred-percent-height-scrolling\" style=\"--awb-border-radius-top-left:0px;--awb-border-radius-top-right:0px;--awb-border-radius-bottom-right:0px;--awb-border-radius-bottom-left:0px;--awb-flex-wrap:wrap;\" ><div class=\"fusion-builder-row fusion-row\"><div class=\"fusion-layout-column fusion_builder_column fusion-builder-column-0 fusion_builder_column_1_1 1_1 fusion-one-full fusion-column-first fusion-column-last\" style=\"--awb-bg-size:cover;--awb-margin-bottom:0px;\"><div class=\"fusion-column-wrapper fusion-flex-column-wrapper-legacy\"><div class=\"fusion-text fusion-text-1\"><p><span id=\"intro\"><img decoding=\"async\" class=\"alignright size-full wp-image-11101\" src=\"\/wp-content\/uploads\/2015\/08\/visuel.jpg\" alt=\"visuel\" width=\"368\" height=\"462\" srcset=\"https:\/\/freon-elagage.com\/wp-content\/uploads\/2015\/08\/visuel-239x300.jpg 239w, https:\/\/freon-elagage.com\/wp-content\/uploads\/2015\/08\/visuel.jpg 368w\" sizes=\"(max-width: 368px) 100vw, 368px\" \/><\/span><\/p>\n<h1><span id=\"intro\">Nos clients<\/span><\/h1>\n<p><span id=\"intro\">Vous \u00eates <strong>un particulier?<\/strong> <strong>Une entreprise<\/strong>? <strong>Un service public?<\/strong><\/span> Vous avez un arbre dangereux \u00e0 abattre? Une installation \u00e9lectrique \u00e0 s\u00e9curiser? Un parc \u00e0 remettre en \u00e9tat?<\/p>\n<p>Nous r\u00e9pondons \u00e0 votre demande dans les plus brefs d\u00e9lais <strong>sur toute la France<\/strong>. <\/p>\n<p>Du premier contact \u00e0 la mise en \u0153uvre du chantier, vous aurez<strong> <span id=\"intro\">un m\u00eame interlocuteur <\/span><\/strong>qui prend en charge le conseil, le devis, le plan de travail et le suivi du chantier. <\/p>\n<p>Tous les jours, <strong>depuis plus de 50 ans<\/strong>, nous menons \u00e0 bien les missions qui nous sont confi\u00e9es : r\u00e9agir aux risques naturels et pr\u00e9venir les risques futurs, assurer la sant\u00e9 de la nature et la beaut\u00e9 du cadre de vie, garantir la s\u00e9curit\u00e9 des usagers. Pour la satisfaction de tous nos clients, du plus modeste au plus grand, pour Jean Fr\u00e9on chaque chantier doit \u00eatre parfait.<\/p>\n<p>Des renseignements ? Un besoin sp\u00e9cifique ?<strong> Contactez-nous : 02 33 84 14 10<\/strong><\/p>\n<\/div><div class=\"fusion-clearfix\"><\/div><\/div><\/div><\/div><\/div>\n","protected":false},"excerpt":{"rendered":"","protected":false},"author":1,"featured_media":0,"parent":0,"menu_order":0,"comment_status":"closed","ping_status":"closed","template":"","meta":{"footnotes":""},"yoast_head":"<!-- This site is optimized with the Yoast SEO plugin v22.4 - https:\/\/yoast.com\/wordpress\/plugins\/seo\/ -->\n<title>Nos clients - JEAN FREON ELAGAGE<\/title>\n<meta name=\"robots\" content=\"index, follow, max-snippet:-1, max-image-preview:large, max-video-preview:-1\" \/>\n<link rel=\"canonical\" href=\"https:\/\/freon-elagage.com\/professionnel\/nos-clients\/\" \/>\n<meta property=\"og:locale\" content=\"fr_FR\" \/>\n<meta property=\"og:type\" content=\"article\" \/>\n<meta property=\"og:title\" content=\"Nos clients - JEAN FREON ELAGAGE\" \/>\n<meta property=\"og:url\" content=\"https:\/\/freon-elagage.com\/professionnel\/nos-clients\/\" \/>\n<meta property=\"og:site_name\" content=\"JEAN FREON ELAGAGE\" \/>\n<meta property=\"article:publisher\" content=\"https:\/\/www.facebook.com\/jeanfreonelagage\/\" \/>\n<meta property=\"article:modified_time\" content=\"2022-10-27T14:02:33+00:00\" \/>\n<meta name=\"twitter:label1\" content=\"Dur\u00e9e de lecture estim\u00e9e\" \/>\n\t<meta name=\"twitter:data1\" content=\"2 minutes\" \/>\n<script type=\"application\/ld+json\" class=\"yoast-schema-graph\">{\"@context\":\"https:\/\/schema.org\",\"@graph\":[{\"@type\":\"WebPage\",\"@id\":\"https:\/\/freon-elagage.com\/professionnel\/nos-clients\/\",\"url\":\"https:\/\/freon-elagage.com\/professionnel\/nos-clients\/\",\"name\":\"Nos clients - JEAN FREON ELAGAGE\",\"isPartOf\":{\"@id\":\"https:\/\/freon-elagage.com\/professionnel\/#website\"},\"datePublished\":\"2015-08-25T08:54:26+00:00\",\"dateModified\":\"2022-10-27T14:02:33+00:00\",\"breadcrumb\":{\"@id\":\"https:\/\/freon-elagage.com\/professionnel\/nos-clients\/#breadcrumb\"},\"inLanguage\":\"fr-FR\",\"potentialAction\":[{\"@type\":\"ReadAction\",\"target\":[\"https:\/\/freon-elagage.com\/professionnel\/nos-clients\/\"]}]},{\"@type\":\"BreadcrumbList\",\"@id\":\"https:\/\/freon-elagage.com\/professionnel\/nos-clients\/#breadcrumb\",\"itemListElement\":[{\"@type\":\"ListItem\",\"position\":1,\"name\":\"Accueil\",\"item\":\"https:\/\/freon-elagage.com\/professionnel\/\"},{\"@type\":\"ListItem\",\"position\":2,\"name\":\"Nos clients\"}]},{\"@type\":\"WebSite\",\"@id\":\"https:\/\/freon-elagage.com\/professionnel\/#website\",\"url\":\"https:\/\/freon-elagage.com\/professionnel\/\",\"name\":\"JEAN FREON ELAGAGE\",\"description\":\"Elagage pour professionnels et particuliers\",\"potentialAction\":[{\"@type\":\"SearchAction\",\"target\":{\"@type\":\"EntryPoint\",\"urlTemplate\":\"https:\/\/freon-elagage.com\/professionnel\/?s={search_term_string}\"},\"query-input\":\"required name=search_term_string\"}],\"inLanguage\":\"fr-FR\"}]}<\/script>\n<!-- \/ Yoast SEO plugin. -->","yoast_head_json":{"title":"Nos clients - JEAN FREON ELAGAGE","robots":{"index":"index","follow":"follow","max-snippet":"max-snippet:-1","max-image-preview":"max-image-preview:large","max-video-preview":"max-video-preview:-1"},"canonical":"https:\/\/freon-elagage.com\/professionnel\/nos-clients\/","og_locale":"fr_FR","og_type":"article","og_title":"Nos clients - JEAN FREON ELAGAGE","og_url":"https:\/\/freon-elagage.com\/professionnel\/nos-clients\/","og_site_name":"JEAN FREON ELAGAGE","article_publisher":"https:\/\/www.facebook.com\/jeanfreonelagage\/","article_modified_time":"2022-10-27T14:02:33+00:00","twitter_misc":{"Dur\u00e9e de lecture estim\u00e9e":"2 minutes"},"schema":{"@context":"https:\/\/schema.org","@graph":[{"@type":"WebPage","@id":"https:\/\/freon-elagage.com\/professionnel\/nos-clients\/","url":"https:\/\/freon-elagage.com\/professionnel\/nos-clients\/","name":"Nos clients - JEAN FREON ELAGAGE","isPartOf":{"@id":"https:\/\/freon-elagage.com\/professionnel\/#website"},"datePublished":"2015-08-25T08:54:26+00:00","dateModified":"2022-10-27T14:02:33+00:00","breadcrumb":{"@id":"https:\/\/freon-elagage.com\/professionnel\/nos-clients\/#breadcrumb"},"inLanguage":"fr-FR","potentialAction":[{"@type":"ReadAction","target":["https:\/\/freon-elagage.com\/professionnel\/nos-clients\/"]}]},{"@type":"BreadcrumbList","@id":"https:\/\/freon-elagage.com\/professionnel\/nos-clients\/#breadcrumb","itemListElement":[{"@type":"ListItem","position":1,"name":"Accueil","item":"https:\/\/freon-elagage.com\/professionnel\/"},{"@type":"ListItem","position":2,"name":"Nos clients"}]},{"@type":"WebSite","@id":"https:\/\/freon-elagage.com\/professionnel\/#website","url":"https:\/\/freon-elagage.com\/professionnel\/","name":"JEAN FREON ELAGAGE","description":"Elagage pour professionnels et particuliers","potentialAction":[{"@type":"SearchAction","target":{"@type":"EntryPoint","urlTemplate":"https:\/\/freon-elagage.com\/professionnel\/?s={search_term_string}"},"query-input":"required name=search_term_string"}],"inLanguage":"fr-FR"}]}},"_links":{"self":[{"href":"https:\/\/freon-elagage.com\/professionnel\/wp-json\/wp\/v2\/pages\/11100"}],"collection":[{"href":"https:\/\/freon-elagage.com\/professionnel\/wp-json\/wp\/v2\/pages"}],"about":[{"href":"https:\/\/freon-elagage.com\/professionnel\/wp-json\/wp\/v2\/types\/page"}],"author":[{"embeddable":true,"href":"https:\/\/freon-elagage.com\/professionnel\/wp-json\/wp\/v2\/users\/1"}],"replies":[{"embeddable":true,"href":"https:\/\/freon-elagage.com\/professionnel\/wp-json\/wp\/v2\/comments?post=11100"}],"version-history":[{"count":11,"href":"https:\/\/freon-elagage.com\/professionnel\/wp-json\/wp\/v2\/pages\/11100\/revisions"}],"predecessor-version":[{"id":12064,"href":"https:\/\/freon-elagage.com\/professionnel\/wp-json\/wp\/v2\/pages\/11100\/revisions\/12064"}],"wp:attachment":[{"href":"https:\/\/freon-elagage.com\/professionnel\/wp-json\/wp\/v2\/media?parent=11100"}],"curies":[{"name":"wp","href":"https:\/\/api.w.org\/{rel}","templated":true}]}}